{"id":8389,"date":"2026-04-18T12:59:31","date_gmt":"2026-04-18T10:59:31","guid":{"rendered":"https:\/\/ricardterre.com\/?page_id=8389"},"modified":"2026-04-18T13:40:11","modified_gmt":"2026-04-18T11:40:11","slug":"series-2","status":"publish","type":"page","link":"https:\/\/ricardterre.com\/en\/series-2\/","title":{"rendered":"Series"},"content":{"rendered":"<div class=\"wpb-content-wrapper\"><div class=\"vc_row wpb_row vc_row-fluid edgtf-section edgtf-content-aligment-center edgtf-grid-section\" style=\"\"><div class=\"clearfix edgtf-section-inner\"><div class=\"edgtf-section-inner-margin clearfix\"><div class=\"wpb_column vc_column_container vc_col-sm-4\"><div class=\"vc_column-inner\"><div class=\"wpb_wrapper\"><div class=\"edgtf-image-with-text\">\n\t<div class=\"edgtf-iwt-image\">\n\t\t\t\t\t<a class=\"edgtf-iwt-link\" href=\"https:\/\/ricardterre.com\/en\/santa-marta-de-ribarteme\/\" target=\"_self\">\n\t\t\n\t\t\t<img loading=\"lazy\" decoding=\"async\" width=\"676\" height=\"1024\" src=\"https:\/\/ricardterre.com\/wp-content\/uploads\/2026\/02\/007-40A-1-676x1024.jpg\" class=\"attachment-large size-large\" alt=\"\" srcset=\"https:\/\/ricardterre.com\/wp-content\/uploads\/2026\/02\/007-40A-1-676x1024.jpg 676w, https:\/\/ricardterre.com\/wp-content\/uploads\/2026\/02\/007-40A-1-198x300.jpg 198w, https:\/\/ricardterre.com\/wp-content\/uploads\/2026\/02\/007-40A-1-768x1163.jpg 768w, https:\/\/ricardterre.com\/wp-content\/uploads\/2026\/02\/007-40A-1-1015x1536.jpg 1015w, https:\/\/ricardterre.com\/wp-content\/uploads\/2026\/02\/007-40A-1-600x908.jpg 600w, https:\/\/ricardterre.com\/wp-content\/uploads\/2026\/02\/007-40A-1.jpg 1321w\" sizes=\"auto, (max-width: 676px) 100vw, 676px\" \/>\n\t\t\t\t\t<\/a>\n\t\t\t<\/div>\n\t<div class=\"edgtf-iwt-text\">\n\t\t\t\t\t\t\t<h5 class=\"edgtf-iwt-title\" >\n\t\t\t\tSanta Marta de Ribarteme\t\t\t<\/h5>\n\t\t\t\t\t\t\t<\/div>\n<\/div>\n<\/div><\/div><\/div><div class=\"wpb_column vc_column_container vc_col-sm-4\"><div class=\"vc_column-inner\"><div class=\"wpb_wrapper\"><div class=\"edgtf-image-with-text\">\n\t<div class=\"edgtf-iwt-image\">\n\t\t\t\t\t<a class=\"edgtf-iwt-link\" href=\"https:\/\/ricardterre.com\/en\/galicia-adentro\/\" target=\"_self\">\n\t\t\n\t\t\t<img loading=\"lazy\" decoding=\"async\" width=\"677\" height=\"1024\" src=\"https:\/\/ricardterre.com\/wp-content\/uploads\/2026\/02\/AR_37_FO_14-677x1024.jpg\" class=\"attachment-large size-large\" alt=\"\" srcset=\"https:\/\/ricardterre.com\/wp-content\/uploads\/2026\/02\/AR_37_FO_14-677x1024.jpg 677w, https:\/\/ricardterre.com\/wp-content\/uploads\/2026\/02\/AR_37_FO_14-198x300.jpg 198w, https:\/\/ricardterre.com\/wp-content\/uploads\/2026\/02\/AR_37_FO_14-768x1161.jpg 768w, https:\/\/ricardterre.com\/wp-content\/uploads\/2026\/02\/AR_37_FO_14-1016x1536.jpg 1016w, https:\/\/ricardterre.com\/wp-content\/uploads\/2026\/02\/AR_37_FO_14-600x907.jpg 600w, https:\/\/ricardterre.com\/wp-content\/uploads\/2026\/02\/AR_37_FO_14.jpg 1323w\" sizes=\"auto, (max-width: 677px) 100vw, 677px\" \/>\n\t\t\t\t\t<\/a>\n\t\t\t<\/div>\n\t<div class=\"edgtf-iwt-text\">\n\t\t\t\t\t\t\t<h5 class=\"edgtf-iwt-title\" >\n\t\t\t\tGalicia Adentro\t\t\t<\/h5>\n\t\t\t\t\t\t\t<\/div>\n<\/div>\n<\/div><\/div><\/div><div class=\"wpb_column vc_column_container vc_col-sm-4\"><div class=\"vc_column-inner\"><div class=\"wpb_wrapper\"><div class=\"edgtf-image-with-text\">\n\t<div class=\"edgtf-iwt-image\">\n\t\t\t\t\t<a class=\"edgtf-iwt-link\" href=\"https:\/\/ricardterre.com\/en\/exvots\/\" target=\"_self\">\n\t\t\n\t\t\t<img loading=\"lazy\" decoding=\"async\" width=\"687\" height=\"1024\" src=\"https:\/\/ricardterre.com\/wp-content\/uploads\/2026\/02\/AR_315_FO_36-687x1024.jpg\" class=\"attachment-large size-large\" alt=\"\" srcset=\"https:\/\/ricardterre.com\/wp-content\/uploads\/2026\/02\/AR_315_FO_36-687x1024.jpg 687w, https:\/\/ricardterre.com\/wp-content\/uploads\/2026\/02\/AR_315_FO_36-201x300.jpg 201w, https:\/\/ricardterre.com\/wp-content\/uploads\/2026\/02\/AR_315_FO_36-768x1145.jpg 768w, https:\/\/ricardterre.com\/wp-content\/uploads\/2026\/02\/AR_315_FO_36-1030x1536.jpg 1030w, https:\/\/ricardterre.com\/wp-content\/uploads\/2026\/02\/AR_315_FO_36-600x895.jpg 600w, https:\/\/ricardterre.com\/wp-content\/uploads\/2026\/02\/AR_315_FO_36.jpg 1341w\" sizes=\"auto, (max-width: 687px) 100vw, 687px\" \/>\n\t\t\t\t\t<\/a>\n\t\t\t<\/div>\n\t<div class=\"edgtf-iwt-text\">\n\t\t\t\t\t\t\t<h5 class=\"edgtf-iwt-title\" >\n\t\t\t\tEx-votos\t\t\t<\/h5>\n\t\t\t\t\t\t\t<\/div>\n<\/div>\n<\/div><\/div><\/div><div class=\"wpb_column vc_column_container vc_col-sm-12\"><div class=\"vc_column-inner\"><div class=\"wpb_wrapper\"><div class=\"vc_empty_space\"   style=\"height: 32px\"><span class=\"vc_empty_space_inner\"><\/span><\/div><\/div><\/div><\/div><\/div><\/div><\/div><div class=\"vc_row wpb_row vc_row-fluid edgtf-section edgtf-content-aligment-center edgtf-grid-section\" style=\"\"><div class=\"clearfix edgtf-section-inner\"><div class=\"edgtf-section-inner-margin clearfix\"><div class=\"wpb_column vc_column_container vc_col-sm-4\"><div class=\"vc_column-inner\"><div class=\"wpb_wrapper\"><div class=\"edgtf-image-with-text\">\n\t<div class=\"edgtf-iwt-image\">\n\t\t\t\t\t<a class=\"edgtf-iwt-link\" href=\"https:\/\/ricardterre.com\/en\/entroido\/\" target=\"_self\">\n\t\t\n\t\t\t<img loading=\"lazy\" decoding=\"async\" width=\"725\" height=\"1024\" src=\"https:\/\/ricardterre.com\/wp-content\/uploads\/2026\/02\/018-28-1-725x1024.jpg\" class=\"attachment-large size-large\" alt=\"\" srcset=\"https:\/\/ricardterre.com\/wp-content\/uploads\/2026\/02\/018-28-1-725x1024.jpg 725w, https:\/\/ricardterre.com\/wp-content\/uploads\/2026\/02\/018-28-1-212x300.jpg 212w, https:\/\/ricardterre.com\/wp-content\/uploads\/2026\/02\/018-28-1-768x1085.jpg 768w, https:\/\/ricardterre.com\/wp-content\/uploads\/2026\/02\/018-28-1-1087x1536.jpg 1087w, https:\/\/ricardterre.com\/wp-content\/uploads\/2026\/02\/018-28-1-600x847.jpg 600w, https:\/\/ricardterre.com\/wp-content\/uploads\/2026\/02\/018-28-1.jpg 1416w\" sizes=\"auto, (max-width: 725px) 100vw, 725px\" \/>\n\t\t\t\t\t<\/a>\n\t\t\t<\/div>\n\t<div class=\"edgtf-iwt-text\">\n\t\t\t\t\t\t\t<h5 class=\"edgtf-iwt-title\" >\n\t\t\t\tCarnival\t\t\t<\/h5>\n\t\t\t\t\t\t\t<\/div>\n<\/div>\n<\/div><\/div><\/div><div class=\"wpb_column vc_column_container vc_col-sm-4\"><div class=\"vc_column-inner\"><div class=\"wpb_wrapper\"><div class=\"edgtf-image-with-text\">\n\t<div class=\"edgtf-iwt-image\">\n\t\t\t\t\t<a class=\"edgtf-iwt-link\" href=\"https:\/\/ricardterre.com\/en\/ironias\/\" target=\"_self\">\n\t\t\n\t\t\t<img loading=\"lazy\" decoding=\"async\" width=\"769\" height=\"1024\" src=\"https:\/\/ricardterre.com\/wp-content\/uploads\/2026\/02\/34-313-769x1024.jpg\" class=\"attachment-large size-large\" alt=\"\" srcset=\"https:\/\/ricardterre.com\/wp-content\/uploads\/2026\/02\/34-313-769x1024.jpg 769w, https:\/\/ricardterre.com\/wp-content\/uploads\/2026\/02\/34-313-225x300.jpg 225w, https:\/\/ricardterre.com\/wp-content\/uploads\/2026\/02\/34-313-768x1023.jpg 768w, https:\/\/ricardterre.com\/wp-content\/uploads\/2026\/02\/34-313-1154x1536.jpg 1154w, https:\/\/ricardterre.com\/wp-content\/uploads\/2026\/02\/34-313-600x799.jpg 600w, https:\/\/ricardterre.com\/wp-content\/uploads\/2026\/02\/34-313.jpg 1502w\" sizes=\"auto, (max-width: 769px) 100vw, 769px\" \/>\n\t\t\t\t\t<\/a>\n\t\t\t<\/div>\n\t<div class=\"edgtf-iwt-text\">\n\t\t\t\t\t\t\t<h5 class=\"edgtf-iwt-title\" >\n\t\t\t\tIrony\t\t\t<\/h5>\n\t\t\t\t\t\t\t<\/div>\n<\/div>\n<\/div><\/div><\/div><div class=\"wpb_column vc_column_container vc_col-sm-4\"><div class=\"vc_column-inner\"><div class=\"wpb_wrapper\"><div class=\"edgtf-image-with-text\">\n\t<div class=\"edgtf-iwt-image\">\n\t\t\t\t\t<a class=\"edgtf-iwt-link\" href=\"https:\/\/ricardterre.com\/en\/infancia\/\" target=\"_self\">\n\t\t\n\t\t\t<img loading=\"lazy\" decoding=\"async\" width=\"675\" height=\"1024\" src=\"https:\/\/ricardterre.com\/wp-content\/uploads\/2026\/02\/AR_48_FO_11-675x1024.jpg\" class=\"attachment-large size-large\" alt=\"\" srcset=\"https:\/\/ricardterre.com\/wp-content\/uploads\/2026\/02\/AR_48_FO_11-675x1024.jpg 675w, https:\/\/ricardterre.com\/wp-content\/uploads\/2026\/02\/AR_48_FO_11-198x300.jpg 198w, https:\/\/ricardterre.com\/wp-content\/uploads\/2026\/02\/AR_48_FO_11-768x1165.jpg 768w, https:\/\/ricardterre.com\/wp-content\/uploads\/2026\/02\/AR_48_FO_11-1013x1536.jpg 1013w, https:\/\/ricardterre.com\/wp-content\/uploads\/2026\/02\/AR_48_FO_11-600x910.jpg 600w, https:\/\/ricardterre.com\/wp-content\/uploads\/2026\/02\/AR_48_FO_11.jpg 1319w\" sizes=\"auto, (max-width: 675px) 100vw, 675px\" \/>\n\t\t\t\t\t<\/a>\n\t\t\t<\/div>\n\t<div class=\"edgtf-iwt-text\">\n\t\t\t\t\t\t\t<h5 class=\"edgtf-iwt-title\" >\n\t\t\t\tChildhood\t\t\t<\/h5>\n\t\t\t\t\t\t\t<\/div>\n<\/div>\n<\/div><\/div><\/div><div class=\"wpb_column vc_column_container vc_col-sm-12\"><div class=\"vc_column-inner\"><div class=\"wpb_wrapper\"><div class=\"vc_empty_space\"   style=\"height: 32px\"><span class=\"vc_empty_space_inner\"><\/span><\/div><\/div><\/div><\/div><\/div><\/div><\/div><div class=\"vc_row wpb_row vc_row-fluid edgtf-section edgtf-content-aligment-center edgtf-grid-section\" style=\"\"><div class=\"clearfix edgtf-section-inner\"><div class=\"edgtf-section-inner-margin clearfix\"><div class=\"wpb_column vc_column_container vc_col-sm-4\"><div class=\"vc_column-inner\"><div class=\"wpb_wrapper\"><div class=\"edgtf-image-with-text\">\n\t<div class=\"edgtf-iwt-image\">\n\t\t\t\t\t<a class=\"edgtf-iwt-link\" href=\"https:\/\/ricardterre.com\/en\/mort-poetica\/\" target=\"_self\">\n\t\t\n\t\t\t<img loading=\"lazy\" decoding=\"async\" width=\"751\" height=\"1024\" src=\"https:\/\/ricardterre.com\/wp-content\/uploads\/2026\/02\/065_DCHA-751x1024.jpg\" class=\"attachment-large size-large\" alt=\"\" srcset=\"https:\/\/ricardterre.com\/wp-content\/uploads\/2026\/02\/065_DCHA-751x1024.jpg 751w, https:\/\/ricardterre.com\/wp-content\/uploads\/2026\/02\/065_DCHA-220x300.jpg 220w, https:\/\/ricardterre.com\/wp-content\/uploads\/2026\/02\/065_DCHA-768x1047.jpg 768w, https:\/\/ricardterre.com\/wp-content\/uploads\/2026\/02\/065_DCHA-1127x1536.jpg 1127w, https:\/\/ricardterre.com\/wp-content\/uploads\/2026\/02\/065_DCHA-600x818.jpg 600w, https:\/\/ricardterre.com\/wp-content\/uploads\/2026\/02\/065_DCHA.jpg 1467w\" sizes=\"auto, (max-width: 751px) 100vw, 751px\" \/>\n\t\t\t\t\t<\/a>\n\t\t\t<\/div>\n\t<div class=\"edgtf-iwt-text\">\n\t\t\t\t\t\t\t<h5 class=\"edgtf-iwt-title\" >\n\t\t\t\tThe poetic death of small things\t\t\t<\/h5>\n\t\t\t\t\t\t\t<\/div>\n<\/div>\n<\/div><\/div><\/div><div class=\"wpb_column vc_column_container vc_col-sm-4\"><div class=\"vc_column-inner\"><div class=\"wpb_wrapper\"><div class=\"edgtf-image-with-text\">\n\t<div class=\"edgtf-iwt-image\">\n\t\t\t\t\t<a class=\"edgtf-iwt-link\" href=\"https:\/\/ricardterre.com\/en\/imagenes-abandonadas\/\" target=\"_self\">\n\t\t\n\t\t\t<img loading=\"lazy\" decoding=\"async\" width=\"787\" height=\"1024\" src=\"https:\/\/ricardterre.com\/wp-content\/uploads\/2026\/02\/080_DCHA-787x1024.jpg\" class=\"attachment-large size-large\" alt=\"\" srcset=\"https:\/\/ricardterre.com\/wp-content\/uploads\/2026\/02\/080_DCHA-787x1024.jpg 787w, https:\/\/ricardterre.com\/wp-content\/uploads\/2026\/02\/080_DCHA-231x300.jpg 231w, https:\/\/ricardterre.com\/wp-content\/uploads\/2026\/02\/080_DCHA-768x999.jpg 768w, https:\/\/ricardterre.com\/wp-content\/uploads\/2026\/02\/080_DCHA-1181x1536.jpg 1181w, https:\/\/ricardterre.com\/wp-content\/uploads\/2026\/02\/080_DCHA-600x780.jpg 600w, https:\/\/ricardterre.com\/wp-content\/uploads\/2026\/02\/080_DCHA.jpg 1538w\" sizes=\"auto, (max-width: 787px) 100vw, 787px\" \/>\n\t\t\t\t\t<\/a>\n\t\t\t<\/div>\n\t<div class=\"edgtf-iwt-text\">\n\t\t\t\t\t\t\t<h5 class=\"edgtf-iwt-title\" >\n\t\t\t\tAbandoned images\t\t\t<\/h5>\n\t\t\t\t\t\t\t<\/div>\n<\/div>\n<\/div><\/div><\/div><div class=\"wpb_column vc_column_container vc_col-sm-4\"><div class=\"vc_column-inner\"><div class=\"wpb_wrapper\"><div class=\"edgtf-image-with-text\">\n\t<div class=\"edgtf-iwt-image\">\n\t\t\t\t\t<a class=\"edgtf-iwt-link\" href=\"https:\/\/ricardterre.com\/en\/los-ritos-la-muerte\/\" target=\"_self\">\n\t\t\n\t\t\t<img loading=\"lazy\" decoding=\"async\" width=\"758\" height=\"1024\" src=\"https:\/\/ricardterre.com\/wp-content\/uploads\/2026\/02\/013_SOLA-1-758x1024.jpg\" class=\"attachment-large size-large\" alt=\"\" srcset=\"https:\/\/ricardterre.com\/wp-content\/uploads\/2026\/02\/013_SOLA-1-758x1024.jpg 758w, https:\/\/ricardterre.com\/wp-content\/uploads\/2026\/02\/013_SOLA-1-222x300.jpg 222w, https:\/\/ricardterre.com\/wp-content\/uploads\/2026\/02\/013_SOLA-1-768x1037.jpg 768w, https:\/\/ricardterre.com\/wp-content\/uploads\/2026\/02\/013_SOLA-1-1137x1536.jpg 1137w, https:\/\/ricardterre.com\/wp-content\/uploads\/2026\/02\/013_SOLA-1-600x810.jpg 600w, https:\/\/ricardterre.com\/wp-content\/uploads\/2026\/02\/013_SOLA-1.jpg 1481w\" sizes=\"auto, (max-width: 758px) 100vw, 758px\" \/>\n\t\t\t\t\t<\/a>\n\t\t\t<\/div>\n\t<div class=\"edgtf-iwt-text\">\n\t\t\t\t\t\t\t<h5 class=\"edgtf-iwt-title\" >\n\t\t\t\tThe rites, death\t\t\t<\/h5>\n\t\t\t\t\t\t\t<\/div>\n<\/div>\n<\/div><\/div><\/div><div class=\"wpb_column vc_column_container vc_col-sm-12\"><div class=\"vc_column-inner\"><div class=\"wpb_wrapper\"><div class=\"vc_empty_space\"   style=\"height: 32px\"><span class=\"vc_empty_space_inner\"><\/span><\/div><\/div><\/div><\/div><\/div><\/div><\/div><div class=\"vc_row wpb_row vc_row-fluid edgtf-section edgtf-content-aligment-center edgtf-grid-section\" style=\"\"><div class=\"clearfix edgtf-section-inner\"><div class=\"edgtf-section-inner-margin clearfix\"><div class=\"wpb_column vc_column_container vc_col-sm-4\"><div class=\"vc_column-inner\"><div class=\"wpb_wrapper\"><div class=\"edgtf-image-with-text\">\n\t<div class=\"edgtf-iwt-image\">\n\t\t\t\t\t<a class=\"edgtf-iwt-link\" href=\"https:\/\/ricardterre.com\/en\/os-nenos-de-san-francisco\/\" target=\"_self\">\n\t\t\n\t\t\t<img loading=\"lazy\" decoding=\"async\" width=\"763\" height=\"1024\" src=\"https:\/\/ricardterre.com\/wp-content\/uploads\/2026\/02\/051_IZDA-763x1024.jpg\" class=\"attachment-large size-large\" alt=\"\" srcset=\"https:\/\/ricardterre.com\/wp-content\/uploads\/2026\/02\/051_IZDA-763x1024.jpg 763w, https:\/\/ricardterre.com\/wp-content\/uploads\/2026\/02\/051_IZDA-224x300.jpg 224w, https:\/\/ricardterre.com\/wp-content\/uploads\/2026\/02\/051_IZDA-768x1031.jpg 768w, https:\/\/ricardterre.com\/wp-content\/uploads\/2026\/02\/051_IZDA-1144x1536.jpg 1144w, https:\/\/ricardterre.com\/wp-content\/uploads\/2026\/02\/051_IZDA-600x805.jpg 600w, https:\/\/ricardterre.com\/wp-content\/uploads\/2026\/02\/051_IZDA.jpg 1490w\" sizes=\"auto, (max-width: 763px) 100vw, 763px\" \/>\n\t\t\t\t\t<\/a>\n\t\t\t<\/div>\n\t<div class=\"edgtf-iwt-text\">\n\t\t\t\t\t\t\t<h5 class=\"edgtf-iwt-title\" >\n\t\t\t\tThe children of San Francisco\t\t\t<\/h5>\n\t\t\t\t\t\t\t<\/div>\n<\/div>\n<\/div><\/div><\/div><div class=\"wpb_column vc_column_container vc_col-sm-4\"><div class=\"vc_column-inner\"><div class=\"wpb_wrapper\"><div class=\"edgtf-image-with-text\">\n\t<div class=\"edgtf-iwt-image\">\n\t\t\t\t\t<a class=\"edgtf-iwt-link\" href=\"https:\/\/ricardterre.com\/en\/semana-santa-barcelona\/\" target=\"_self\">\n\t\t\n\t\t\t<img loading=\"lazy\" decoding=\"async\" width=\"755\" height=\"1024\" src=\"https:\/\/ricardterre.com\/wp-content\/uploads\/2026\/02\/018_DCHA-755x1024.jpg\" class=\"attachment-large size-large\" alt=\"\" srcset=\"https:\/\/ricardterre.com\/wp-content\/uploads\/2026\/02\/018_DCHA-755x1024.jpg 755w, https:\/\/ricardterre.com\/wp-content\/uploads\/2026\/02\/018_DCHA-221x300.jpg 221w, https:\/\/ricardterre.com\/wp-content\/uploads\/2026\/02\/018_DCHA-768x1042.jpg 768w, https:\/\/ricardterre.com\/wp-content\/uploads\/2026\/02\/018_DCHA-1132x1536.jpg 1132w, https:\/\/ricardterre.com\/wp-content\/uploads\/2026\/02\/018_DCHA-600x814.jpg 600w, https:\/\/ricardterre.com\/wp-content\/uploads\/2026\/02\/018_DCHA.jpg 1474w\" sizes=\"auto, (max-width: 755px) 100vw, 755px\" \/>\n\t\t\t\t\t<\/a>\n\t\t\t<\/div>\n\t<div class=\"edgtf-iwt-text\">\n\t\t\t\t\t\t\t<h5 class=\"edgtf-iwt-title\" >\n\t\t\t\tEaster Week (Barcelona)\t\t\t<\/h5>\n\t\t\t\t\t\t\t<\/div>\n<\/div>\n<\/div><\/div><\/div><div class=\"wpb_column vc_column_container vc_col-sm-4\"><div class=\"vc_column-inner\"><div class=\"wpb_wrapper\"><div class=\"edgtf-image-with-text\">\n\t<div class=\"edgtf-iwt-image\">\n\t\t\t\t\t<a class=\"edgtf-iwt-link\" href=\"https:\/\/ricardterre.com\/en\/viudas-del-mar\/\" target=\"_self\">\n\t\t\n\t\t\t<img loading=\"lazy\" decoding=\"async\" width=\"664\" height=\"1000\" src=\"https:\/\/ricardterre.com\/wp-content\/uploads\/2026\/02\/045-28-3.jpg\" class=\"attachment-large size-large\" alt=\"\" srcset=\"https:\/\/ricardterre.com\/wp-content\/uploads\/2026\/02\/045-28-3.jpg 664w, https:\/\/ricardterre.com\/wp-content\/uploads\/2026\/02\/045-28-3-199x300.jpg 199w, https:\/\/ricardterre.com\/wp-content\/uploads\/2026\/02\/045-28-3-600x904.jpg 600w\" sizes=\"auto, (max-width: 664px) 100vw, 664px\" \/>\n\t\t\t\t\t<\/a>\n\t\t\t<\/div>\n\t<div class=\"edgtf-iwt-text\">\n\t\t\t\t\t\t\t<h5 class=\"edgtf-iwt-title\" >\n\t\t\t\tThe Widows of the Sea\t\t\t<\/h5>\n\t\t\t\t\t\t\t<\/div>\n<\/div>\n<\/div><\/div><\/div><div class=\"wpb_column vc_column_container vc_col-sm-12\"><div class=\"vc_column-inner\"><div class=\"wpb_wrapper\"><div class=\"vc_empty_space\"   style=\"height: 32px\"><span class=\"vc_empty_space_inner\"><\/span><\/div><\/div><\/div><\/div><\/div><\/div><\/div><div class=\"vc_row wpb_row vc_row-fluid edgtf-section edgtf-content-aligment-center edgtf-grid-section\" style=\"\"><div class=\"clearfix edgtf-section-inner\"><div class=\"edgtf-section-inner-margin clearfix\"><div class=\"wpb_column vc_column_container vc_col-sm-4\"><div class=\"vc_column-inner\"><div class=\"wpb_wrapper\"><div class=\"edgtf-image-with-text\">\n\t<div class=\"edgtf-iwt-image\">\n\t\t\t\t\t<a class=\"edgtf-iwt-link\" href=\"https:\/\/ricardterre.com\/en\/semana-santa-portugal\/\" target=\"_self\">\n\t\t\n\t\t\t<img loading=\"lazy\" decoding=\"async\" width=\"764\" height=\"1024\" src=\"https:\/\/ricardterre.com\/wp-content\/uploads\/2026\/02\/271-32A-1-764x1024.jpg\" class=\"attachment-large size-large\" alt=\"\" srcset=\"https:\/\/ricardterre.com\/wp-content\/uploads\/2026\/02\/271-32A-1-764x1024.jpg 764w, https:\/\/ricardterre.com\/wp-content\/uploads\/2026\/02\/271-32A-1-224x300.jpg 224w, https:\/\/ricardterre.com\/wp-content\/uploads\/2026\/02\/271-32A-1-768x1029.jpg 768w, https:\/\/ricardterre.com\/wp-content\/uploads\/2026\/02\/271-32A-1-1146x1536.jpg 1146w, https:\/\/ricardterre.com\/wp-content\/uploads\/2026\/02\/271-32A-1-600x804.jpg 600w, https:\/\/ricardterre.com\/wp-content\/uploads\/2026\/02\/271-32A-1.jpg 1345w\" sizes=\"auto, (max-width: 764px) 100vw, 764px\" \/>\n\t\t\t\t\t<\/a>\n\t\t\t<\/div>\n\t<div class=\"edgtf-iwt-text\">\n\t\t\t\t\t\t\t<h5 class=\"edgtf-iwt-title\" >\n\t\t\t\tEaster Week\t\t\t<\/h5>\n\t\t\t\t\t\t\t<\/div>\n<\/div>\n<\/div><\/div><\/div><div class=\"wpb_column vc_column_container vc_col-sm-4\"><div class=\"vc_column-inner\"><div class=\"wpb_wrapper\"><div class=\"edgtf-image-with-text\">\n\t<div class=\"edgtf-iwt-image\">\n\t\t\t\t\t<a class=\"edgtf-iwt-link\" href=\"https:\/\/ricardterre.com\/en\/la-condicion-humana\/\" target=\"_self\">\n\t\t\n\t\t\t<img loading=\"lazy\" decoding=\"async\" width=\"674\" height=\"1024\" src=\"https:\/\/ricardterre.com\/wp-content\/uploads\/2026\/02\/AR_43_FO_04-674x1024.jpg\" class=\"attachment-large size-large\" alt=\"\" srcset=\"https:\/\/ricardterre.com\/wp-content\/uploads\/2026\/02\/AR_43_FO_04-674x1024.jpg 674w, https:\/\/ricardterre.com\/wp-content\/uploads\/2026\/02\/AR_43_FO_04-198x300.jpg 198w, https:\/\/ricardterre.com\/wp-content\/uploads\/2026\/02\/AR_43_FO_04-768x1166.jpg 768w, https:\/\/ricardterre.com\/wp-content\/uploads\/2026\/02\/AR_43_FO_04-1011x1536.jpg 1011w, https:\/\/ricardterre.com\/wp-content\/uploads\/2026\/02\/AR_43_FO_04-600x911.jpg 600w, https:\/\/ricardterre.com\/wp-content\/uploads\/2026\/02\/AR_43_FO_04.jpg 1317w\" sizes=\"auto, (max-width: 674px) 100vw, 674px\" \/>\n\t\t\t\t\t<\/a>\n\t\t\t<\/div>\n\t<div class=\"edgtf-iwt-text\">\n\t\t\t\t\t\t\t<h5 class=\"edgtf-iwt-title\" >\n\t\t\t\tThe Human Condition\t\t\t<\/h5>\n\t\t\t\t\t\t\t<\/div>\n<\/div>\n<\/div><\/div><\/div><div class=\"wpb_column vc_column_container vc_col-sm-4\"><div class=\"vc_column-inner\"><div class=\"wpb_wrapper\"><div class=\"edgtf-image-with-text\">\n\t<div class=\"edgtf-iwt-image\">\n\t\t\t\t\t<a class=\"edgtf-iwt-link\" href=\"https:\/\/ricardterre.com\/en\/abstracciones\/\" target=\"_self\">\n\t\t\n\t\t\t<img loading=\"lazy\" decoding=\"async\" width=\"691\" height=\"1024\" src=\"https:\/\/ricardterre.com\/wp-content\/uploads\/2026\/02\/AR_184_FO_10-691x1024.jpg\" class=\"attachment-large size-large\" alt=\"\" srcset=\"https:\/\/ricardterre.com\/wp-content\/uploads\/2026\/02\/AR_184_FO_10-691x1024.jpg 691w, https:\/\/ricardterre.com\/wp-content\/uploads\/2026\/02\/AR_184_FO_10-203x300.jpg 203w, https:\/\/ricardterre.com\/wp-content\/uploads\/2026\/02\/AR_184_FO_10-768x1138.jpg 768w, https:\/\/ricardterre.com\/wp-content\/uploads\/2026\/02\/AR_184_FO_10-1037x1536.jpg 1037w, https:\/\/ricardterre.com\/wp-content\/uploads\/2026\/02\/AR_184_FO_10-600x889.jpg 600w, https:\/\/ricardterre.com\/wp-content\/uploads\/2026\/02\/AR_184_FO_10.jpg 1350w\" sizes=\"auto, (max-width: 691px) 100vw, 691px\" \/>\n\t\t\t\t\t<\/a>\n\t\t\t<\/div>\n\t<div class=\"edgtf-iwt-text\">\n\t\t\t\t\t\t\t<h5 class=\"edgtf-iwt-title\" >\n\t\t\t\tAbstracts\t\t\t<\/h5>\n\t\t\t\t\t\t\t<\/div>\n<\/div>\n<\/div><\/div><\/div><\/div><\/div><\/div><div class=\"vc_row wpb_row vc_row-fluid edgtf-section edgtf-content-aligment-left\" style=\"\"><div class=\"clearfix edgtf-full-section-inner\"><div class=\"wpb_column vc_column_container vc_col-sm-12\"><div class=\"vc_column-inner\"><div class=\"wpb_wrapper\"><div class=\"vc_empty_space\"   style=\"height: 32px\"><span class=\"vc_empty_space_inner\"><\/span><\/div><\/div><\/div><\/div><\/div><\/div>\n<\/div>","protected":false},"excerpt":{"rendered":"Santa Marta de Ribarteme Galicia Adentro Exvots Entroido Iron\u00edas Infancia Mort po\u00e8tica de les coses petites Im\u00e1genes abandonadas Los ritos, la muerte Os nenos de San Francisco Semana Santa (Barcelona) Las viudas del mar Semana Santa (Portugal) La Condici\u00f3n Humana Abstracciones","protected":false},"author":1,"featured_media":0,"parent":0,"menu_order":0,"comment_status":"closed","ping_status":"closed","template":"full-width.php","meta":{"ngg_post_thumbnail":0,"footnotes":""},"class_list":["post-8389","page","type-page","status-publish","hentry"],"_links":{"self":[{"href":"https:\/\/ricardterre.com\/en\/wp-json\/wp\/v2\/pages\/8389","targetHints":{"allow":["GET"]}}],"collection":[{"href":"https:\/\/ricardterre.com\/en\/wp-json\/wp\/v2\/pages"}],"about":[{"href":"https:\/\/ricardterre.com\/en\/wp-json\/wp\/v2\/types\/page"}],"author":[{"embeddable":true,"href":"https:\/\/ricardterre.com\/en\/wp-json\/wp\/v2\/users\/1"}],"replies":[{"embeddable":true,"href":"https:\/\/ricardterre.com\/en\/wp-json\/wp\/v2\/comments?post=8389"}],"version-history":[{"count":25,"href":"https:\/\/ricardterre.com\/en\/wp-json\/wp\/v2\/pages\/8389\/revisions"}],"predecessor-version":[{"id":8480,"href":"https:\/\/ricardterre.com\/en\/wp-json\/wp\/v2\/pages\/8389\/revisions\/8480"}],"wp:attachment":[{"href":"https:\/\/ricardterre.com\/en\/wp-json\/wp\/v2\/media?parent=8389"}],"curies":[{"name":"wp","href":"https:\/\/api.w.org\/{rel}","templated":true}]}}