{"id":8349,"date":"2026-04-18T11:54:03","date_gmt":"2026-04-18T09:54:03","guid":{"rendered":"https:\/\/ricardterre.com\/?page_id=8349"},"modified":"2026-04-18T12:49:15","modified_gmt":"2026-04-18T10:49:15","slug":"entroido","status":"publish","type":"page","link":"https:\/\/ricardterre.com\/en\/entroido\/","title":{"rendered":"Carnival"},"content":{"rendered":"<div class=\"wpb-content-wrapper\"><div class=\"vc_row wpb_row vc_row-fluid edgtf-section vc_custom_1771608722087 edgtf-content-aligment-right\" style=\"\"><div class=\"clearfix edgtf-full-section-inner\"><div class=\"wpb_column vc_column_container vc_col-sm-9\"><div class=\"vc_column-inner\"><div class=\"wpb_wrapper\"><div class=\"edgtf-image-gallery\">\n\t<div class=\"edgtf-image-gallery-grid clearfix edgtf-gallery-with-space edgtf-gallery-columns-2\">\n\t\t\t\t\t<div class=\"edgtf-gallery-image\">\n\t\t\t\t\t\t\t\t\t<a href=\"https:\/\/ricardterre.com\/wp-content\/uploads\/2026\/02\/018-28.jpg\" data-rel=\"lightbox-image-cHJldHR5UGhvdG9bc2luZ2xlX3ByZXR0eV9waG90b10=\" data-rl_title=\"\" data-rl_caption=\"\" title=\"\">\n\t\t\t\t\t\t\t\t\t\t<div class=\"edgtf-ig-image-holder\">\n\t\t\t\t\t\t\t\t\t\t\t\t\t<img loading=\"lazy\" decoding=\"async\" width=\"725\" height=\"1024\" src=\"https:\/\/ricardterre.com\/wp-content\/uploads\/2026\/02\/018-28-725x1024.jpg\" class=\"attachment-large size-large\" alt=\"\" srcset=\"https:\/\/ricardterre.com\/wp-content\/uploads\/2026\/02\/018-28-725x1024.jpg 725w, https:\/\/ricardterre.com\/wp-content\/uploads\/2026\/02\/018-28-212x300.jpg 212w, https:\/\/ricardterre.com\/wp-content\/uploads\/2026\/02\/018-28-768x1085.jpg 768w, https:\/\/ricardterre.com\/wp-content\/uploads\/2026\/02\/018-28-1087x1536.jpg 1087w, https:\/\/ricardterre.com\/wp-content\/uploads\/2026\/02\/018-28-600x847.jpg 600w, https:\/\/ricardterre.com\/wp-content\/uploads\/2026\/02\/018-28.jpg 1416w\" sizes=\"auto, (max-width: 725px) 100vw, 725px\" \/>\t\t\t\t\t\t\t\t\t\t\t<\/div>\n\t\t\t\t\t\t\t\t\t<\/a>\n\t\t\t\t\t\t\t<\/div>\n\t\t\t\t\t<div class=\"edgtf-gallery-image\">\n\t\t\t\t\t\t\t\t\t<a href=\"https:\/\/ricardterre.com\/wp-content\/uploads\/2026\/02\/086_DCHA.jpg\" data-rel=\"lightbox-image-cHJldHR5UGhvdG9bc2luZ2xlX3ByZXR0eV9waG90b10=\" data-rl_title=\"\" data-rl_caption=\"\" title=\"\">\n\t\t\t\t\t\t\t\t\t\t<div class=\"edgtf-ig-image-holder\">\n\t\t\t\t\t\t\t\t\t\t\t\t\t<img loading=\"lazy\" decoding=\"async\" width=\"746\" height=\"1024\" src=\"https:\/\/ricardterre.com\/wp-content\/uploads\/2026\/02\/086_DCHA-746x1024.jpg\" class=\"attachment-large size-large\" alt=\"\" srcset=\"https:\/\/ricardterre.com\/wp-content\/uploads\/2026\/02\/086_DCHA-746x1024.jpg 746w, https:\/\/ricardterre.com\/wp-content\/uploads\/2026\/02\/086_DCHA-219x300.jpg 219w, https:\/\/ricardterre.com\/wp-content\/uploads\/2026\/02\/086_DCHA-768x1053.jpg 768w, https:\/\/ricardterre.com\/wp-content\/uploads\/2026\/02\/086_DCHA-1120x1536.jpg 1120w, https:\/\/ricardterre.com\/wp-content\/uploads\/2026\/02\/086_DCHA-600x823.jpg 600w, https:\/\/ricardterre.com\/wp-content\/uploads\/2026\/02\/086_DCHA.jpg 1458w\" sizes=\"auto, (max-width: 746px) 100vw, 746px\" \/>\t\t\t\t\t\t\t\t\t\t\t<\/div>\n\t\t\t\t\t\t\t\t\t<\/a>\n\t\t\t\t\t\t\t<\/div>\n\t\t\t\t\t<div class=\"edgtf-gallery-image\">\n\t\t\t\t\t\t\t\t\t<a href=\"https:\/\/ricardterre.com\/wp-content\/uploads\/2026\/02\/090_DCHA.jpg\" data-rel=\"lightbox-image-cHJldHR5UGhvdG9bc2luZ2xlX3ByZXR0eV9waG90b10=\" data-rl_title=\"\" data-rl_caption=\"\" title=\"\">\n\t\t\t\t\t\t\t\t\t\t<div class=\"edgtf-ig-image-holder\">\n\t\t\t\t\t\t\t\t\t\t\t\t\t<img loading=\"lazy\" decoding=\"async\" width=\"786\" height=\"1024\" src=\"https:\/\/ricardterre.com\/wp-content\/uploads\/2026\/02\/090_DCHA-786x1024.jpg\" class=\"attachment-large size-large\" alt=\"\" srcset=\"https:\/\/ricardterre.com\/wp-content\/uploads\/2026\/02\/090_DCHA-786x1024.jpg 786w, https:\/\/ricardterre.com\/wp-content\/uploads\/2026\/02\/090_DCHA-230x300.jpg 230w, https:\/\/ricardterre.com\/wp-content\/uploads\/2026\/02\/090_DCHA-768x1000.jpg 768w, https:\/\/ricardterre.com\/wp-content\/uploads\/2026\/02\/090_DCHA-1180x1536.jpg 1180w, https:\/\/ricardterre.com\/wp-content\/uploads\/2026\/02\/090_DCHA-600x781.jpg 600w, https:\/\/ricardterre.com\/wp-content\/uploads\/2026\/02\/090_DCHA.jpg 1536w\" sizes=\"auto, (max-width: 786px) 100vw, 786px\" \/>\t\t\t\t\t\t\t\t\t\t\t<\/div>\n\t\t\t\t\t\t\t\t\t<\/a>\n\t\t\t\t\t\t\t<\/div>\n\t\t\t\t\t<div class=\"edgtf-gallery-image\">\n\t\t\t\t\t\t\t\t\t<a href=\"https:\/\/ricardterre.com\/wp-content\/uploads\/2026\/02\/336-13A_.jpg\" data-rel=\"lightbox-image-cHJldHR5UGhvdG9bc2luZ2xlX3ByZXR0eV9waG90b10=\" data-rl_title=\"\" data-rl_caption=\"\" title=\"\">\n\t\t\t\t\t\t\t\t\t\t<div class=\"edgtf-ig-image-holder\">\n\t\t\t\t\t\t\t\t\t\t\t\t\t<img loading=\"lazy\" decoding=\"async\" width=\"755\" height=\"1024\" src=\"https:\/\/ricardterre.com\/wp-content\/uploads\/2026\/02\/336-13A_-755x1024.jpg\" class=\"attachment-large size-large\" alt=\"\" srcset=\"https:\/\/ricardterre.com\/wp-content\/uploads\/2026\/02\/336-13A_-755x1024.jpg 755w, https:\/\/ricardterre.com\/wp-content\/uploads\/2026\/02\/336-13A_-221x300.jpg 221w, https:\/\/ricardterre.com\/wp-content\/uploads\/2026\/02\/336-13A_-768x1042.jpg 768w, https:\/\/ricardterre.com\/wp-content\/uploads\/2026\/02\/336-13A_-1132x1536.jpg 1132w, https:\/\/ricardterre.com\/wp-content\/uploads\/2026\/02\/336-13A_-600x814.jpg 600w, https:\/\/ricardterre.com\/wp-content\/uploads\/2026\/02\/336-13A_.jpg 1474w\" sizes=\"auto, (max-width: 755px) 100vw, 755px\" \/>\t\t\t\t\t\t\t\t\t\t\t<\/div>\n\t\t\t\t\t\t\t\t\t<\/a>\n\t\t\t\t\t\t\t<\/div>\n\t\t\t\t\t<div class=\"edgtf-gallery-image\">\n\t\t\t\t\t\t\t\t\t<a href=\"https:\/\/ricardterre.com\/wp-content\/uploads\/2026\/02\/AR_17_FO_02.jpg\" data-rel=\"lightbox-image-cHJldHR5UGhvdG9bc2luZ2xlX3ByZXR0eV9waG90b10=\" data-rl_title=\"\" data-rl_caption=\"\" title=\"\">\n\t\t\t\t\t\t\t\t\t\t<div class=\"edgtf-ig-image-holder\">\n\t\t\t\t\t\t\t\t\t\t\t\t\t<img loading=\"lazy\" decoding=\"async\" width=\"680\" height=\"1024\" src=\"https:\/\/ricardterre.com\/wp-content\/uploads\/2026\/02\/AR_17_FO_02-680x1024.jpg\" class=\"attachment-large size-large\" alt=\"\" srcset=\"https:\/\/ricardterre.com\/wp-content\/uploads\/2026\/02\/AR_17_FO_02-680x1024.jpg 680w, https:\/\/ricardterre.com\/wp-content\/uploads\/2026\/02\/AR_17_FO_02-199x300.jpg 199w, https:\/\/ricardterre.com\/wp-content\/uploads\/2026\/02\/AR_17_FO_02-768x1157.jpg 768w, https:\/\/ricardterre.com\/wp-content\/uploads\/2026\/02\/AR_17_FO_02-1020x1536.jpg 1020w, https:\/\/ricardterre.com\/wp-content\/uploads\/2026\/02\/AR_17_FO_02-600x904.jpg 600w, https:\/\/ricardterre.com\/wp-content\/uploads\/2026\/02\/AR_17_FO_02.jpg 1328w\" sizes=\"auto, (max-width: 680px) 100vw, 680px\" \/>\t\t\t\t\t\t\t\t\t\t\t<\/div>\n\t\t\t\t\t\t\t\t\t<\/a>\n\t\t\t\t\t\t\t<\/div>\n\t\t\t\t\t<div class=\"edgtf-gallery-image\">\n\t\t\t\t\t\t\t\t\t<a href=\"https:\/\/ricardterre.com\/wp-content\/uploads\/2026\/02\/AR_73_FO_15.jpg\" data-rel=\"lightbox-image-cHJldHR5UGhvdG9bc2luZ2xlX3ByZXR0eV9waG90b10=\" data-rl_title=\"\" data-rl_caption=\"\" title=\"\">\n\t\t\t\t\t\t\t\t\t\t<div class=\"edgtf-ig-image-holder\">\n\t\t\t\t\t\t\t\t\t\t\t\t\t<img loading=\"lazy\" decoding=\"async\" width=\"691\" height=\"1024\" src=\"https:\/\/ricardterre.com\/wp-content\/uploads\/2026\/02\/AR_73_FO_15-691x1024.jpg\" class=\"attachment-large size-large\" alt=\"\" srcset=\"https:\/\/ricardterre.com\/wp-content\/uploads\/2026\/02\/AR_73_FO_15-691x1024.jpg 691w, https:\/\/ricardterre.com\/wp-content\/uploads\/2026\/02\/AR_73_FO_15-203x300.jpg 203w, https:\/\/ricardterre.com\/wp-content\/uploads\/2026\/02\/AR_73_FO_15-768x1138.jpg 768w, https:\/\/ricardterre.com\/wp-content\/uploads\/2026\/02\/AR_73_FO_15-1037x1536.jpg 1037w, https:\/\/ricardterre.com\/wp-content\/uploads\/2026\/02\/AR_73_FO_15-600x889.jpg 600w, https:\/\/ricardterre.com\/wp-content\/uploads\/2026\/02\/AR_73_FO_15.jpg 1350w\" sizes=\"auto, (max-width: 691px) 100vw, 691px\" \/>\t\t\t\t\t\t\t\t\t\t\t<\/div>\n\t\t\t\t\t\t\t\t\t<\/a>\n\t\t\t\t\t\t\t<\/div>\n\t\t\t\t\t<div class=\"edgtf-gallery-image\">\n\t\t\t\t\t\t\t\t\t<a href=\"https:\/\/ricardterre.com\/wp-content\/uploads\/2026\/02\/AR_336_FO_18.jpg\" data-rel=\"lightbox-image-cHJldHR5UGhvdG9bc2luZ2xlX3ByZXR0eV9waG90b10=\" data-rl_title=\"\" data-rl_caption=\"\" title=\"\">\n\t\t\t\t\t\t\t\t\t\t<div class=\"edgtf-ig-image-holder\">\n\t\t\t\t\t\t\t\t\t\t\t\t\t<img loading=\"lazy\" decoding=\"async\" width=\"691\" height=\"1024\" src=\"https:\/\/ricardterre.com\/wp-content\/uploads\/2026\/02\/AR_336_FO_18-691x1024.jpg\" class=\"attachment-large size-large\" alt=\"\" srcset=\"https:\/\/ricardterre.com\/wp-content\/uploads\/2026\/02\/AR_336_FO_18-691x1024.jpg 691w, https:\/\/ricardterre.com\/wp-content\/uploads\/2026\/02\/AR_336_FO_18-203x300.jpg 203w, https:\/\/ricardterre.com\/wp-content\/uploads\/2026\/02\/AR_336_FO_18-768x1138.jpg 768w, https:\/\/ricardterre.com\/wp-content\/uploads\/2026\/02\/AR_336_FO_18-1037x1536.jpg 1037w, https:\/\/ricardterre.com\/wp-content\/uploads\/2026\/02\/AR_336_FO_18-600x889.jpg 600w, https:\/\/ricardterre.com\/wp-content\/uploads\/2026\/02\/AR_336_FO_18.jpg 1350w\" sizes=\"auto, (max-width: 691px) 100vw, 691px\" \/>\t\t\t\t\t\t\t\t\t\t\t<\/div>\n\t\t\t\t\t\t\t\t\t<\/a>\n\t\t\t\t\t\t\t<\/div>\n\t\t\t<\/div>\n<\/div>\n<\/div><\/div><\/div><div class=\"wpb_column vc_column_container vc_col-sm-3\"><div class=\"vc_column-inner\"><div class=\"wpb_wrapper\">\n\t<div class=\"wpb_text_column wpb_content_element vc_custom_1776508169185\" >\n\t\t<div class=\"wpb_wrapper\">\n\t\t\t<h1 class=\"western\" style=\"text-align: left;\">ENTROIDO (1986 \u2013 1995)<\/h1>\n<p>&nbsp;<\/p>\n\n\t\t<\/div>\n\t<\/div>\n\n\t<div class=\"wpb_text_column wpb_content_element vc_custom_1776506070043\" >\n\t\t<div class=\"wpb_wrapper\">\n\t\t\t<p style=\"text-align: left;\"><span lang=\"es-ES\"><i>Carnival <\/i><\/span><span lang=\"es-ES\">(carnaval en gallego) es la palabra que Ricard Terr\u00e9 escogi\u00f3 para titular esta serie que, a diferencia de las otras, est\u00e1 fotografiada exclusivamente en Galicia, principalmente en Vigo. <\/span>Terr\u00e9 nos muestra su fascinaci\u00f3n por las m\u00e1scaras, que trasfiguran a los seres que las portan, que ocultan su identidad para gozar de la libertad. Son fotos llenas de movimiento, en las que el fot\u00f3grafo tambi\u00e9n juega con la m\u00e1scara de su c\u00e1mara para provocar situaciones y miradas en los sujetos.<\/p>\n\n\t\t<\/div>\n\t<\/div>\n<\/div><\/div><\/div><\/div><\/div>\n<\/div>","protected":false},"excerpt":{"rendered":"ENTROIDO (1986 \u2013 1995) &nbsp; Entroido (carnaval en gallego) es la palabra que Ricard Terr\u00e9 escogi\u00f3 para titular esta serie que, a diferencia de las otras, est\u00e1 fotografiada exclusivamente en Galicia, principalmente en Vigo. Terr\u00e9 nos muestra su fascinaci\u00f3n por las m\u00e1scaras, que trasfiguran a...","protected":false},"author":1,"featured_media":0,"parent":0,"menu_order":0,"comment_status":"closed","ping_status":"closed","template":"","meta":{"ngg_post_thumbnail":0,"footnotes":""},"class_list":["post-8349","page","type-page","status-publish","hentry"],"_links":{"self":[{"href":"https:\/\/ricardterre.com\/en\/wp-json\/wp\/v2\/pages\/8349","targetHints":{"allow":["GET"]}}],"collection":[{"href":"https:\/\/ricardterre.com\/en\/wp-json\/wp\/v2\/pages"}],"about":[{"href":"https:\/\/ricardterre.com\/en\/wp-json\/wp\/v2\/types\/page"}],"author":[{"embeddable":true,"href":"https:\/\/ricardterre.com\/en\/wp-json\/wp\/v2\/users\/1"}],"replies":[{"embeddable":true,"href":"https:\/\/ricardterre.com\/en\/wp-json\/wp\/v2\/comments?post=8349"}],"version-history":[{"count":5,"href":"https:\/\/ricardterre.com\/en\/wp-json\/wp\/v2\/pages\/8349\/revisions"}],"predecessor-version":[{"id":8399,"href":"https:\/\/ricardterre.com\/en\/wp-json\/wp\/v2\/pages\/8349\/revisions\/8399"}],"wp:attachment":[{"href":"https:\/\/ricardterre.com\/en\/wp-json\/wp\/v2\/media?parent=8349"}],"curies":[{"name":"wp","href":"https:\/\/api.w.org\/{rel}","templated":true}]}}