{"id":8348,"date":"2026-04-18T11:50:49","date_gmt":"2026-04-18T09:50:49","guid":{"rendered":"https:\/\/ricardterre.com\/?page_id=8348"},"modified":"2026-04-20T12:01:15","modified_gmt":"2026-04-20T10:01:15","slug":"exvots","status":"publish","type":"page","link":"https:\/\/ricardterre.com\/en\/exvots\/","title":{"rendered":"Ex-votos"},"content":{"rendered":"<div class=\"wpb-content-wrapper\"><div class=\"vc_row wpb_row vc_row-fluid edgtf-section vc_custom_1771608722087 edgtf-content-aligment-right\" style=\"\"><div class=\"clearfix edgtf-full-section-inner\"><div class=\"wpb_column vc_column_container vc_col-sm-9\"><div class=\"vc_column-inner\"><div class=\"wpb_wrapper\"><div class=\"edgtf-image-gallery\">\n\t<div class=\"edgtf-image-gallery-grid clearfix edgtf-gallery-with-space edgtf-gallery-columns-2\">\n\t\t\t\t\t<div class=\"edgtf-gallery-image\">\n\t\t\t\t\t\t\t\t\t<a href=\"https:\/\/ricardterre.com\/wp-content\/uploads\/2026\/02\/G_16_FO_06.jpg\" data-rel=\"lightbox-image-cHJldHR5UGhvdG9bc2luZ2xlX3ByZXR0eV9waG90b10=\" data-rl_title=\"\" data-rl_caption=\"\" title=\"\">\n\t\t\t\t\t\t\t\t\t\t<div class=\"edgtf-ig-image-holder\">\n\t\t\t\t\t\t\t\t\t\t\t\t\t<img loading=\"lazy\" decoding=\"async\" width=\"1024\" height=\"1009\" src=\"https:\/\/ricardterre.com\/wp-content\/uploads\/2026\/02\/G_16_FO_06-1024x1009.jpg\" class=\"attachment-large size-large\" alt=\"\" srcset=\"https:\/\/ricardterre.com\/wp-content\/uploads\/2026\/02\/G_16_FO_06-1024x1009.jpg 1024w, https:\/\/ricardterre.com\/wp-content\/uploads\/2026\/02\/G_16_FO_06-300x296.jpg 300w, https:\/\/ricardterre.com\/wp-content\/uploads\/2026\/02\/G_16_FO_06-768x757.jpg 768w, https:\/\/ricardterre.com\/wp-content\/uploads\/2026\/02\/G_16_FO_06-1536x1514.jpg 1536w, https:\/\/ricardterre.com\/wp-content\/uploads\/2026\/02\/G_16_FO_06-600x591.jpg 600w, https:\/\/ricardterre.com\/wp-content\/uploads\/2026\/02\/G_16_FO_06-100x100.jpg 100w\" sizes=\"auto, (max-width: 1024px) 100vw, 1024px\" \/>\t\t\t\t\t\t\t\t\t\t\t<\/div>\n\t\t\t\t\t\t\t\t\t<\/a>\n\t\t\t\t\t\t\t<\/div>\n\t\t\t\t\t<div class=\"edgtf-gallery-image\">\n\t\t\t\t\t\t\t\t\t<a href=\"https:\/\/ricardterre.com\/wp-content\/uploads\/2026\/02\/G_10_FO_16.jpg\" data-rel=\"lightbox-image-cHJldHR5UGhvdG9bc2luZ2xlX3ByZXR0eV9waG90b10=\" data-rl_title=\"\" data-rl_caption=\"\" title=\"\">\n\t\t\t\t\t\t\t\t\t\t<div class=\"edgtf-ig-image-holder\">\n\t\t\t\t\t\t\t\t\t\t\t\t\t<img loading=\"lazy\" decoding=\"async\" width=\"1024\" height=\"1010\" src=\"https:\/\/ricardterre.com\/wp-content\/uploads\/2026\/02\/G_10_FO_16-1024x1010.jpg\" class=\"attachment-large size-large\" alt=\"\" srcset=\"https:\/\/ricardterre.com\/wp-content\/uploads\/2026\/02\/G_10_FO_16-1024x1010.jpg 1024w, https:\/\/ricardterre.com\/wp-content\/uploads\/2026\/02\/G_10_FO_16-300x296.jpg 300w, https:\/\/ricardterre.com\/wp-content\/uploads\/2026\/02\/G_10_FO_16-768x757.jpg 768w, https:\/\/ricardterre.com\/wp-content\/uploads\/2026\/02\/G_10_FO_16-1536x1514.jpg 1536w, https:\/\/ricardterre.com\/wp-content\/uploads\/2026\/02\/G_10_FO_16-600x592.jpg 600w, https:\/\/ricardterre.com\/wp-content\/uploads\/2026\/02\/G_10_FO_16-100x100.jpg 100w\" sizes=\"auto, (max-width: 1024px) 100vw, 1024px\" \/>\t\t\t\t\t\t\t\t\t\t\t<\/div>\n\t\t\t\t\t\t\t\t\t<\/a>\n\t\t\t\t\t\t\t<\/div>\n\t\t\t\t\t<div class=\"edgtf-gallery-image\">\n\t\t\t\t\t\t\t\t\t<a href=\"https:\/\/ricardterre.com\/wp-content\/uploads\/2026\/02\/AR_356_FO_06.jpg\" data-rel=\"lightbox-image-cHJldHR5UGhvdG9bc2luZ2xlX3ByZXR0eV9waG90b10=\" data-rl_title=\"\" data-rl_caption=\"\" title=\"\">\n\t\t\t\t\t\t\t\t\t\t<div class=\"edgtf-ig-image-holder\">\n\t\t\t\t\t\t\t\t\t\t\t\t\t<img loading=\"lazy\" decoding=\"async\" width=\"687\" height=\"1024\" src=\"https:\/\/ricardterre.com\/wp-content\/uploads\/2026\/02\/AR_356_FO_06-687x1024.jpg\" class=\"attachment-large size-large\" alt=\"\" srcset=\"https:\/\/ricardterre.com\/wp-content\/uploads\/2026\/02\/AR_356_FO_06-687x1024.jpg 687w, https:\/\/ricardterre.com\/wp-content\/uploads\/2026\/02\/AR_356_FO_06-201x300.jpg 201w, https:\/\/ricardterre.com\/wp-content\/uploads\/2026\/02\/AR_356_FO_06-768x1145.jpg 768w, https:\/\/ricardterre.com\/wp-content\/uploads\/2026\/02\/AR_356_FO_06-1030x1536.jpg 1030w, https:\/\/ricardterre.com\/wp-content\/uploads\/2026\/02\/AR_356_FO_06-600x895.jpg 600w, https:\/\/ricardterre.com\/wp-content\/uploads\/2026\/02\/AR_356_FO_06.jpg 1341w\" sizes=\"auto, (max-width: 687px) 100vw, 687px\" \/>\t\t\t\t\t\t\t\t\t\t\t<\/div>\n\t\t\t\t\t\t\t\t\t<\/a>\n\t\t\t\t\t\t\t<\/div>\n\t\t\t\t\t<div class=\"edgtf-gallery-image\">\n\t\t\t\t\t\t\t\t\t<a href=\"https:\/\/ricardterre.com\/wp-content\/uploads\/2026\/02\/AR_315_FO_36.jpg\" data-rel=\"lightbox-image-cHJldHR5UGhvdG9bc2luZ2xlX3ByZXR0eV9waG90b10=\" data-rl_title=\"\" data-rl_caption=\"\" title=\"\">\n\t\t\t\t\t\t\t\t\t\t<div class=\"edgtf-ig-image-holder\">\n\t\t\t\t\t\t\t\t\t\t\t\t\t<img loading=\"lazy\" decoding=\"async\" width=\"687\" height=\"1024\" src=\"https:\/\/ricardterre.com\/wp-content\/uploads\/2026\/02\/AR_315_FO_36-687x1024.jpg\" class=\"attachment-large size-large\" alt=\"\" srcset=\"https:\/\/ricardterre.com\/wp-content\/uploads\/2026\/02\/AR_315_FO_36-687x1024.jpg 687w, https:\/\/ricardterre.com\/wp-content\/uploads\/2026\/02\/AR_315_FO_36-201x300.jpg 201w, https:\/\/ricardterre.com\/wp-content\/uploads\/2026\/02\/AR_315_FO_36-768x1145.jpg 768w, https:\/\/ricardterre.com\/wp-content\/uploads\/2026\/02\/AR_315_FO_36-1030x1536.jpg 1030w, https:\/\/ricardterre.com\/wp-content\/uploads\/2026\/02\/AR_315_FO_36-600x895.jpg 600w, https:\/\/ricardterre.com\/wp-content\/uploads\/2026\/02\/AR_315_FO_36.jpg 1341w\" sizes=\"auto, (max-width: 687px) 100vw, 687px\" \/>\t\t\t\t\t\t\t\t\t\t\t<\/div>\n\t\t\t\t\t\t\t\t\t<\/a>\n\t\t\t\t\t\t\t<\/div>\n\t\t\t\t\t<div class=\"edgtf-gallery-image\">\n\t\t\t\t\t\t\t\t\t<a href=\"https:\/\/ricardterre.com\/wp-content\/uploads\/2026\/02\/AR_208_FO_24.jpg\" data-rel=\"lightbox-image-cHJldHR5UGhvdG9bc2luZ2xlX3ByZXR0eV9waG90b10=\" data-rl_title=\"\" data-rl_caption=\"\" title=\"\">\n\t\t\t\t\t\t\t\t\t\t<div class=\"edgtf-ig-image-holder\">\n\t\t\t\t\t\t\t\t\t\t\t\t\t<img loading=\"lazy\" decoding=\"async\" width=\"1024\" height=\"694\" src=\"https:\/\/ricardterre.com\/wp-content\/uploads\/2026\/02\/AR_208_FO_24-1024x694.jpg\" class=\"attachment-large size-large\" alt=\"\" srcset=\"https:\/\/ricardterre.com\/wp-content\/uploads\/2026\/02\/AR_208_FO_24-1024x694.jpg 1024w, https:\/\/ricardterre.com\/wp-content\/uploads\/2026\/02\/AR_208_FO_24-300x203.jpg 300w, https:\/\/ricardterre.com\/wp-content\/uploads\/2026\/02\/AR_208_FO_24-768x520.jpg 768w, https:\/\/ricardterre.com\/wp-content\/uploads\/2026\/02\/AR_208_FO_24-1536x1041.jpg 1536w, https:\/\/ricardterre.com\/wp-content\/uploads\/2026\/02\/AR_208_FO_24-600x407.jpg 600w\" sizes=\"auto, (max-width: 1024px) 100vw, 1024px\" \/>\t\t\t\t\t\t\t\t\t\t\t<\/div>\n\t\t\t\t\t\t\t\t\t<\/a>\n\t\t\t\t\t\t\t<\/div>\n\t\t\t\t\t<div class=\"edgtf-gallery-image\">\n\t\t\t\t\t\t\t\t\t<a href=\"https:\/\/ricardterre.com\/wp-content\/uploads\/2026\/02\/184-12.jpg\" data-rel=\"lightbox-image-cHJldHR5UGhvdG9bc2luZ2xlX3ByZXR0eV9waG90b10=\" data-rl_title=\"\" data-rl_caption=\"\" title=\"\">\n\t\t\t\t\t\t\t\t\t\t<div class=\"edgtf-ig-image-holder\">\n\t\t\t\t\t\t\t\t\t\t\t\t\t<img loading=\"lazy\" decoding=\"async\" width=\"698\" height=\"1024\" src=\"https:\/\/ricardterre.com\/wp-content\/uploads\/2026\/02\/184-12-698x1024.jpg\" class=\"attachment-large size-large\" alt=\"\" srcset=\"https:\/\/ricardterre.com\/wp-content\/uploads\/2026\/02\/184-12-698x1024.jpg 698w, https:\/\/ricardterre.com\/wp-content\/uploads\/2026\/02\/184-12-204x300.jpg 204w, https:\/\/ricardterre.com\/wp-content\/uploads\/2026\/02\/184-12-768x1127.jpg 768w, https:\/\/ricardterre.com\/wp-content\/uploads\/2026\/02\/184-12-1047x1536.jpg 1047w, https:\/\/ricardterre.com\/wp-content\/uploads\/2026\/02\/184-12-600x880.jpg 600w, https:\/\/ricardterre.com\/wp-content\/uploads\/2026\/02\/184-12.jpg 1363w\" sizes=\"auto, (max-width: 698px) 100vw, 698px\" \/>\t\t\t\t\t\t\t\t\t\t\t<\/div>\n\t\t\t\t\t\t\t\t\t<\/a>\n\t\t\t\t\t\t\t<\/div>\n\t\t\t\t\t<div class=\"edgtf-gallery-image\">\n\t\t\t\t\t\t\t\t\t<a href=\"https:\/\/ricardterre.com\/wp-content\/uploads\/2026\/02\/061_DCHA.jpg\" data-rel=\"lightbox-image-cHJldHR5UGhvdG9bc2luZ2xlX3ByZXR0eV9waG90b10=\" data-rl_title=\"\" data-rl_caption=\"\" title=\"\">\n\t\t\t\t\t\t\t\t\t\t<div class=\"edgtf-ig-image-holder\">\n\t\t\t\t\t\t\t\t\t\t\t\t\t<img loading=\"lazy\" decoding=\"async\" width=\"763\" height=\"1024\" src=\"https:\/\/ricardterre.com\/wp-content\/uploads\/2026\/02\/061_DCHA-763x1024.jpg\" class=\"attachment-large size-large\" alt=\"\" srcset=\"https:\/\/ricardterre.com\/wp-content\/uploads\/2026\/02\/061_DCHA-763x1024.jpg 763w, https:\/\/ricardterre.com\/wp-content\/uploads\/2026\/02\/061_DCHA-224x300.jpg 224w, https:\/\/ricardterre.com\/wp-content\/uploads\/2026\/02\/061_DCHA-768x1030.jpg 768w, https:\/\/ricardterre.com\/wp-content\/uploads\/2026\/02\/061_DCHA-1145x1536.jpg 1145w, https:\/\/ricardterre.com\/wp-content\/uploads\/2026\/02\/061_DCHA-600x805.jpg 600w, https:\/\/ricardterre.com\/wp-content\/uploads\/2026\/02\/061_DCHA.jpg 1491w\" sizes=\"auto, (max-width: 763px) 100vw, 763px\" \/>\t\t\t\t\t\t\t\t\t\t\t<\/div>\n\t\t\t\t\t\t\t\t\t<\/a>\n\t\t\t\t\t\t\t<\/div>\n\t\t\t\t\t<div class=\"edgtf-gallery-image\">\n\t\t\t\t\t\t\t\t\t<a href=\"https:\/\/ricardterre.com\/wp-content\/uploads\/2026\/02\/5_337.jpg\" data-rel=\"lightbox-image-cHJldHR5UGhvdG9bc2luZ2xlX3ByZXR0eV9waG90b10=\" data-rl_title=\"\" data-rl_caption=\"\" title=\"\">\n\t\t\t\t\t\t\t\t\t\t<div class=\"edgtf-ig-image-holder\">\n\t\t\t\t\t\t\t\t\t\t\t\t\t<img loading=\"lazy\" decoding=\"async\" width=\"1020\" height=\"1024\" src=\"https:\/\/ricardterre.com\/wp-content\/uploads\/2026\/02\/5_337-1020x1024.jpg\" class=\"attachment-large size-large\" alt=\"\" srcset=\"https:\/\/ricardterre.com\/wp-content\/uploads\/2026\/02\/5_337-1020x1024.jpg 1020w, https:\/\/ricardterre.com\/wp-content\/uploads\/2026\/02\/5_337-300x300.jpg 300w, https:\/\/ricardterre.com\/wp-content\/uploads\/2026\/02\/5_337-150x150.jpg 150w, https:\/\/ricardterre.com\/wp-content\/uploads\/2026\/02\/5_337-768x771.jpg 768w, https:\/\/ricardterre.com\/wp-content\/uploads\/2026\/02\/5_337-1530x1536.jpg 1530w, https:\/\/ricardterre.com\/wp-content\/uploads\/2026\/02\/5_337-600x602.jpg 600w, https:\/\/ricardterre.com\/wp-content\/uploads\/2026\/02\/5_337-100x100.jpg 100w\" sizes=\"auto, (max-width: 1020px) 100vw, 1020px\" \/>\t\t\t\t\t\t\t\t\t\t\t<\/div>\n\t\t\t\t\t\t\t\t\t<\/a>\n\t\t\t\t\t\t\t<\/div>\n\t\t\t<\/div>\n<\/div>\n<\/div><\/div><\/div><div class=\"wpb_column vc_column_container vc_col-sm-3\"><div class=\"vc_column-inner\"><div class=\"wpb_wrapper\">\n\t<div class=\"wpb_text_column wpb_content_element vc_custom_1776508178720\" >\n\t\t<div class=\"wpb_wrapper\">\n\t\t\t<h1 class=\"western\" style=\"text-align: left;\">EXVOTS (1955-2004)<\/h1>\n<p>&nbsp;<\/p>\n\n\t\t<\/div>\n\t<\/div>\n\n\t<div class=\"wpb_text_column wpb_content_element vc_custom_1776505908753\" >\n\t\t<div class=\"wpb_wrapper\">\n\t\t\t<p style=\"text-align: left;\">Ricard Terr\u00e9 creaba exvotos en cada toma est\u00e1tica, im\u00e1genes con las que completaba los diferentes reportajes de ritos religiosos. En el a\u00f1o 2004 compuso una serie aut\u00f3noma con fotograf\u00edas de diferentes \u00e9pocas en las que aparecen esos objetos de marcado car\u00e1cter simb\u00f3lico. La serie atraviesa las dos \u00e9pocas fotogr\u00e1ficas (1950\/70 y 1982\/2005) y todos los territorios en los que Terr\u00e9 fotografi\u00f3: Catalu\u00f1a, Galicia y Portugal.<\/p>\n<p style=\"text-align: left;\">&nbsp;<\/p>\n\n\t\t<\/div>\n\t<\/div>\n<\/div><\/div><\/div><\/div><\/div>\n<\/div>","protected":false},"excerpt":{"rendered":"EXVOTS (1955-2004) &nbsp; Ricard Terr\u00e9 creaba exvotos en cada toma est\u00e1tica, im\u00e1genes con las que completaba los diferentes reportajes de ritos religiosos. En el a\u00f1o 2004 compuso una serie aut\u00f3noma con fotograf\u00edas de diferentes \u00e9pocas en las que aparecen esos objetos de marcado car\u00e1cter simb\u00f3lico....","protected":false},"author":1,"featured_media":0,"parent":0,"menu_order":0,"comment_status":"closed","ping_status":"closed","template":"","meta":{"ngg_post_thumbnail":0,"footnotes":""},"class_list":["post-8348","page","type-page","status-publish","hentry"],"_links":{"self":[{"href":"https:\/\/ricardterre.com\/en\/wp-json\/wp\/v2\/pages\/8348","targetHints":{"allow":["GET"]}}],"collection":[{"href":"https:\/\/ricardterre.com\/en\/wp-json\/wp\/v2\/pages"}],"about":[{"href":"https:\/\/ricardterre.com\/en\/wp-json\/wp\/v2\/types\/page"}],"author":[{"embeddable":true,"href":"https:\/\/ricardterre.com\/en\/wp-json\/wp\/v2\/users\/1"}],"replies":[{"embeddable":true,"href":"https:\/\/ricardterre.com\/en\/wp-json\/wp\/v2\/comments?post=8348"}],"version-history":[{"count":8,"href":"https:\/\/ricardterre.com\/en\/wp-json\/wp\/v2\/pages\/8348\/revisions"}],"predecessor-version":[{"id":8485,"href":"https:\/\/ricardterre.com\/en\/wp-json\/wp\/v2\/pages\/8348\/revisions\/8485"}],"wp:attachment":[{"href":"https:\/\/ricardterre.com\/en\/wp-json\/wp\/v2\/media?parent=8348"}],"curies":[{"name":"wp","href":"https:\/\/api.w.org\/{rel}","templated":true}]}}