{"id":8338,"date":"2026-04-18T11:41:26","date_gmt":"2026-04-18T09:41:26","guid":{"rendered":"https:\/\/ricardterre.com\/?page_id=8338"},"modified":"2026-04-18T12:49:21","modified_gmt":"2026-04-18T10:49:21","slug":"infancia","status":"publish","type":"page","link":"https:\/\/ricardterre.com\/en\/infancia\/","title":{"rendered":"Childhood"},"content":{"rendered":"<div class=\"wpb-content-wrapper\"><div class=\"vc_row wpb_row vc_row-fluid edgtf-section vc_custom_1771608722087 edgtf-content-aligment-right\" style=\"\"><div class=\"clearfix edgtf-full-section-inner\"><div class=\"wpb_column vc_column_container vc_col-sm-9\"><div class=\"vc_column-inner\"><div class=\"wpb_wrapper\"><div class=\"edgtf-image-gallery\">\n\t<div class=\"edgtf-image-gallery-grid clearfix edgtf-gallery-with-space edgtf-gallery-columns-2\">\n\t\t\t\t\t<div class=\"edgtf-gallery-image\">\n\t\t\t\t\t\t\t\t\t<a href=\"https:\/\/ricardterre.com\/wp-content\/uploads\/2026\/01\/nenos-nenas.png\" data-rel=\"lightbox-image-cHJldHR5UGhvdG9bc2luZ2xlX3ByZXR0eV9waG90b10=\" data-rl_title=\"\" data-rl_caption=\"\" title=\"\">\n\t\t\t\t\t\t\t\t\t\t<div class=\"edgtf-ig-image-holder\">\n\t\t\t\t\t\t\t\t\t\t\t\t\t<img loading=\"lazy\" decoding=\"async\" width=\"1024\" height=\"684\" src=\"https:\/\/ricardterre.com\/wp-content\/uploads\/2026\/01\/nenos-nenas-1024x684.png\" class=\"attachment-large size-large\" alt=\"\" srcset=\"https:\/\/ricardterre.com\/wp-content\/uploads\/2026\/01\/nenos-nenas-1024x684.png 1024w, https:\/\/ricardterre.com\/wp-content\/uploads\/2026\/01\/nenos-nenas-300x200.png 300w, https:\/\/ricardterre.com\/wp-content\/uploads\/2026\/01\/nenos-nenas-768x513.png 768w, https:\/\/ricardterre.com\/wp-content\/uploads\/2026\/01\/nenos-nenas-600x401.png 600w, https:\/\/ricardterre.com\/wp-content\/uploads\/2026\/01\/nenos-nenas.png 1289w\" sizes=\"auto, (max-width: 1024px) 100vw, 1024px\" \/>\t\t\t\t\t\t\t\t\t\t\t<\/div>\n\t\t\t\t\t\t\t\t\t<\/a>\n\t\t\t\t\t\t\t<\/div>\n\t\t\t\t\t<div class=\"edgtf-gallery-image\">\n\t\t\t\t\t\t\t\t\t<a href=\"https:\/\/ricardterre.com\/wp-content\/uploads\/2026\/02\/8-126.jpg\" data-rel=\"lightbox-image-cHJldHR5UGhvdG9bc2luZ2xlX3ByZXR0eV9waG90b10=\" data-rl_title=\"\" data-rl_caption=\"\" title=\"\">\n\t\t\t\t\t\t\t\t\t\t<div class=\"edgtf-ig-image-holder\">\n\t\t\t\t\t\t\t\t\t\t\t\t\t<img loading=\"lazy\" decoding=\"async\" width=\"1017\" height=\"1024\" src=\"https:\/\/ricardterre.com\/wp-content\/uploads\/2026\/02\/8-126-1017x1024.jpg\" class=\"attachment-large size-large\" alt=\"\" srcset=\"https:\/\/ricardterre.com\/wp-content\/uploads\/2026\/02\/8-126-1017x1024.jpg 1017w, https:\/\/ricardterre.com\/wp-content\/uploads\/2026\/02\/8-126-298x300.jpg 298w, https:\/\/ricardterre.com\/wp-content\/uploads\/2026\/02\/8-126-150x150.jpg 150w, https:\/\/ricardterre.com\/wp-content\/uploads\/2026\/02\/8-126-768x773.jpg 768w, https:\/\/ricardterre.com\/wp-content\/uploads\/2026\/02\/8-126-1525x1536.jpg 1525w, https:\/\/ricardterre.com\/wp-content\/uploads\/2026\/02\/8-126-600x604.jpg 600w, https:\/\/ricardterre.com\/wp-content\/uploads\/2026\/02\/8-126-100x100.jpg 100w\" sizes=\"auto, (max-width: 1017px) 100vw, 1017px\" \/>\t\t\t\t\t\t\t\t\t\t\t<\/div>\n\t\t\t\t\t\t\t\t\t<\/a>\n\t\t\t\t\t\t\t<\/div>\n\t\t\t\t\t<div class=\"edgtf-gallery-image\">\n\t\t\t\t\t\t\t\t\t<a href=\"https:\/\/ricardterre.com\/wp-content\/uploads\/2026\/02\/030_DCHA.jpg\" data-rel=\"lightbox-image-cHJldHR5UGhvdG9bc2luZ2xlX3ByZXR0eV9waG90b10=\" data-rl_title=\"\" data-rl_caption=\"\" title=\"\">\n\t\t\t\t\t\t\t\t\t\t<div class=\"edgtf-ig-image-holder\">\n\t\t\t\t\t\t\t\t\t\t\t\t\t<img loading=\"lazy\" decoding=\"async\" width=\"1024\" height=\"751\" src=\"https:\/\/ricardterre.com\/wp-content\/uploads\/2026\/02\/030_DCHA-1024x751.jpg\" class=\"attachment-large size-large\" alt=\"\" srcset=\"https:\/\/ricardterre.com\/wp-content\/uploads\/2026\/02\/030_DCHA-1024x751.jpg 1024w, https:\/\/ricardterre.com\/wp-content\/uploads\/2026\/02\/030_DCHA-300x220.jpg 300w, https:\/\/ricardterre.com\/wp-content\/uploads\/2026\/02\/030_DCHA-768x563.jpg 768w, https:\/\/ricardterre.com\/wp-content\/uploads\/2026\/02\/030_DCHA-1536x1126.jpg 1536w, https:\/\/ricardterre.com\/wp-content\/uploads\/2026\/02\/030_DCHA-600x440.jpg 600w\" sizes=\"auto, (max-width: 1024px) 100vw, 1024px\" \/>\t\t\t\t\t\t\t\t\t\t\t<\/div>\n\t\t\t\t\t\t\t\t\t<\/a>\n\t\t\t\t\t\t\t<\/div>\n\t\t\t\t\t<div class=\"edgtf-gallery-image\">\n\t\t\t\t\t\t\t\t\t<a href=\"https:\/\/ricardterre.com\/wp-content\/uploads\/2026\/02\/032_IZDA.jpg\" data-rel=\"lightbox-image-cHJldHR5UGhvdG9bc2luZ2xlX3ByZXR0eV9waG90b10=\" data-rl_title=\"\" data-rl_caption=\"\" title=\"\">\n\t\t\t\t\t\t\t\t\t\t<div class=\"edgtf-ig-image-holder\">\n\t\t\t\t\t\t\t\t\t\t\t\t\t<img loading=\"lazy\" decoding=\"async\" width=\"1024\" height=\"733\" src=\"https:\/\/ricardterre.com\/wp-content\/uploads\/2026\/02\/032_IZDA-1024x733.jpg\" class=\"attachment-large size-large\" alt=\"\" srcset=\"https:\/\/ricardterre.com\/wp-content\/uploads\/2026\/02\/032_IZDA-1024x733.jpg 1024w, https:\/\/ricardterre.com\/wp-content\/uploads\/2026\/02\/032_IZDA-300x215.jpg 300w, https:\/\/ricardterre.com\/wp-content\/uploads\/2026\/02\/032_IZDA-768x550.jpg 768w, https:\/\/ricardterre.com\/wp-content\/uploads\/2026\/02\/032_IZDA-1536x1100.jpg 1536w, https:\/\/ricardterre.com\/wp-content\/uploads\/2026\/02\/032_IZDA-600x430.jpg 600w\" sizes=\"auto, (max-width: 1024px) 100vw, 1024px\" \/>\t\t\t\t\t\t\t\t\t\t\t<\/div>\n\t\t\t\t\t\t\t\t\t<\/a>\n\t\t\t\t\t\t\t<\/div>\n\t\t\t\t\t<div class=\"edgtf-gallery-image\">\n\t\t\t\t\t\t\t\t\t<a href=\"https:\/\/ricardterre.com\/wp-content\/uploads\/2026\/02\/043-331.jpg\" data-rel=\"lightbox-image-cHJldHR5UGhvdG9bc2luZ2xlX3ByZXR0eV9waG90b10=\" data-rl_title=\"\" data-rl_caption=\"\" title=\"\">\n\t\t\t\t\t\t\t\t\t\t<div class=\"edgtf-ig-image-holder\">\n\t\t\t\t\t\t\t\t\t\t\t\t\t<img loading=\"lazy\" decoding=\"async\" width=\"1024\" height=\"684\" src=\"https:\/\/ricardterre.com\/wp-content\/uploads\/2026\/02\/043-331-1024x684.jpg\" class=\"attachment-large size-large\" alt=\"\" srcset=\"https:\/\/ricardterre.com\/wp-content\/uploads\/2026\/02\/043-331-1024x684.jpg 1024w, https:\/\/ricardterre.com\/wp-content\/uploads\/2026\/02\/043-331-300x200.jpg 300w, https:\/\/ricardterre.com\/wp-content\/uploads\/2026\/02\/043-331-768x513.jpg 768w, https:\/\/ricardterre.com\/wp-content\/uploads\/2026\/02\/043-331-1536x1026.jpg 1536w, https:\/\/ricardterre.com\/wp-content\/uploads\/2026\/02\/043-331-600x401.jpg 600w\" sizes=\"auto, (max-width: 1024px) 100vw, 1024px\" \/>\t\t\t\t\t\t\t\t\t\t\t<\/div>\n\t\t\t\t\t\t\t\t\t<\/a>\n\t\t\t\t\t\t\t<\/div>\n\t\t\t\t\t<div class=\"edgtf-gallery-image\">\n\t\t\t\t\t\t\t\t\t<a href=\"https:\/\/ricardterre.com\/wp-content\/uploads\/2026\/02\/046_IZDA.jpg\" data-rel=\"lightbox-image-cHJldHR5UGhvdG9bc2luZ2xlX3ByZXR0eV9waG90b10=\" data-rl_title=\"\" data-rl_caption=\"\" title=\"\">\n\t\t\t\t\t\t\t\t\t\t<div class=\"edgtf-ig-image-holder\">\n\t\t\t\t\t\t\t\t\t\t\t\t\t<img loading=\"lazy\" decoding=\"async\" width=\"1024\" height=\"759\" src=\"https:\/\/ricardterre.com\/wp-content\/uploads\/2026\/02\/046_IZDA-1024x759.jpg\" class=\"attachment-large size-large\" alt=\"\" srcset=\"https:\/\/ricardterre.com\/wp-content\/uploads\/2026\/02\/046_IZDA-1024x759.jpg 1024w, https:\/\/ricardterre.com\/wp-content\/uploads\/2026\/02\/046_IZDA-300x222.jpg 300w, https:\/\/ricardterre.com\/wp-content\/uploads\/2026\/02\/046_IZDA-768x569.jpg 768w, https:\/\/ricardterre.com\/wp-content\/uploads\/2026\/02\/046_IZDA-1536x1139.jpg 1536w, https:\/\/ricardterre.com\/wp-content\/uploads\/2026\/02\/046_IZDA-600x445.jpg 600w\" sizes=\"auto, (max-width: 1024px) 100vw, 1024px\" \/>\t\t\t\t\t\t\t\t\t\t\t<\/div>\n\t\t\t\t\t\t\t\t\t<\/a>\n\t\t\t\t\t\t\t<\/div>\n\t\t\t\t\t<div class=\"edgtf-gallery-image\">\n\t\t\t\t\t\t\t\t\t<a href=\"https:\/\/ricardterre.com\/wp-content\/uploads\/2026\/02\/049_IZDA.jpg\" data-rel=\"lightbox-image-cHJldHR5UGhvdG9bc2luZ2xlX3ByZXR0eV9waG90b10=\" data-rl_title=\"\" data-rl_caption=\"\" title=\"\">\n\t\t\t\t\t\t\t\t\t\t<div class=\"edgtf-ig-image-holder\">\n\t\t\t\t\t\t\t\t\t\t\t\t\t<img loading=\"lazy\" decoding=\"async\" width=\"1024\" height=\"735\" src=\"https:\/\/ricardterre.com\/wp-content\/uploads\/2026\/02\/049_IZDA-1024x735.jpg\" class=\"attachment-large size-large\" alt=\"\" srcset=\"https:\/\/ricardterre.com\/wp-content\/uploads\/2026\/02\/049_IZDA-1024x735.jpg 1024w, https:\/\/ricardterre.com\/wp-content\/uploads\/2026\/02\/049_IZDA-300x215.jpg 300w, https:\/\/ricardterre.com\/wp-content\/uploads\/2026\/02\/049_IZDA-768x551.jpg 768w, https:\/\/ricardterre.com\/wp-content\/uploads\/2026\/02\/049_IZDA-1536x1102.jpg 1536w, https:\/\/ricardterre.com\/wp-content\/uploads\/2026\/02\/049_IZDA-600x431.jpg 600w\" sizes=\"auto, (max-width: 1024px) 100vw, 1024px\" \/>\t\t\t\t\t\t\t\t\t\t\t<\/div>\n\t\t\t\t\t\t\t\t\t<\/a>\n\t\t\t\t\t\t\t<\/div>\n\t\t\t\t\t<div class=\"edgtf-gallery-image\">\n\t\t\t\t\t\t\t\t\t<a href=\"https:\/\/ricardterre.com\/wp-content\/uploads\/2026\/02\/AR_43_FO_29.jpg\" data-rel=\"lightbox-image-cHJldHR5UGhvdG9bc2luZ2xlX3ByZXR0eV9waG90b10=\" data-rl_title=\"\" data-rl_caption=\"\" title=\"\">\n\t\t\t\t\t\t\t\t\t\t<div class=\"edgtf-ig-image-holder\">\n\t\t\t\t\t\t\t\t\t\t\t\t\t<img loading=\"lazy\" decoding=\"async\" width=\"1024\" height=\"686\" src=\"https:\/\/ricardterre.com\/wp-content\/uploads\/2026\/02\/AR_43_FO_29-1024x686.jpg\" class=\"attachment-large size-large\" alt=\"\" srcset=\"https:\/\/ricardterre.com\/wp-content\/uploads\/2026\/02\/AR_43_FO_29-1024x686.jpg 1024w, https:\/\/ricardterre.com\/wp-content\/uploads\/2026\/02\/AR_43_FO_29-300x201.jpg 300w, https:\/\/ricardterre.com\/wp-content\/uploads\/2026\/02\/AR_43_FO_29-768x514.jpg 768w, https:\/\/ricardterre.com\/wp-content\/uploads\/2026\/02\/AR_43_FO_29-1536x1028.jpg 1536w, https:\/\/ricardterre.com\/wp-content\/uploads\/2026\/02\/AR_43_FO_29-600x402.jpg 600w\" sizes=\"auto, (max-width: 1024px) 100vw, 1024px\" \/>\t\t\t\t\t\t\t\t\t\t\t<\/div>\n\t\t\t\t\t\t\t\t\t<\/a>\n\t\t\t\t\t\t\t<\/div>\n\t\t\t\t\t<div class=\"edgtf-gallery-image\">\n\t\t\t\t\t\t\t\t\t<a href=\"https:\/\/ricardterre.com\/wp-content\/uploads\/2026\/02\/AR_48_FO_11.jpg\" data-rel=\"lightbox-image-cHJldHR5UGhvdG9bc2luZ2xlX3ByZXR0eV9waG90b10=\" data-rl_title=\"\" data-rl_caption=\"\" title=\"\">\n\t\t\t\t\t\t\t\t\t\t<div class=\"edgtf-ig-image-holder\">\n\t\t\t\t\t\t\t\t\t\t\t\t\t<img loading=\"lazy\" decoding=\"async\" width=\"675\" height=\"1024\" src=\"https:\/\/ricardterre.com\/wp-content\/uploads\/2026\/02\/AR_48_FO_11-675x1024.jpg\" class=\"attachment-large size-large\" alt=\"\" srcset=\"https:\/\/ricardterre.com\/wp-content\/uploads\/2026\/02\/AR_48_FO_11-675x1024.jpg 675w, https:\/\/ricardterre.com\/wp-content\/uploads\/2026\/02\/AR_48_FO_11-198x300.jpg 198w, https:\/\/ricardterre.com\/wp-content\/uploads\/2026\/02\/AR_48_FO_11-768x1165.jpg 768w, https:\/\/ricardterre.com\/wp-content\/uploads\/2026\/02\/AR_48_FO_11-1013x1536.jpg 1013w, https:\/\/ricardterre.com\/wp-content\/uploads\/2026\/02\/AR_48_FO_11-600x910.jpg 600w, https:\/\/ricardterre.com\/wp-content\/uploads\/2026\/02\/AR_48_FO_11.jpg 1319w\" sizes=\"auto, (max-width: 675px) 100vw, 675px\" \/>\t\t\t\t\t\t\t\t\t\t\t<\/div>\n\t\t\t\t\t\t\t\t\t<\/a>\n\t\t\t\t\t\t\t<\/div>\n\t\t\t<\/div>\n<\/div>\n<\/div><\/div><\/div><div class=\"wpb_column vc_column_container vc_col-sm-3\"><div class=\"vc_column-inner\"><div class=\"wpb_wrapper\">\n\t<div class=\"wpb_text_column wpb_content_element vc_custom_1776507681120\" >\n\t\t<div class=\"wpb_wrapper\">\n\t\t\t<h1 class=\"western\" style=\"text-align: left;\">Childhood<\/h1>\n<p>&nbsp;<\/p>\n\n\t\t<\/div>\n\t<\/div>\n\n\t<div class=\"wpb_text_column wpb_content_element vc_custom_1776507696291\" >\n\t\t<div class=\"wpb_wrapper\">\n\t\t\t<p style=\"text-align: left;\"><span lang=\"es-ES\">Ricard Terr\u00e9 fue un ni\u00f1o de la guerra. La guerra acostumbr\u00f3 a los ni\u00f1os espa\u00f1oles a los bombardeos, a la muerte de los seres queridos o los vecinos desconocidos, a la destrucci\u00f3n de las casas y al gusanillo constante del hambre. Fue aquella una escuela que le dej\u00f3 una huella especial. La infancia fue su tema fotogr\u00e1fico por excelencia. No hay una serie que no tenga un ni\u00f1o, o un enjambre de ni\u00f1os. En la mirada de los ni\u00f1os que fotografiaba se puede observar la complicidad con el alma infantil. Las fotos ahondan en la mirada revelando los momentos duros de los que los ojos inocentes fueron testigos. A la vez, Ricard tuvo presente durante toda su vida la alegr\u00eda y la capacidad de juego propios de la infancia, una capacidad especial para digerir la miseria y el dolor. Que no juzga, que no comprende, que se compadece.<\/span><\/p>\n<p>&nbsp;<\/p>\n\n\t\t<\/div>\n\t<\/div>\n<\/div><\/div><\/div><\/div><\/div>\n<\/div>","protected":false},"excerpt":{"rendered":"Infancia &nbsp; Ricard Terr\u00e9 fue un ni\u00f1o de la guerra. La guerra acostumbr\u00f3 a los ni\u00f1os espa\u00f1oles a los bombardeos, a la muerte de los seres queridos o los vecinos desconocidos, a la destrucci\u00f3n de las casas y al gusanillo constante del hambre. Fue aquella...","protected":false},"author":1,"featured_media":0,"parent":0,"menu_order":0,"comment_status":"closed","ping_status":"closed","template":"","meta":{"ngg_post_thumbnail":0,"footnotes":""},"class_list":["post-8338","page","type-page","status-publish","hentry"],"_links":{"self":[{"href":"https:\/\/ricardterre.com\/en\/wp-json\/wp\/v2\/pages\/8338","targetHints":{"allow":["GET"]}}],"collection":[{"href":"https:\/\/ricardterre.com\/en\/wp-json\/wp\/v2\/pages"}],"about":[{"href":"https:\/\/ricardterre.com\/en\/wp-json\/wp\/v2\/types\/page"}],"author":[{"embeddable":true,"href":"https:\/\/ricardterre.com\/en\/wp-json\/wp\/v2\/users\/1"}],"replies":[{"embeddable":true,"href":"https:\/\/ricardterre.com\/en\/wp-json\/wp\/v2\/comments?post=8338"}],"version-history":[{"count":5,"href":"https:\/\/ricardterre.com\/en\/wp-json\/wp\/v2\/pages\/8338\/revisions"}],"predecessor-version":[{"id":8400,"href":"https:\/\/ricardterre.com\/en\/wp-json\/wp\/v2\/pages\/8338\/revisions\/8400"}],"wp:attachment":[{"href":"https:\/\/ricardterre.com\/en\/wp-json\/wp\/v2\/media?parent=8338"}],"curies":[{"name":"wp","href":"https:\/\/api.w.org\/{rel}","templated":true}]}}