{"id":8334,"date":"2026-04-18T11:36:43","date_gmt":"2026-04-18T09:36:43","guid":{"rendered":"https:\/\/ricardterre.com\/?page_id=8334"},"modified":"2026-04-18T12:50:20","modified_gmt":"2026-04-18T10:50:20","slug":"mort-poetica","status":"publish","type":"page","link":"https:\/\/ricardterre.com\/en\/mort-poetica\/","title":{"rendered":"The poetic death of small things"},"content":{"rendered":"<div class=\"wpb-content-wrapper\"><div class=\"vc_row wpb_row vc_row-fluid edgtf-section vc_custom_1771608722087 edgtf-content-aligment-right\" style=\"\"><div class=\"clearfix edgtf-full-section-inner\"><div class=\"wpb_column vc_column_container vc_col-sm-9\"><div class=\"vc_column-inner\"><div class=\"wpb_wrapper\"><div class=\"edgtf-image-gallery\">\n\t<div class=\"edgtf-image-gallery-grid clearfix edgtf-gallery-with-space edgtf-gallery-columns-2\">\n\t\t\t\t\t<div class=\"edgtf-gallery-image\">\n\t\t\t\t\t\t\t\t\t<a href=\"https:\/\/ricardterre.com\/wp-content\/uploads\/2026\/02\/AR_241_FO_29.jpg\" data-rel=\"lightbox-image-cHJldHR5UGhvdG9bc2luZ2xlX3ByZXR0eV9waG90b10=\" data-rl_title=\"\" data-rl_caption=\"\" title=\"\">\n\t\t\t\t\t\t\t\t\t\t<div class=\"edgtf-ig-image-holder\">\n\t\t\t\t\t\t\t\t\t\t\t\t\t<img loading=\"lazy\" decoding=\"async\" width=\"684\" height=\"1024\" src=\"https:\/\/ricardterre.com\/wp-content\/uploads\/2026\/02\/AR_241_FO_29-684x1024.jpg\" class=\"attachment-large size-large\" alt=\"\" srcset=\"https:\/\/ricardterre.com\/wp-content\/uploads\/2026\/02\/AR_241_FO_29-684x1024.jpg 684w, https:\/\/ricardterre.com\/wp-content\/uploads\/2026\/02\/AR_241_FO_29-200x300.jpg 200w, https:\/\/ricardterre.com\/wp-content\/uploads\/2026\/02\/AR_241_FO_29-768x1150.jpg 768w, https:\/\/ricardterre.com\/wp-content\/uploads\/2026\/02\/AR_241_FO_29-1026x1536.jpg 1026w, https:\/\/ricardterre.com\/wp-content\/uploads\/2026\/02\/AR_241_FO_29-600x898.jpg 600w, https:\/\/ricardterre.com\/wp-content\/uploads\/2026\/02\/AR_241_FO_29.jpg 1336w\" sizes=\"auto, (max-width: 684px) 100vw, 684px\" \/>\t\t\t\t\t\t\t\t\t\t\t<\/div>\n\t\t\t\t\t\t\t\t\t<\/a>\n\t\t\t\t\t\t\t<\/div>\n\t\t\t\t\t<div class=\"edgtf-gallery-image\">\n\t\t\t\t\t\t\t\t\t<a href=\"https:\/\/ricardterre.com\/wp-content\/uploads\/2026\/02\/068_IZDA.jpg\" data-rel=\"lightbox-image-cHJldHR5UGhvdG9bc2luZ2xlX3ByZXR0eV9waG90b10=\" data-rl_title=\"\" data-rl_caption=\"\" title=\"\">\n\t\t\t\t\t\t\t\t\t\t<div class=\"edgtf-ig-image-holder\">\n\t\t\t\t\t\t\t\t\t\t\t\t\t<img loading=\"lazy\" decoding=\"async\" width=\"759\" height=\"1024\" src=\"https:\/\/ricardterre.com\/wp-content\/uploads\/2026\/02\/068_IZDA-759x1024.jpg\" class=\"attachment-large size-large\" alt=\"\" srcset=\"https:\/\/ricardterre.com\/wp-content\/uploads\/2026\/02\/068_IZDA-759x1024.jpg 759w, https:\/\/ricardterre.com\/wp-content\/uploads\/2026\/02\/068_IZDA-222x300.jpg 222w, https:\/\/ricardterre.com\/wp-content\/uploads\/2026\/02\/068_IZDA-768x1036.jpg 768w, https:\/\/ricardterre.com\/wp-content\/uploads\/2026\/02\/068_IZDA-1139x1536.jpg 1139w, https:\/\/ricardterre.com\/wp-content\/uploads\/2026\/02\/068_IZDA-600x809.jpg 600w, https:\/\/ricardterre.com\/wp-content\/uploads\/2026\/02\/068_IZDA.jpg 1483w\" sizes=\"auto, (max-width: 759px) 100vw, 759px\" \/>\t\t\t\t\t\t\t\t\t\t\t<\/div>\n\t\t\t\t\t\t\t\t\t<\/a>\n\t\t\t\t\t\t\t<\/div>\n\t\t\t\t\t<div class=\"edgtf-gallery-image\">\n\t\t\t\t\t\t\t\t\t<a href=\"https:\/\/ricardterre.com\/wp-content\/uploads\/2026\/02\/067_DCHA.jpg\" data-rel=\"lightbox-image-cHJldHR5UGhvdG9bc2luZ2xlX3ByZXR0eV9waG90b10=\" data-rl_title=\"\" data-rl_caption=\"\" title=\"\">\n\t\t\t\t\t\t\t\t\t\t<div class=\"edgtf-ig-image-holder\">\n\t\t\t\t\t\t\t\t\t\t\t\t\t<img loading=\"lazy\" decoding=\"async\" width=\"780\" height=\"1024\" src=\"https:\/\/ricardterre.com\/wp-content\/uploads\/2026\/02\/067_DCHA-780x1024.jpg\" class=\"attachment-large size-large\" alt=\"\" srcset=\"https:\/\/ricardterre.com\/wp-content\/uploads\/2026\/02\/067_DCHA-780x1024.jpg 780w, https:\/\/ricardterre.com\/wp-content\/uploads\/2026\/02\/067_DCHA-229x300.jpg 229w, https:\/\/ricardterre.com\/wp-content\/uploads\/2026\/02\/067_DCHA-768x1008.jpg 768w, https:\/\/ricardterre.com\/wp-content\/uploads\/2026\/02\/067_DCHA-1170x1536.jpg 1170w, https:\/\/ricardterre.com\/wp-content\/uploads\/2026\/02\/067_DCHA-600x787.jpg 600w, https:\/\/ricardterre.com\/wp-content\/uploads\/2026\/02\/067_DCHA.jpg 1524w\" sizes=\"auto, (max-width: 780px) 100vw, 780px\" \/>\t\t\t\t\t\t\t\t\t\t\t<\/div>\n\t\t\t\t\t\t\t\t\t<\/a>\n\t\t\t\t\t\t\t<\/div>\n\t\t\t\t\t<div class=\"edgtf-gallery-image\">\n\t\t\t\t\t\t\t\t\t<a href=\"https:\/\/ricardterre.com\/wp-content\/uploads\/2026\/02\/066_IZDA.jpg\" data-rel=\"lightbox-image-cHJldHR5UGhvdG9bc2luZ2xlX3ByZXR0eV9waG90b10=\" data-rl_title=\"\" data-rl_caption=\"\" title=\"\">\n\t\t\t\t\t\t\t\t\t\t<div class=\"edgtf-ig-image-holder\">\n\t\t\t\t\t\t\t\t\t\t\t\t\t<img loading=\"lazy\" decoding=\"async\" width=\"748\" height=\"1024\" src=\"https:\/\/ricardterre.com\/wp-content\/uploads\/2026\/02\/066_IZDA-748x1024.jpg\" class=\"attachment-large size-large\" alt=\"\" srcset=\"https:\/\/ricardterre.com\/wp-content\/uploads\/2026\/02\/066_IZDA-748x1024.jpg 748w, https:\/\/ricardterre.com\/wp-content\/uploads\/2026\/02\/066_IZDA-219x300.jpg 219w, https:\/\/ricardterre.com\/wp-content\/uploads\/2026\/02\/066_IZDA-768x1052.jpg 768w, https:\/\/ricardterre.com\/wp-content\/uploads\/2026\/02\/066_IZDA-1121x1536.jpg 1121w, https:\/\/ricardterre.com\/wp-content\/uploads\/2026\/02\/066_IZDA-600x822.jpg 600w, https:\/\/ricardterre.com\/wp-content\/uploads\/2026\/02\/066_IZDA.jpg 1460w\" sizes=\"auto, (max-width: 748px) 100vw, 748px\" \/>\t\t\t\t\t\t\t\t\t\t\t<\/div>\n\t\t\t\t\t\t\t\t\t<\/a>\n\t\t\t\t\t\t\t<\/div>\n\t\t\t\t\t<div class=\"edgtf-gallery-image\">\n\t\t\t\t\t\t\t\t\t<a href=\"https:\/\/ricardterre.com\/wp-content\/uploads\/2026\/02\/065_DCHA.jpg\" data-rel=\"lightbox-image-cHJldHR5UGhvdG9bc2luZ2xlX3ByZXR0eV9waG90b10=\" data-rl_title=\"\" data-rl_caption=\"\" title=\"\">\n\t\t\t\t\t\t\t\t\t\t<div class=\"edgtf-ig-image-holder\">\n\t\t\t\t\t\t\t\t\t\t\t\t\t<img loading=\"lazy\" decoding=\"async\" width=\"751\" height=\"1024\" src=\"https:\/\/ricardterre.com\/wp-content\/uploads\/2026\/02\/065_DCHA-751x1024.jpg\" class=\"attachment-large size-large\" alt=\"\" srcset=\"https:\/\/ricardterre.com\/wp-content\/uploads\/2026\/02\/065_DCHA-751x1024.jpg 751w, https:\/\/ricardterre.com\/wp-content\/uploads\/2026\/02\/065_DCHA-220x300.jpg 220w, https:\/\/ricardterre.com\/wp-content\/uploads\/2026\/02\/065_DCHA-768x1047.jpg 768w, https:\/\/ricardterre.com\/wp-content\/uploads\/2026\/02\/065_DCHA-1127x1536.jpg 1127w, https:\/\/ricardterre.com\/wp-content\/uploads\/2026\/02\/065_DCHA-600x818.jpg 600w, https:\/\/ricardterre.com\/wp-content\/uploads\/2026\/02\/065_DCHA.jpg 1467w\" sizes=\"auto, (max-width: 751px) 100vw, 751px\" \/>\t\t\t\t\t\t\t\t\t\t\t<\/div>\n\t\t\t\t\t\t\t\t\t<\/a>\n\t\t\t\t\t\t\t<\/div>\n\t\t\t\t\t<div class=\"edgtf-gallery-image\">\n\t\t\t\t\t\t\t\t\t<a href=\"https:\/\/ricardterre.com\/wp-content\/uploads\/2026\/02\/064_IZDA.jpg\" data-rel=\"lightbox-image-cHJldHR5UGhvdG9bc2luZ2xlX3ByZXR0eV9waG90b10=\" data-rl_title=\"\" data-rl_caption=\"\" title=\"\">\n\t\t\t\t\t\t\t\t\t\t<div class=\"edgtf-ig-image-holder\">\n\t\t\t\t\t\t\t\t\t\t\t\t\t<img loading=\"lazy\" decoding=\"async\" width=\"743\" height=\"1024\" src=\"https:\/\/ricardterre.com\/wp-content\/uploads\/2026\/02\/064_IZDA-743x1024.jpg\" class=\"attachment-large size-large\" alt=\"\" srcset=\"https:\/\/ricardterre.com\/wp-content\/uploads\/2026\/02\/064_IZDA-743x1024.jpg 743w, https:\/\/ricardterre.com\/wp-content\/uploads\/2026\/02\/064_IZDA-218x300.jpg 218w, https:\/\/ricardterre.com\/wp-content\/uploads\/2026\/02\/064_IZDA-768x1059.jpg 768w, https:\/\/ricardterre.com\/wp-content\/uploads\/2026\/02\/064_IZDA-1114x1536.jpg 1114w, https:\/\/ricardterre.com\/wp-content\/uploads\/2026\/02\/064_IZDA-600x827.jpg 600w, https:\/\/ricardterre.com\/wp-content\/uploads\/2026\/02\/064_IZDA.jpg 1451w\" sizes=\"auto, (max-width: 743px) 100vw, 743px\" \/>\t\t\t\t\t\t\t\t\t\t\t<\/div>\n\t\t\t\t\t\t\t\t\t<\/a>\n\t\t\t\t\t\t\t<\/div>\n\t\t\t<\/div>\n<\/div>\n<\/div><\/div><\/div><div class=\"wpb_column vc_column_container vc_col-sm-3\"><div class=\"vc_column-inner\"><div class=\"wpb_wrapper\">\n\t<div class=\"wpb_text_column wpb_content_element vc_custom_1776507748387\" >\n\t\t<div class=\"wpb_wrapper\">\n\t\t\t<h1 class=\"western\" style=\"text-align: left;\"><i>Mort Po\u00e8tica de les coses petites (1999)<\/i><\/h1>\n<p>&nbsp;<\/p>\n\n\t\t<\/div>\n\t<\/div>\n\n\t<div class=\"wpb_text_column wpb_content_element vc_custom_1776507761989\" >\n\t\t<div class=\"wpb_wrapper\">\n\t\t\t<div class=\"edgtf-column2\">\n<div class=\"edgtf-column-inner\">\n<div class=\"edgtf-portfolio-info-holder\">\n<div class=\"edgtf-portfolio-info-item edgtf-content-item\">\n<div class=\"edgtf-portfolio-content\">\n<div class=\"wpb-content-wrapper\">\n<div class=\"vc_row wpb_row vc_row-fluid edgtf-section edgtf-content-aligment-left\">\n<div class=\"clearfix edgtf-full-section-inner\">\n<div class=\"wpb_column vc_column_container vc_col-sm-12\">\n<div class=\"vc_column-inner\">\n<div class=\"wpb_wrapper\">\n<div class=\"wpb_text_column wpb_content_element\">\n<div class=\"wpb_wrapper\">\n<p style=\"text-align: left;\">Esta serie agrupa un conjunto de naturalezas muertas captadas por Ricard Terr\u00e9 a ras de tierra en sus paseos por los entornos de la ciudad de Vigo. Terr\u00e9 magnifica los objetos y los alza a la altura de nuestra mirada. Las im\u00e1genes conjugan fondo y forma para expresar la decadencia del paso del tiempo y la lenta agon\u00eda de las cosas que siguen evocando las vidas de aquellos que se sirvieron de ellas en el pasado.<\/p>\n<p style=\"text-align: left;\">Terr\u00e9 concibi\u00f3 esta breve serie de 16 im\u00e1genes para ampliarla en copias de gran formato (120 x 100 cm). La exposici\u00f3n se vio por primera vez en el <i>Centre d\u2019Art Masallera<\/i> de Sant Boi de Llobregat, durante la Primavera Fotogr\u00e1fica de Catalunya del a\u00f1o 2000.<\/p>\n<p style=\"text-align: left;\">En estos momentos,<strong> <a href=\"https:\/\/www.fundacionmapfre.org\/arte-y-cultura\/colecciones\/ricard-terre\/sin-titulo-fm003576\/\">los originales de \u00e9poca forman parte de la colecci\u00f3n de la Fundaci\u00f3n Mapfre.<\/a><\/strong><\/p>\n<\/div>\n<\/div>\n<\/div>\n<\/div>\n<\/div>\n<\/div>\n<\/div>\n<\/div>\n<\/div>\n<\/div>\n<\/div>\n<\/div>\n<\/div>\n\n\t\t<\/div>\n\t<\/div>\n<\/div><\/div><\/div><\/div><\/div>\n<\/div>","protected":false},"excerpt":{"rendered":"Mort Po\u00e8tica de les coses petites (1999) &nbsp; Esta serie agrupa un conjunto de naturalezas muertas captadas por Ricard Terr\u00e9 a ras de tierra en sus paseos por los entornos de la ciudad de Vigo. Terr\u00e9 magnifica los objetos y los alza a la altura...","protected":false},"author":1,"featured_media":0,"parent":0,"menu_order":0,"comment_status":"closed","ping_status":"closed","template":"","meta":{"ngg_post_thumbnail":0,"footnotes":""},"class_list":["post-8334","page","type-page","status-publish","hentry"],"_links":{"self":[{"href":"https:\/\/ricardterre.com\/en\/wp-json\/wp\/v2\/pages\/8334","targetHints":{"allow":["GET"]}}],"collection":[{"href":"https:\/\/ricardterre.com\/en\/wp-json\/wp\/v2\/pages"}],"about":[{"href":"https:\/\/ricardterre.com\/en\/wp-json\/wp\/v2\/types\/page"}],"author":[{"embeddable":true,"href":"https:\/\/ricardterre.com\/en\/wp-json\/wp\/v2\/users\/1"}],"replies":[{"embeddable":true,"href":"https:\/\/ricardterre.com\/en\/wp-json\/wp\/v2\/comments?post=8334"}],"version-history":[{"count":4,"href":"https:\/\/ricardterre.com\/en\/wp-json\/wp\/v2\/pages\/8334\/revisions"}],"predecessor-version":[{"id":8404,"href":"https:\/\/ricardterre.com\/en\/wp-json\/wp\/v2\/pages\/8334\/revisions\/8404"}],"wp:attachment":[{"href":"https:\/\/ricardterre.com\/en\/wp-json\/wp\/v2\/media?parent=8334"}],"curies":[{"name":"wp","href":"https:\/\/api.w.org\/{rel}","templated":true}]}}