{"id":8331,"date":"2026-04-18T11:33:51","date_gmt":"2026-04-18T09:33:51","guid":{"rendered":"https:\/\/ricardterre.com\/?page_id=8331"},"modified":"2026-04-18T12:49:30","modified_gmt":"2026-04-18T10:49:30","slug":"imagenes-abandonadas","status":"publish","type":"page","link":"https:\/\/ricardterre.com\/en\/imagenes-abandonadas\/","title":{"rendered":"Abandoned Images"},"content":{"rendered":"<div class=\"wpb-content-wrapper\"><div class=\"vc_row wpb_row vc_row-fluid edgtf-section vc_custom_1771608722087 edgtf-content-aligment-right\" style=\"\"><div class=\"clearfix edgtf-full-section-inner\"><div class=\"wpb_column vc_column_container vc_col-sm-9\"><div class=\"vc_column-inner\"><div class=\"wpb_wrapper\"><div class=\"edgtf-image-gallery\">\n\t<div class=\"edgtf-image-gallery-grid clearfix edgtf-gallery-with-space edgtf-gallery-columns-2\">\n\t\t\t\t\t<div class=\"edgtf-gallery-image\">\n\t\t\t\t\t\t\t\t\t<a href=\"https:\/\/ricardterre.com\/wp-content\/uploads\/2026\/02\/G-12-3-1.jpg\" data-rel=\"lightbox-image-cHJldHR5UGhvdG9bc2luZ2xlX3ByZXR0eV9waG90b10=\" data-rl_title=\"\" data-rl_caption=\"\" title=\"\">\n\t\t\t\t\t\t\t\t\t\t<div class=\"edgtf-ig-image-holder\">\n\t\t\t\t\t\t\t\t\t\t\t\t\t<img loading=\"lazy\" decoding=\"async\" width=\"828\" height=\"1024\" src=\"https:\/\/ricardterre.com\/wp-content\/uploads\/2026\/02\/G-12-3-1-828x1024.jpg\" class=\"attachment-large size-large\" alt=\"\" srcset=\"https:\/\/ricardterre.com\/wp-content\/uploads\/2026\/02\/G-12-3-1-828x1024.jpg 828w, https:\/\/ricardterre.com\/wp-content\/uploads\/2026\/02\/G-12-3-1-243x300.jpg 243w, https:\/\/ricardterre.com\/wp-content\/uploads\/2026\/02\/G-12-3-1-768x950.jpg 768w, https:\/\/ricardterre.com\/wp-content\/uploads\/2026\/02\/G-12-3-1-1242x1536.jpg 1242w, https:\/\/ricardterre.com\/wp-content\/uploads\/2026\/02\/G-12-3-1-600x742.jpg 600w, https:\/\/ricardterre.com\/wp-content\/uploads\/2026\/02\/G-12-3-1.jpg 1617w\" sizes=\"auto, (max-width: 828px) 100vw, 828px\" \/>\t\t\t\t\t\t\t\t\t\t\t<\/div>\n\t\t\t\t\t\t\t\t\t<\/a>\n\t\t\t\t\t\t\t<\/div>\n\t\t\t\t\t<div class=\"edgtf-gallery-image\">\n\t\t\t\t\t\t\t\t\t<a href=\"https:\/\/ricardterre.com\/wp-content\/uploads\/2026\/02\/G-2-16-1.jpg\" data-rel=\"lightbox-image-cHJldHR5UGhvdG9bc2luZ2xlX3ByZXR0eV9waG90b10=\" data-rl_title=\"\" data-rl_caption=\"\" title=\"\">\n\t\t\t\t\t\t\t\t\t\t<div class=\"edgtf-ig-image-holder\">\n\t\t\t\t\t\t\t\t\t\t\t\t\t<img loading=\"lazy\" decoding=\"async\" width=\"807\" height=\"1024\" src=\"https:\/\/ricardterre.com\/wp-content\/uploads\/2026\/02\/G-2-16-1-807x1024.jpg\" class=\"attachment-large size-large\" alt=\"\" srcset=\"https:\/\/ricardterre.com\/wp-content\/uploads\/2026\/02\/G-2-16-1-807x1024.jpg 807w, https:\/\/ricardterre.com\/wp-content\/uploads\/2026\/02\/G-2-16-1-236x300.jpg 236w, https:\/\/ricardterre.com\/wp-content\/uploads\/2026\/02\/G-2-16-1-768x975.jpg 768w, https:\/\/ricardterre.com\/wp-content\/uploads\/2026\/02\/G-2-16-1-1210x1536.jpg 1210w, https:\/\/ricardterre.com\/wp-content\/uploads\/2026\/02\/G-2-16-1-600x761.jpg 600w, https:\/\/ricardterre.com\/wp-content\/uploads\/2026\/02\/G-2-16-1.jpg 1576w\" sizes=\"auto, (max-width: 807px) 100vw, 807px\" \/>\t\t\t\t\t\t\t\t\t\t\t<\/div>\n\t\t\t\t\t\t\t\t\t<\/a>\n\t\t\t\t\t\t\t<\/div>\n\t\t\t\t\t<div class=\"edgtf-gallery-image\">\n\t\t\t\t\t\t\t\t\t<a href=\"https:\/\/ricardterre.com\/wp-content\/uploads\/2026\/02\/G_12_FO_14.jpg\" data-rel=\"lightbox-image-cHJldHR5UGhvdG9bc2luZ2xlX3ByZXR0eV9waG90b10=\" data-rl_title=\"\" data-rl_caption=\"\" title=\"\">\n\t\t\t\t\t\t\t\t\t\t<div class=\"edgtf-ig-image-holder\">\n\t\t\t\t\t\t\t\t\t\t\t\t\t<img loading=\"lazy\" decoding=\"async\" width=\"1024\" height=\"1009\" src=\"https:\/\/ricardterre.com\/wp-content\/uploads\/2026\/02\/G_12_FO_14-1024x1009.jpg\" class=\"attachment-large size-large\" alt=\"\" srcset=\"https:\/\/ricardterre.com\/wp-content\/uploads\/2026\/02\/G_12_FO_14-1024x1009.jpg 1024w, https:\/\/ricardterre.com\/wp-content\/uploads\/2026\/02\/G_12_FO_14-300x296.jpg 300w, https:\/\/ricardterre.com\/wp-content\/uploads\/2026\/02\/G_12_FO_14-768x756.jpg 768w, https:\/\/ricardterre.com\/wp-content\/uploads\/2026\/02\/G_12_FO_14-1536x1513.jpg 1536w, https:\/\/ricardterre.com\/wp-content\/uploads\/2026\/02\/G_12_FO_14-600x591.jpg 600w, https:\/\/ricardterre.com\/wp-content\/uploads\/2026\/02\/G_12_FO_14-100x100.jpg 100w\" sizes=\"auto, (max-width: 1024px) 100vw, 1024px\" \/>\t\t\t\t\t\t\t\t\t\t\t<\/div>\n\t\t\t\t\t\t\t\t\t<\/a>\n\t\t\t\t\t\t\t<\/div>\n\t\t\t\t\t<div class=\"edgtf-gallery-image\">\n\t\t\t\t\t\t\t\t\t<a href=\"https:\/\/ricardterre.com\/wp-content\/uploads\/2026\/02\/G_2_FO_05.jpg\" data-rel=\"lightbox-image-cHJldHR5UGhvdG9bc2luZ2xlX3ByZXR0eV9waG90b10=\" data-rl_title=\"\" data-rl_caption=\"\" title=\"\">\n\t\t\t\t\t\t\t\t\t\t<div class=\"edgtf-ig-image-holder\">\n\t\t\t\t\t\t\t\t\t\t\t\t\t<img loading=\"lazy\" decoding=\"async\" width=\"1024\" height=\"1015\" src=\"https:\/\/ricardterre.com\/wp-content\/uploads\/2026\/02\/G_2_FO_05-1024x1015.jpg\" class=\"attachment-large size-large\" alt=\"\" srcset=\"https:\/\/ricardterre.com\/wp-content\/uploads\/2026\/02\/G_2_FO_05-1024x1015.jpg 1024w, https:\/\/ricardterre.com\/wp-content\/uploads\/2026\/02\/G_2_FO_05-300x297.jpg 300w, https:\/\/ricardterre.com\/wp-content\/uploads\/2026\/02\/G_2_FO_05-150x150.jpg 150w, https:\/\/ricardterre.com\/wp-content\/uploads\/2026\/02\/G_2_FO_05-768x761.jpg 768w, https:\/\/ricardterre.com\/wp-content\/uploads\/2026\/02\/G_2_FO_05-1536x1522.jpg 1536w, https:\/\/ricardterre.com\/wp-content\/uploads\/2026\/02\/G_2_FO_05-600x595.jpg 600w, https:\/\/ricardterre.com\/wp-content\/uploads\/2026\/02\/G_2_FO_05-100x100.jpg 100w\" sizes=\"auto, (max-width: 1024px) 100vw, 1024px\" \/>\t\t\t\t\t\t\t\t\t\t\t<\/div>\n\t\t\t\t\t\t\t\t\t<\/a>\n\t\t\t\t\t\t\t<\/div>\n\t\t\t\t\t<div class=\"edgtf-gallery-image\">\n\t\t\t\t\t\t\t\t\t<a href=\"https:\/\/ricardterre.com\/wp-content\/uploads\/2026\/02\/AR_4_FO_16.jpg\" data-rel=\"lightbox-image-cHJldHR5UGhvdG9bc2luZ2xlX3ByZXR0eV9waG90b10=\" data-rl_title=\"\" data-rl_caption=\"\" title=\"\">\n\t\t\t\t\t\t\t\t\t\t<div class=\"edgtf-ig-image-holder\">\n\t\t\t\t\t\t\t\t\t\t\t\t\t<img loading=\"lazy\" decoding=\"async\" width=\"685\" height=\"1024\" src=\"https:\/\/ricardterre.com\/wp-content\/uploads\/2026\/02\/AR_4_FO_16-685x1024.jpg\" class=\"attachment-large size-large\" alt=\"\" srcset=\"https:\/\/ricardterre.com\/wp-content\/uploads\/2026\/02\/AR_4_FO_16-685x1024.jpg 685w, https:\/\/ricardterre.com\/wp-content\/uploads\/2026\/02\/AR_4_FO_16-201x300.jpg 201w, https:\/\/ricardterre.com\/wp-content\/uploads\/2026\/02\/AR_4_FO_16-768x1149.jpg 768w, https:\/\/ricardterre.com\/wp-content\/uploads\/2026\/02\/AR_4_FO_16-1027x1536.jpg 1027w, https:\/\/ricardterre.com\/wp-content\/uploads\/2026\/02\/AR_4_FO_16-600x898.jpg 600w, https:\/\/ricardterre.com\/wp-content\/uploads\/2026\/02\/AR_4_FO_16.jpg 1337w\" sizes=\"auto, (max-width: 685px) 100vw, 685px\" \/>\t\t\t\t\t\t\t\t\t\t\t<\/div>\n\t\t\t\t\t\t\t\t\t<\/a>\n\t\t\t\t\t\t\t<\/div>\n\t\t\t\t\t<div class=\"edgtf-gallery-image\">\n\t\t\t\t\t\t\t\t\t<a href=\"https:\/\/ricardterre.com\/wp-content\/uploads\/2026\/02\/077_IZDA.jpg\" data-rel=\"lightbox-image-cHJldHR5UGhvdG9bc2luZ2xlX3ByZXR0eV9waG90b10=\" data-rl_title=\"\" data-rl_caption=\"\" title=\"\">\n\t\t\t\t\t\t\t\t\t\t<div class=\"edgtf-ig-image-holder\">\n\t\t\t\t\t\t\t\t\t\t\t\t\t<img loading=\"lazy\" decoding=\"async\" width=\"758\" height=\"1024\" src=\"https:\/\/ricardterre.com\/wp-content\/uploads\/2026\/02\/077_IZDA-758x1024.jpg\" class=\"attachment-large size-large\" alt=\"\" srcset=\"https:\/\/ricardterre.com\/wp-content\/uploads\/2026\/02\/077_IZDA-758x1024.jpg 758w, https:\/\/ricardterre.com\/wp-content\/uploads\/2026\/02\/077_IZDA-222x300.jpg 222w, https:\/\/ricardterre.com\/wp-content\/uploads\/2026\/02\/077_IZDA-768x1038.jpg 768w, https:\/\/ricardterre.com\/wp-content\/uploads\/2026\/02\/077_IZDA-1137x1536.jpg 1137w, https:\/\/ricardterre.com\/wp-content\/uploads\/2026\/02\/077_IZDA-600x811.jpg 600w, https:\/\/ricardterre.com\/wp-content\/uploads\/2026\/02\/077_IZDA.jpg 1480w\" sizes=\"auto, (max-width: 758px) 100vw, 758px\" \/>\t\t\t\t\t\t\t\t\t\t\t<\/div>\n\t\t\t\t\t\t\t\t\t<\/a>\n\t\t\t\t\t\t\t<\/div>\n\t\t\t\t\t<div class=\"edgtf-gallery-image\">\n\t\t\t\t\t\t\t\t\t<a href=\"https:\/\/ricardterre.com\/wp-content\/uploads\/2026\/02\/052-27.jpg\" data-rel=\"lightbox-image-cHJldHR5UGhvdG9bc2luZ2xlX3ByZXR0eV9waG90b10=\" data-rl_title=\"\" data-rl_caption=\"\" title=\"\">\n\t\t\t\t\t\t\t\t\t\t<div class=\"edgtf-ig-image-holder\">\n\t\t\t\t\t\t\t\t\t\t\t\t\t<img loading=\"lazy\" decoding=\"async\" width=\"675\" height=\"1024\" src=\"https:\/\/ricardterre.com\/wp-content\/uploads\/2026\/02\/052-27-675x1024.jpg\" class=\"attachment-large size-large\" alt=\"\" srcset=\"https:\/\/ricardterre.com\/wp-content\/uploads\/2026\/02\/052-27-675x1024.jpg 675w, https:\/\/ricardterre.com\/wp-content\/uploads\/2026\/02\/052-27-198x300.jpg 198w, https:\/\/ricardterre.com\/wp-content\/uploads\/2026\/02\/052-27-768x1165.jpg 768w, https:\/\/ricardterre.com\/wp-content\/uploads\/2026\/02\/052-27-1013x1536.jpg 1013w, https:\/\/ricardterre.com\/wp-content\/uploads\/2026\/02\/052-27-600x910.jpg 600w, https:\/\/ricardterre.com\/wp-content\/uploads\/2026\/02\/052-27.jpg 1319w\" sizes=\"auto, (max-width: 675px) 100vw, 675px\" \/>\t\t\t\t\t\t\t\t\t\t\t<\/div>\n\t\t\t\t\t\t\t\t\t<\/a>\n\t\t\t\t\t\t\t<\/div>\n\t\t\t\t\t<div class=\"edgtf-gallery-image\">\n\t\t\t\t\t\t\t\t\t<a href=\"https:\/\/ricardterre.com\/wp-content\/uploads\/2026\/02\/080_DCHA.jpg\" data-rel=\"lightbox-image-cHJldHR5UGhvdG9bc2luZ2xlX3ByZXR0eV9waG90b10=\" data-rl_title=\"\" data-rl_caption=\"\" title=\"\">\n\t\t\t\t\t\t\t\t\t\t<div class=\"edgtf-ig-image-holder\">\n\t\t\t\t\t\t\t\t\t\t\t\t\t<img loading=\"lazy\" decoding=\"async\" width=\"787\" height=\"1024\" src=\"https:\/\/ricardterre.com\/wp-content\/uploads\/2026\/02\/080_DCHA-787x1024.jpg\" class=\"attachment-large size-large\" alt=\"\" srcset=\"https:\/\/ricardterre.com\/wp-content\/uploads\/2026\/02\/080_DCHA-787x1024.jpg 787w, https:\/\/ricardterre.com\/wp-content\/uploads\/2026\/02\/080_DCHA-231x300.jpg 231w, https:\/\/ricardterre.com\/wp-content\/uploads\/2026\/02\/080_DCHA-768x999.jpg 768w, https:\/\/ricardterre.com\/wp-content\/uploads\/2026\/02\/080_DCHA-1181x1536.jpg 1181w, https:\/\/ricardterre.com\/wp-content\/uploads\/2026\/02\/080_DCHA-600x780.jpg 600w, https:\/\/ricardterre.com\/wp-content\/uploads\/2026\/02\/080_DCHA.jpg 1538w\" sizes=\"auto, (max-width: 787px) 100vw, 787px\" \/>\t\t\t\t\t\t\t\t\t\t\t<\/div>\n\t\t\t\t\t\t\t\t\t<\/a>\n\t\t\t\t\t\t\t<\/div>\n\t\t\t<\/div>\n<\/div>\n<\/div><\/div><\/div><div class=\"wpb_column vc_column_container vc_col-sm-3\"><div class=\"vc_column-inner\"><div class=\"wpb_wrapper\">\n\t<div class=\"wpb_text_column wpb_content_element vc_custom_1776507625104\" >\n\t\t<div class=\"wpb_wrapper\">\n\t\t\t<h1 style=\"text-align: left;\">IM\u00c1GENES ABANDONADAS (1999\/2001)<\/h1>\n<p>&nbsp;<\/p>\n\n\t\t<\/div>\n\t<\/div>\n\n\t<div class=\"wpb_text_column wpb_content_element vc_custom_1776507636517\" >\n\t\t<div class=\"wpb_wrapper\">\n\t\t\t<p style=\"text-align: left;\">Esta serie es un conjunto de retratos de las im\u00e1genes retiradas del culto que permanecen almacenadas en las sacrist\u00edas y los desvanes de las iglesias. Terr\u00e9 no se centra en la idea rom\u00e1ntica de la ruina, ni la nostalgia o la pena que estas piezas podr\u00edan evocar. Lo que le interesa es el retrato de unos seres animados, vivientes, que simbolizan las pasiones humanas, como aquellas figuras que a\u00f1os antes hab\u00eda retratado en las procesiones de Semana Santa o durante las fiestas de Carnaval.<\/p>\n<p>&nbsp;<\/p>\n\n\t\t<\/div>\n\t<\/div>\n<\/div><\/div><\/div><\/div><\/div>\n<\/div>","protected":false},"excerpt":{"rendered":"IM\u00c1GENES ABANDONADAS (1999\/2001) &nbsp; Esta serie es un conjunto de retratos de las im\u00e1genes retiradas del culto que permanecen almacenadas en las sacrist\u00edas y los desvanes de las iglesias. Terr\u00e9 no se centra en la idea rom\u00e1ntica de la ruina, ni la nostalgia o la...","protected":false},"author":1,"featured_media":0,"parent":0,"menu_order":0,"comment_status":"closed","ping_status":"closed","template":"","meta":{"ngg_post_thumbnail":0,"footnotes":""},"class_list":["post-8331","page","type-page","status-publish","hentry"],"_links":{"self":[{"href":"https:\/\/ricardterre.com\/en\/wp-json\/wp\/v2\/pages\/8331","targetHints":{"allow":["GET"]}}],"collection":[{"href":"https:\/\/ricardterre.com\/en\/wp-json\/wp\/v2\/pages"}],"about":[{"href":"https:\/\/ricardterre.com\/en\/wp-json\/wp\/v2\/types\/page"}],"author":[{"embeddable":true,"href":"https:\/\/ricardterre.com\/en\/wp-json\/wp\/v2\/users\/1"}],"replies":[{"embeddable":true,"href":"https:\/\/ricardterre.com\/en\/wp-json\/wp\/v2\/comments?post=8331"}],"version-history":[{"count":3,"href":"https:\/\/ricardterre.com\/en\/wp-json\/wp\/v2\/pages\/8331\/revisions"}],"predecessor-version":[{"id":8401,"href":"https:\/\/ricardterre.com\/en\/wp-json\/wp\/v2\/pages\/8331\/revisions\/8401"}],"wp:attachment":[{"href":"https:\/\/ricardterre.com\/en\/wp-json\/wp\/v2\/media?parent=8331"}],"curies":[{"name":"wp","href":"https:\/\/api.w.org\/{rel}","templated":true}]}}