{"id":8327,"date":"2026-04-18T11:30:22","date_gmt":"2026-04-18T09:30:22","guid":{"rendered":"https:\/\/ricardterre.com\/?page_id=8327"},"modified":"2026-04-18T12:45:45","modified_gmt":"2026-04-18T10:45:45","slug":"los-ritos-la-muerte","status":"publish","type":"page","link":"https:\/\/ricardterre.com\/en\/los-ritos-la-muerte\/","title":{"rendered":"The rites, death"},"content":{"rendered":"<div class=\"wpb-content-wrapper\"><div class=\"vc_row wpb_row vc_row-fluid edgtf-section vc_custom_1771608722087 edgtf-content-aligment-right\" style=\"\"><div class=\"clearfix edgtf-full-section-inner\"><div class=\"wpb_column vc_column_container vc_col-sm-9\"><div class=\"vc_column-inner\"><div class=\"wpb_wrapper\"><div class=\"edgtf-image-gallery\">\n\t<div class=\"edgtf-image-gallery-grid clearfix edgtf-gallery-with-space edgtf-gallery-columns-2\">\n\t\t\t\t\t<div class=\"edgtf-gallery-image\">\n\t\t\t\t\t\t\t\t\t<a href=\"https:\/\/ricardterre.com\/wp-content\/uploads\/2026\/02\/AR_14_FO_32.jpg\" data-rel=\"lightbox-image-cHJldHR5UGhvdG9bc2luZ2xlX3ByZXR0eV9waG90b10=\" data-rl_title=\"\" data-rl_caption=\"\" title=\"\">\n\t\t\t\t\t\t\t\t\t\t<div class=\"edgtf-ig-image-holder\">\n\t\t\t\t\t\t\t\t\t\t\t\t\t<img loading=\"lazy\" decoding=\"async\" width=\"1024\" height=\"677\" src=\"https:\/\/ricardterre.com\/wp-content\/uploads\/2026\/02\/AR_14_FO_32-1024x677.jpg\" class=\"attachment-large size-large\" alt=\"\" srcset=\"https:\/\/ricardterre.com\/wp-content\/uploads\/2026\/02\/AR_14_FO_32-1024x677.jpg 1024w, https:\/\/ricardterre.com\/wp-content\/uploads\/2026\/02\/AR_14_FO_32-300x198.jpg 300w, https:\/\/ricardterre.com\/wp-content\/uploads\/2026\/02\/AR_14_FO_32-768x508.jpg 768w, https:\/\/ricardterre.com\/wp-content\/uploads\/2026\/02\/AR_14_FO_32-1536x1016.jpg 1536w, https:\/\/ricardterre.com\/wp-content\/uploads\/2026\/02\/AR_14_FO_32-600x397.jpg 600w\" sizes=\"auto, (max-width: 1024px) 100vw, 1024px\" \/>\t\t\t\t\t\t\t\t\t\t\t<\/div>\n\t\t\t\t\t\t\t\t\t<\/a>\n\t\t\t\t\t\t\t<\/div>\n\t\t\t\t\t<div class=\"edgtf-gallery-image\">\n\t\t\t\t\t\t\t\t\t<a href=\"https:\/\/ricardterre.com\/wp-content\/uploads\/2026\/02\/33-133.jpg\" data-rel=\"lightbox-image-cHJldHR5UGhvdG9bc2luZ2xlX3ByZXR0eV9waG90b10=\" data-rl_title=\"\" data-rl_caption=\"\" title=\"\">\n\t\t\t\t\t\t\t\t\t\t<div class=\"edgtf-ig-image-holder\">\n\t\t\t\t\t\t\t\t\t\t\t\t\t<img loading=\"lazy\" decoding=\"async\" width=\"819\" height=\"1024\" src=\"https:\/\/ricardterre.com\/wp-content\/uploads\/2026\/02\/33-133-819x1024.jpg\" class=\"attachment-large size-large\" alt=\"\" srcset=\"https:\/\/ricardterre.com\/wp-content\/uploads\/2026\/02\/33-133-819x1024.jpg 819w, https:\/\/ricardterre.com\/wp-content\/uploads\/2026\/02\/33-133-240x300.jpg 240w, https:\/\/ricardterre.com\/wp-content\/uploads\/2026\/02\/33-133-768x960.jpg 768w, https:\/\/ricardterre.com\/wp-content\/uploads\/2026\/02\/33-133-1229x1536.jpg 1229w, https:\/\/ricardterre.com\/wp-content\/uploads\/2026\/02\/33-133-600x750.jpg 600w, https:\/\/ricardterre.com\/wp-content\/uploads\/2026\/02\/33-133.jpg 1600w\" sizes=\"auto, (max-width: 819px) 100vw, 819px\" \/>\t\t\t\t\t\t\t\t\t\t\t<\/div>\n\t\t\t\t\t\t\t\t\t<\/a>\n\t\t\t\t\t\t\t<\/div>\n\t\t\t\t\t<div class=\"edgtf-gallery-image\">\n\t\t\t\t\t\t\t\t\t<a href=\"https:\/\/ricardterre.com\/wp-content\/uploads\/2026\/02\/003_DCHA.jpg\" data-rel=\"lightbox-image-cHJldHR5UGhvdG9bc2luZ2xlX3ByZXR0eV9waG90b10=\" data-rl_title=\"\" data-rl_caption=\"\" title=\"\">\n\t\t\t\t\t\t\t\t\t\t<div class=\"edgtf-ig-image-holder\">\n\t\t\t\t\t\t\t\t\t\t\t\t\t<img loading=\"lazy\" decoding=\"async\" width=\"751\" height=\"1024\" src=\"https:\/\/ricardterre.com\/wp-content\/uploads\/2026\/02\/003_DCHA-751x1024.jpg\" class=\"attachment-large size-large\" alt=\"\" srcset=\"https:\/\/ricardterre.com\/wp-content\/uploads\/2026\/02\/003_DCHA-751x1024.jpg 751w, https:\/\/ricardterre.com\/wp-content\/uploads\/2026\/02\/003_DCHA-220x300.jpg 220w, https:\/\/ricardterre.com\/wp-content\/uploads\/2026\/02\/003_DCHA-768x1048.jpg 768w, https:\/\/ricardterre.com\/wp-content\/uploads\/2026\/02\/003_DCHA-1126x1536.jpg 1126w, https:\/\/ricardterre.com\/wp-content\/uploads\/2026\/02\/003_DCHA-600x819.jpg 600w, https:\/\/ricardterre.com\/wp-content\/uploads\/2026\/02\/003_DCHA.jpg 1466w\" sizes=\"auto, (max-width: 751px) 100vw, 751px\" \/>\t\t\t\t\t\t\t\t\t\t\t<\/div>\n\t\t\t\t\t\t\t\t\t<\/a>\n\t\t\t\t\t\t\t<\/div>\n\t\t\t\t\t<div class=\"edgtf-gallery-image\">\n\t\t\t\t\t\t\t\t\t<a href=\"https:\/\/ricardterre.com\/wp-content\/uploads\/2026\/02\/2-226.jpg\" data-rel=\"lightbox-image-cHJldHR5UGhvdG9bc2luZ2xlX3ByZXR0eV9waG90b10=\" data-rl_title=\"\" data-rl_caption=\"\" title=\"\">\n\t\t\t\t\t\t\t\t\t\t<div class=\"edgtf-ig-image-holder\">\n\t\t\t\t\t\t\t\t\t\t\t\t\t<img loading=\"lazy\" decoding=\"async\" width=\"1024\" height=\"782\" src=\"https:\/\/ricardterre.com\/wp-content\/uploads\/2026\/02\/2-226-1024x782.jpg\" class=\"attachment-large size-large\" alt=\"\" srcset=\"https:\/\/ricardterre.com\/wp-content\/uploads\/2026\/02\/2-226-1024x782.jpg 1024w, https:\/\/ricardterre.com\/wp-content\/uploads\/2026\/02\/2-226-300x229.jpg 300w, https:\/\/ricardterre.com\/wp-content\/uploads\/2026\/02\/2-226-768x586.jpg 768w, https:\/\/ricardterre.com\/wp-content\/uploads\/2026\/02\/2-226-1536x1173.jpg 1536w, https:\/\/ricardterre.com\/wp-content\/uploads\/2026\/02\/2-226-600x458.jpg 600w\" sizes=\"auto, (max-width: 1024px) 100vw, 1024px\" \/>\t\t\t\t\t\t\t\t\t\t\t<\/div>\n\t\t\t\t\t\t\t\t\t<\/a>\n\t\t\t\t\t\t\t<\/div>\n\t\t\t\t\t<div class=\"edgtf-gallery-image\">\n\t\t\t\t\t\t\t\t\t<a href=\"https:\/\/ricardterre.com\/wp-content\/uploads\/2026\/02\/1957_TERRE_BARCELONA.jpg\" data-rel=\"lightbox-image-cHJldHR5UGhvdG9bc2luZ2xlX3ByZXR0eV9waG90b10=\" data-rl_title=\"\" data-rl_caption=\"\" title=\"\">\n\t\t\t\t\t\t\t\t\t\t<div class=\"edgtf-ig-image-holder\">\n\t\t\t\t\t\t\t\t\t\t\t\t\t<img loading=\"lazy\" decoding=\"async\" width=\"1024\" height=\"763\" src=\"https:\/\/ricardterre.com\/wp-content\/uploads\/2026\/02\/1957_TERRE_BARCELONA-1024x763.jpg\" class=\"attachment-large size-large\" alt=\"\" srcset=\"https:\/\/ricardterre.com\/wp-content\/uploads\/2026\/02\/1957_TERRE_BARCELONA-1024x763.jpg 1024w, https:\/\/ricardterre.com\/wp-content\/uploads\/2026\/02\/1957_TERRE_BARCELONA-300x224.jpg 300w, https:\/\/ricardterre.com\/wp-content\/uploads\/2026\/02\/1957_TERRE_BARCELONA-768x573.jpg 768w, https:\/\/ricardterre.com\/wp-content\/uploads\/2026\/02\/1957_TERRE_BARCELONA-1536x1145.jpg 1536w, https:\/\/ricardterre.com\/wp-content\/uploads\/2026\/02\/1957_TERRE_BARCELONA-600x447.jpg 600w, https:\/\/ricardterre.com\/wp-content\/uploads\/2026\/02\/1957_TERRE_BARCELONA.jpg 1800w\" sizes=\"auto, (max-width: 1024px) 100vw, 1024px\" \/>\t\t\t\t\t\t\t\t\t\t\t<\/div>\n\t\t\t\t\t\t\t\t\t<\/a>\n\t\t\t\t\t\t\t<\/div>\n\t\t\t\t\t<div class=\"edgtf-gallery-image\">\n\t\t\t\t\t\t\t\t\t<a href=\"https:\/\/ricardterre.com\/wp-content\/uploads\/2026\/02\/mesa_santa_marta.jpg\" data-rel=\"lightbox-image-cHJldHR5UGhvdG9bc2luZ2xlX3ByZXR0eV9waG90b10=\" data-rl_title=\"\" data-rl_caption=\"\" title=\"\">\n\t\t\t\t\t\t\t\t\t\t<div class=\"edgtf-ig-image-holder\">\n\t\t\t\t\t\t\t\t\t\t\t\t\t<img loading=\"lazy\" decoding=\"async\" width=\"756\" height=\"1024\" src=\"https:\/\/ricardterre.com\/wp-content\/uploads\/2026\/02\/mesa_santa_marta-756x1024.jpg\" class=\"attachment-large size-large\" alt=\"\" srcset=\"https:\/\/ricardterre.com\/wp-content\/uploads\/2026\/02\/mesa_santa_marta-756x1024.jpg 756w, https:\/\/ricardterre.com\/wp-content\/uploads\/2026\/02\/mesa_santa_marta-222x300.jpg 222w, https:\/\/ricardterre.com\/wp-content\/uploads\/2026\/02\/mesa_santa_marta-768x1040.jpg 768w, https:\/\/ricardterre.com\/wp-content\/uploads\/2026\/02\/mesa_santa_marta-1134x1536.jpg 1134w, https:\/\/ricardterre.com\/wp-content\/uploads\/2026\/02\/mesa_santa_marta-600x812.jpg 600w, https:\/\/ricardterre.com\/wp-content\/uploads\/2026\/02\/mesa_santa_marta.jpg 1477w\" sizes=\"auto, (max-width: 756px) 100vw, 756px\" \/>\t\t\t\t\t\t\t\t\t\t\t<\/div>\n\t\t\t\t\t\t\t\t\t<\/a>\n\t\t\t\t\t\t\t<\/div>\n\t\t\t\t\t<div class=\"edgtf-gallery-image\">\n\t\t\t\t\t\t\t\t\t<a href=\"https:\/\/ricardterre.com\/wp-content\/uploads\/2026\/02\/125-13.jpg\" data-rel=\"lightbox-image-cHJldHR5UGhvdG9bc2luZ2xlX3ByZXR0eV9waG90b10=\" data-rl_title=\"\" data-rl_caption=\"\" title=\"\">\n\t\t\t\t\t\t\t\t\t\t<div class=\"edgtf-ig-image-holder\">\n\t\t\t\t\t\t\t\t\t\t\t\t\t<img loading=\"lazy\" decoding=\"async\" width=\"777\" height=\"1024\" src=\"https:\/\/ricardterre.com\/wp-content\/uploads\/2026\/02\/125-13-777x1024.jpg\" class=\"attachment-large size-large\" alt=\"\" srcset=\"https:\/\/ricardterre.com\/wp-content\/uploads\/2026\/02\/125-13-777x1024.jpg 777w, https:\/\/ricardterre.com\/wp-content\/uploads\/2026\/02\/125-13-228x300.jpg 228w, https:\/\/ricardterre.com\/wp-content\/uploads\/2026\/02\/125-13-768x1012.jpg 768w, https:\/\/ricardterre.com\/wp-content\/uploads\/2026\/02\/125-13-1166x1536.jpg 1166w, https:\/\/ricardterre.com\/wp-content\/uploads\/2026\/02\/125-13-600x791.jpg 600w, https:\/\/ricardterre.com\/wp-content\/uploads\/2026\/02\/125-13.jpg 1518w\" sizes=\"auto, (max-width: 777px) 100vw, 777px\" \/>\t\t\t\t\t\t\t\t\t\t\t<\/div>\n\t\t\t\t\t\t\t\t\t<\/a>\n\t\t\t\t\t\t\t<\/div>\n\t\t\t\t\t<div class=\"edgtf-gallery-image\">\n\t\t\t\t\t\t\t\t\t<a href=\"https:\/\/ricardterre.com\/wp-content\/uploads\/2026\/02\/100_DCHA.jpg\" data-rel=\"lightbox-image-cHJldHR5UGhvdG9bc2luZ2xlX3ByZXR0eV9waG90b10=\" data-rl_title=\"\" data-rl_caption=\"\" title=\"\">\n\t\t\t\t\t\t\t\t\t\t<div class=\"edgtf-ig-image-holder\">\n\t\t\t\t\t\t\t\t\t\t\t\t\t<img loading=\"lazy\" decoding=\"async\" width=\"753\" height=\"1024\" src=\"https:\/\/ricardterre.com\/wp-content\/uploads\/2026\/02\/100_DCHA-753x1024.jpg\" class=\"attachment-large size-large\" alt=\"\" srcset=\"https:\/\/ricardterre.com\/wp-content\/uploads\/2026\/02\/100_DCHA-753x1024.jpg 753w, https:\/\/ricardterre.com\/wp-content\/uploads\/2026\/02\/100_DCHA-221x300.jpg 221w, https:\/\/ricardterre.com\/wp-content\/uploads\/2026\/02\/100_DCHA-768x1045.jpg 768w, https:\/\/ricardterre.com\/wp-content\/uploads\/2026\/02\/100_DCHA-1129x1536.jpg 1129w, https:\/\/ricardterre.com\/wp-content\/uploads\/2026\/02\/100_DCHA-600x816.jpg 600w, https:\/\/ricardterre.com\/wp-content\/uploads\/2026\/02\/100_DCHA.jpg 1470w\" sizes=\"auto, (max-width: 753px) 100vw, 753px\" \/>\t\t\t\t\t\t\t\t\t\t\t<\/div>\n\t\t\t\t\t\t\t\t\t<\/a>\n\t\t\t\t\t\t\t<\/div>\n\t\t\t\t\t<div class=\"edgtf-gallery-image\">\n\t\t\t\t\t\t\t\t\t<a href=\"https:\/\/ricardterre.com\/wp-content\/uploads\/2026\/02\/013_SOLA-1.jpg\" data-rel=\"lightbox-image-cHJldHR5UGhvdG9bc2luZ2xlX3ByZXR0eV9waG90b10=\" data-rl_title=\"\" data-rl_caption=\"\" title=\"\">\n\t\t\t\t\t\t\t\t\t\t<div class=\"edgtf-ig-image-holder\">\n\t\t\t\t\t\t\t\t\t\t\t\t\t<img loading=\"lazy\" decoding=\"async\" width=\"758\" height=\"1024\" src=\"https:\/\/ricardterre.com\/wp-content\/uploads\/2026\/02\/013_SOLA-1-758x1024.jpg\" class=\"attachment-large size-large\" alt=\"\" srcset=\"https:\/\/ricardterre.com\/wp-content\/uploads\/2026\/02\/013_SOLA-1-758x1024.jpg 758w, https:\/\/ricardterre.com\/wp-content\/uploads\/2026\/02\/013_SOLA-1-222x300.jpg 222w, https:\/\/ricardterre.com\/wp-content\/uploads\/2026\/02\/013_SOLA-1-768x1037.jpg 768w, https:\/\/ricardterre.com\/wp-content\/uploads\/2026\/02\/013_SOLA-1-1137x1536.jpg 1137w, https:\/\/ricardterre.com\/wp-content\/uploads\/2026\/02\/013_SOLA-1-600x810.jpg 600w, https:\/\/ricardterre.com\/wp-content\/uploads\/2026\/02\/013_SOLA-1.jpg 1481w\" sizes=\"auto, (max-width: 758px) 100vw, 758px\" \/>\t\t\t\t\t\t\t\t\t\t\t<\/div>\n\t\t\t\t\t\t\t\t\t<\/a>\n\t\t\t\t\t\t\t<\/div>\n\t\t\t<\/div>\n<\/div>\n<\/div><\/div><\/div><div class=\"wpb_column vc_column_container vc_col-sm-3\"><div class=\"vc_column-inner\"><div class=\"wpb_wrapper\">\n\t<div class=\"wpb_text_column wpb_content_element vc_custom_1776507904101\" >\n\t\t<div class=\"wpb_wrapper\">\n\t\t\t<h1 class=\"western\" style=\"text-align: left;\">The rites, death<\/h1>\n<p>&nbsp;<\/p>\n\n\t\t<\/div>\n\t<\/div>\n\n\t<div class=\"wpb_text_column wpb_content_element vc_custom_1776507917921\" >\n\t\t<div class=\"wpb_wrapper\">\n\t\t\t<p style=\"text-align: left;\">La muerte, como final y decadencia, fue el tema preferido de Ricard Terr\u00e9. No siempre la trat\u00f3 de forma l\u00fagubre. La abord\u00f3 con iron\u00eda, que era su modo de enfrentar lo grave. En Barcelona fotografi\u00f3 las tumbas de Montju\u00efc, rompiendo el tab\u00fa con primeros planos de nichos a plena luz donde pod\u00edan leerse los nombres. Opuesto a la visi\u00f3n rom\u00e1ntica del cementerio al atardecer, su gesto fue una provocaci\u00f3n. La cercan\u00eda de la muerte abr\u00eda la puerta a lo trascendente y quebraba seguridades.<\/p>\n<p style=\"text-align: left;\">Sus im\u00e1genes funerarias no son solo descriptivas. Contienen detalles po\u00e9ticos, a veces humor\u00edsticos, que enfrentan lo mortuorio a la vida \u2014un nicho vac\u00edo que sirve de fresquera a la bota de vino del enterrador, una margarita ajada en un osario sin nombre y m\u00e1s detalles que hay que descubrir, pues cada foto fue detenidamente escogida por \u00e9l para completar la serie.<\/p>\n\n\t\t<\/div>\n\t<\/div>\n<\/div><\/div><\/div><\/div><\/div>\n<\/div>","protected":false},"excerpt":{"rendered":"Los ritos, la muerte &nbsp; La muerte, como final y decadencia, fue el tema preferido de Ricard Terr\u00e9. No siempre la trat\u00f3 de forma l\u00fagubre. La abord\u00f3 con iron\u00eda, que era su modo de enfrentar lo grave. En Barcelona fotografi\u00f3 las tumbas de Montju\u00efc, rompiendo...","protected":false},"author":1,"featured_media":0,"parent":0,"menu_order":0,"comment_status":"closed","ping_status":"closed","template":"","meta":{"ngg_post_thumbnail":0,"footnotes":""},"class_list":["post-8327","page","type-page","status-publish","hentry"],"_links":{"self":[{"href":"https:\/\/ricardterre.com\/en\/wp-json\/wp\/v2\/pages\/8327","targetHints":{"allow":["GET"]}}],"collection":[{"href":"https:\/\/ricardterre.com\/en\/wp-json\/wp\/v2\/pages"}],"about":[{"href":"https:\/\/ricardterre.com\/en\/wp-json\/wp\/v2\/types\/page"}],"author":[{"embeddable":true,"href":"https:\/\/ricardterre.com\/en\/wp-json\/wp\/v2\/users\/1"}],"replies":[{"embeddable":true,"href":"https:\/\/ricardterre.com\/en\/wp-json\/wp\/v2\/comments?post=8327"}],"version-history":[{"count":3,"href":"https:\/\/ricardterre.com\/en\/wp-json\/wp\/v2\/pages\/8327\/revisions"}],"predecessor-version":[{"id":8393,"href":"https:\/\/ricardterre.com\/en\/wp-json\/wp\/v2\/pages\/8327\/revisions\/8393"}],"wp:attachment":[{"href":"https:\/\/ricardterre.com\/en\/wp-json\/wp\/v2\/media?parent=8327"}],"curies":[{"name":"wp","href":"https:\/\/api.w.org\/{rel}","templated":true}]}}