{"id":8325,"date":"2026-04-18T11:27:08","date_gmt":"2026-04-18T09:27:08","guid":{"rendered":"https:\/\/ricardterre.com\/?page_id=8325"},"modified":"2026-04-18T12:46:01","modified_gmt":"2026-04-18T10:46:01","slug":"os-nenos-de-san-francisco","status":"publish","type":"page","link":"https:\/\/ricardterre.com\/en\/os-nenos-de-san-francisco\/","title":{"rendered":"The Children of San Francisco"},"content":{"rendered":"<div class=\"wpb-content-wrapper\"><div class=\"vc_row wpb_row vc_row-fluid edgtf-section vc_custom_1771608722087 edgtf-content-aligment-right\" style=\"\"><div class=\"clearfix edgtf-full-section-inner\"><div class=\"wpb_column vc_column_container vc_col-sm-9\"><div class=\"vc_column-inner\"><div class=\"wpb_wrapper\"><div class=\"edgtf-image-gallery\">\n\t<div class=\"edgtf-image-gallery-grid clearfix edgtf-gallery-with-space edgtf-gallery-columns-2\">\n\t\t\t\t\t<div class=\"edgtf-gallery-image\">\n\t\t\t\t\t\t\t\t\t<a href=\"https:\/\/ricardterre.com\/wp-content\/uploads\/2026\/02\/278-16.jpg\" data-rel=\"lightbox-image-cHJldHR5UGhvdG9bc2luZ2xlX3ByZXR0eV9waG90b10=\" data-rl_title=\"\" data-rl_caption=\"\" title=\"\">\n\t\t\t\t\t\t\t\t\t\t<div class=\"edgtf-ig-image-holder\">\n\t\t\t\t\t\t\t\t\t\t\t\t\t<img loading=\"lazy\" decoding=\"async\" width=\"761\" height=\"1024\" src=\"https:\/\/ricardterre.com\/wp-content\/uploads\/2026\/02\/278-16-761x1024.jpg\" class=\"attachment-large size-large\" alt=\"\" srcset=\"https:\/\/ricardterre.com\/wp-content\/uploads\/2026\/02\/278-16-761x1024.jpg 761w, https:\/\/ricardterre.com\/wp-content\/uploads\/2026\/02\/278-16-223x300.jpg 223w, https:\/\/ricardterre.com\/wp-content\/uploads\/2026\/02\/278-16-768x1034.jpg 768w, https:\/\/ricardterre.com\/wp-content\/uploads\/2026\/02\/278-16-1141x1536.jpg 1141w, https:\/\/ricardterre.com\/wp-content\/uploads\/2026\/02\/278-16-600x808.jpg 600w, https:\/\/ricardterre.com\/wp-content\/uploads\/2026\/02\/278-16.jpg 1486w\" sizes=\"auto, (max-width: 761px) 100vw, 761px\" \/>\t\t\t\t\t\t\t\t\t\t\t<\/div>\n\t\t\t\t\t\t\t\t\t<\/a>\n\t\t\t\t\t\t\t<\/div>\n\t\t\t\t\t<div class=\"edgtf-gallery-image\">\n\t\t\t\t\t\t\t\t\t<a href=\"https:\/\/ricardterre.com\/wp-content\/uploads\/2026\/02\/265-16.jpg\" data-rel=\"lightbox-image-cHJldHR5UGhvdG9bc2luZ2xlX3ByZXR0eV9waG90b10=\" data-rl_title=\"\" data-rl_caption=\"\" title=\"\">\n\t\t\t\t\t\t\t\t\t\t<div class=\"edgtf-ig-image-holder\">\n\t\t\t\t\t\t\t\t\t\t\t\t\t<img loading=\"lazy\" decoding=\"async\" width=\"731\" height=\"1024\" src=\"https:\/\/ricardterre.com\/wp-content\/uploads\/2026\/02\/265-16-731x1024.jpg\" class=\"attachment-large size-large\" alt=\"\" srcset=\"https:\/\/ricardterre.com\/wp-content\/uploads\/2026\/02\/265-16-731x1024.jpg 731w, https:\/\/ricardterre.com\/wp-content\/uploads\/2026\/02\/265-16-214x300.jpg 214w, https:\/\/ricardterre.com\/wp-content\/uploads\/2026\/02\/265-16-768x1076.jpg 768w, https:\/\/ricardterre.com\/wp-content\/uploads\/2026\/02\/265-16-1097x1536.jpg 1097w, https:\/\/ricardterre.com\/wp-content\/uploads\/2026\/02\/265-16-600x840.jpg 600w, https:\/\/ricardterre.com\/wp-content\/uploads\/2026\/02\/265-16.jpg 1428w\" sizes=\"auto, (max-width: 731px) 100vw, 731px\" \/>\t\t\t\t\t\t\t\t\t\t\t<\/div>\n\t\t\t\t\t\t\t\t\t<\/a>\n\t\t\t\t\t\t\t<\/div>\n\t\t\t\t\t<div class=\"edgtf-gallery-image\">\n\t\t\t\t\t\t\t\t\t<a href=\"https:\/\/ricardterre.com\/wp-content\/uploads\/2026\/02\/057_IZDA.jpg\" data-rel=\"lightbox-image-cHJldHR5UGhvdG9bc2luZ2xlX3ByZXR0eV9waG90b10=\" data-rl_title=\"\" data-rl_caption=\"\" title=\"\">\n\t\t\t\t\t\t\t\t\t\t<div class=\"edgtf-ig-image-holder\">\n\t\t\t\t\t\t\t\t\t\t\t\t\t<img loading=\"lazy\" decoding=\"async\" width=\"734\" height=\"1024\" src=\"https:\/\/ricardterre.com\/wp-content\/uploads\/2026\/02\/057_IZDA-734x1024.jpg\" class=\"attachment-large size-large\" alt=\"\" srcset=\"https:\/\/ricardterre.com\/wp-content\/uploads\/2026\/02\/057_IZDA-734x1024.jpg 734w, https:\/\/ricardterre.com\/wp-content\/uploads\/2026\/02\/057_IZDA-215x300.jpg 215w, https:\/\/ricardterre.com\/wp-content\/uploads\/2026\/02\/057_IZDA-768x1071.jpg 768w, https:\/\/ricardterre.com\/wp-content\/uploads\/2026\/02\/057_IZDA-1101x1536.jpg 1101w, https:\/\/ricardterre.com\/wp-content\/uploads\/2026\/02\/057_IZDA-600x837.jpg 600w, https:\/\/ricardterre.com\/wp-content\/uploads\/2026\/02\/057_IZDA.jpg 1434w\" sizes=\"auto, (max-width: 734px) 100vw, 734px\" \/>\t\t\t\t\t\t\t\t\t\t\t<\/div>\n\t\t\t\t\t\t\t\t\t<\/a>\n\t\t\t\t\t\t\t<\/div>\n\t\t\t\t\t<div class=\"edgtf-gallery-image\">\n\t\t\t\t\t\t\t\t\t<a href=\"https:\/\/ricardterre.com\/wp-content\/uploads\/2026\/02\/052_DCHA.jpg\" data-rel=\"lightbox-image-cHJldHR5UGhvdG9bc2luZ2xlX3ByZXR0eV9waG90b10=\" data-rl_title=\"\" data-rl_caption=\"\" title=\"\">\n\t\t\t\t\t\t\t\t\t\t<div class=\"edgtf-ig-image-holder\">\n\t\t\t\t\t\t\t\t\t\t\t\t\t<img loading=\"lazy\" decoding=\"async\" width=\"715\" height=\"1024\" src=\"https:\/\/ricardterre.com\/wp-content\/uploads\/2026\/02\/052_DCHA-715x1024.jpg\" class=\"attachment-large size-large\" alt=\"\" srcset=\"https:\/\/ricardterre.com\/wp-content\/uploads\/2026\/02\/052_DCHA-715x1024.jpg 715w, https:\/\/ricardterre.com\/wp-content\/uploads\/2026\/02\/052_DCHA-210x300.jpg 210w, https:\/\/ricardterre.com\/wp-content\/uploads\/2026\/02\/052_DCHA-768x1099.jpg 768w, https:\/\/ricardterre.com\/wp-content\/uploads\/2026\/02\/052_DCHA-1073x1536.jpg 1073w, https:\/\/ricardterre.com\/wp-content\/uploads\/2026\/02\/052_DCHA-600x859.jpg 600w, https:\/\/ricardterre.com\/wp-content\/uploads\/2026\/02\/052_DCHA.jpg 1397w\" sizes=\"auto, (max-width: 715px) 100vw, 715px\" \/>\t\t\t\t\t\t\t\t\t\t\t<\/div>\n\t\t\t\t\t\t\t\t\t<\/a>\n\t\t\t\t\t\t\t<\/div>\n\t\t\t\t\t<div class=\"edgtf-gallery-image\">\n\t\t\t\t\t\t\t\t\t<a href=\"https:\/\/ricardterre.com\/wp-content\/uploads\/2026\/02\/051_IZDA.jpg\" data-rel=\"lightbox-image-cHJldHR5UGhvdG9bc2luZ2xlX3ByZXR0eV9waG90b10=\" data-rl_title=\"\" data-rl_caption=\"\" title=\"\">\n\t\t\t\t\t\t\t\t\t\t<div class=\"edgtf-ig-image-holder\">\n\t\t\t\t\t\t\t\t\t\t\t\t\t<img loading=\"lazy\" decoding=\"async\" width=\"763\" height=\"1024\" src=\"https:\/\/ricardterre.com\/wp-content\/uploads\/2026\/02\/051_IZDA-763x1024.jpg\" class=\"attachment-large size-large\" alt=\"\" srcset=\"https:\/\/ricardterre.com\/wp-content\/uploads\/2026\/02\/051_IZDA-763x1024.jpg 763w, https:\/\/ricardterre.com\/wp-content\/uploads\/2026\/02\/051_IZDA-224x300.jpg 224w, https:\/\/ricardterre.com\/wp-content\/uploads\/2026\/02\/051_IZDA-768x1031.jpg 768w, https:\/\/ricardterre.com\/wp-content\/uploads\/2026\/02\/051_IZDA-1144x1536.jpg 1144w, https:\/\/ricardterre.com\/wp-content\/uploads\/2026\/02\/051_IZDA-600x805.jpg 600w, https:\/\/ricardterre.com\/wp-content\/uploads\/2026\/02\/051_IZDA.jpg 1490w\" sizes=\"auto, (max-width: 763px) 100vw, 763px\" \/>\t\t\t\t\t\t\t\t\t\t\t<\/div>\n\t\t\t\t\t\t\t\t\t<\/a>\n\t\t\t\t\t\t\t<\/div>\n\t\t\t\t\t<div class=\"edgtf-gallery-image\">\n\t\t\t\t\t\t\t\t\t<a href=\"https:\/\/ricardterre.com\/wp-content\/uploads\/2026\/02\/050_DCHA.jpg\" data-rel=\"lightbox-image-cHJldHR5UGhvdG9bc2luZ2xlX3ByZXR0eV9waG90b10=\" data-rl_title=\"\" data-rl_caption=\"\" title=\"\">\n\t\t\t\t\t\t\t\t\t\t<div class=\"edgtf-ig-image-holder\">\n\t\t\t\t\t\t\t\t\t\t\t\t\t<img loading=\"lazy\" decoding=\"async\" width=\"753\" height=\"1024\" src=\"https:\/\/ricardterre.com\/wp-content\/uploads\/2026\/02\/050_DCHA-753x1024.jpg\" class=\"attachment-large size-large\" alt=\"\" srcset=\"https:\/\/ricardterre.com\/wp-content\/uploads\/2026\/02\/050_DCHA-753x1024.jpg 753w, https:\/\/ricardterre.com\/wp-content\/uploads\/2026\/02\/050_DCHA-221x300.jpg 221w, https:\/\/ricardterre.com\/wp-content\/uploads\/2026\/02\/050_DCHA-768x1045.jpg 768w, https:\/\/ricardterre.com\/wp-content\/uploads\/2026\/02\/050_DCHA-1129x1536.jpg 1129w, https:\/\/ricardterre.com\/wp-content\/uploads\/2026\/02\/050_DCHA-600x816.jpg 600w, https:\/\/ricardterre.com\/wp-content\/uploads\/2026\/02\/050_DCHA.jpg 1470w\" sizes=\"auto, (max-width: 753px) 100vw, 753px\" \/>\t\t\t\t\t\t\t\t\t\t\t<\/div>\n\t\t\t\t\t\t\t\t\t<\/a>\n\t\t\t\t\t\t\t<\/div>\n\t\t\t<\/div>\n<\/div>\n<\/div><\/div><\/div><div class=\"wpb_column vc_column_container vc_col-sm-3\"><div class=\"vc_column-inner\"><div class=\"wpb_wrapper\">\n\t<div class=\"wpb_text_column wpb_content_element vc_custom_1776507948583\" >\n\t\t<div class=\"wpb_wrapper\">\n\t\t\t<h1 class=\"western\" style=\"text-align: left;\">OS NENOS DE SAN FRANCISCO (1998)<\/h1>\n<p>&nbsp;<\/p>\n\n\t\t<\/div>\n\t<\/div>\n\n\t<div class=\"wpb_text_column wpb_content_element vc_custom_1776507958563\" >\n\t\t<div class=\"wpb_wrapper\">\n\t\t\t<p style=\"text-align: left;\"><i>Vigo-Visions<\/i> fue un proyecto impulsado por la Foto Bienal de Vigo que en cada edici\u00f3n invitaba a retratar la realidad de la ciudad a las m\u00e1s prestigiosas personalidades de la fotograf\u00eda. En el a\u00f1o 1998, Ricard Terr\u00e9 aprovecha este encargo para llevar a cabo un reportaje en el interior de una escuela de educaci\u00f3n especial. De las sesiones en las que convive con estos chichos y chicas surge este proyecto, <i>The children of San Francisco<\/i>.<\/p>\n<p style=\"text-align: left;\">\u00c9l mismo define su trabajo con un poema:<\/p>\n<p style=\"text-align: left;\"><i>Lo que difiere, nos es extra\u00f1o.<\/i><br \/>\n<i>Nos quedamos en la piel y no descubrimos su interior.<\/i><br \/>\n<i>En mi fotograf\u00eda busco mostrar,<\/i><br \/>\n<i>parando el tiempo y limitando el espacio,<\/i><br \/>\n<i>lo que pasa desapercibido a los dem\u00e1s.<\/i><br \/>\n<i>He llegado,<\/i><br \/>\n<strong>\u201c<i>donde no llega la mirada\u201d<\/i><\/strong><\/p>\n<p style=\"text-align: left;\">Disponible el cat\u00e1logo de la exposici\u00f3n.<\/p>\n\n\t\t<\/div>\n\t<\/div>\n<\/div><\/div><\/div><\/div><\/div>\n<\/div>","protected":false},"excerpt":{"rendered":"OS NENOS DE SAN FRANCISCO (1998) &nbsp; Vigo-Visions fue un proyecto impulsado por la Foto Bienal de Vigo que en cada edici\u00f3n invitaba a retratar la realidad de la ciudad a las m\u00e1s prestigiosas personalidades de la fotograf\u00eda. En el a\u00f1o 1998, Ricard Terr\u00e9 aprovecha...","protected":false},"author":1,"featured_media":0,"parent":0,"menu_order":0,"comment_status":"closed","ping_status":"closed","template":"","meta":{"ngg_post_thumbnail":0,"footnotes":""},"class_list":["post-8325","page","type-page","status-publish","hentry"],"_links":{"self":[{"href":"https:\/\/ricardterre.com\/en\/wp-json\/wp\/v2\/pages\/8325","targetHints":{"allow":["GET"]}}],"collection":[{"href":"https:\/\/ricardterre.com\/en\/wp-json\/wp\/v2\/pages"}],"about":[{"href":"https:\/\/ricardterre.com\/en\/wp-json\/wp\/v2\/types\/page"}],"author":[{"embeddable":true,"href":"https:\/\/ricardterre.com\/en\/wp-json\/wp\/v2\/users\/1"}],"replies":[{"embeddable":true,"href":"https:\/\/ricardterre.com\/en\/wp-json\/wp\/v2\/comments?post=8325"}],"version-history":[{"count":3,"href":"https:\/\/ricardterre.com\/en\/wp-json\/wp\/v2\/pages\/8325\/revisions"}],"predecessor-version":[{"id":8394,"href":"https:\/\/ricardterre.com\/en\/wp-json\/wp\/v2\/pages\/8325\/revisions\/8394"}],"wp:attachment":[{"href":"https:\/\/ricardterre.com\/en\/wp-json\/wp\/v2\/media?parent=8325"}],"curies":[{"name":"wp","href":"https:\/\/api.w.org\/{rel}","templated":true}]}}