{"id":8323,"date":"2026-04-18T11:23:46","date_gmt":"2026-04-18T09:23:46","guid":{"rendered":"https:\/\/ricardterre.com\/?page_id=8323"},"modified":"2026-04-18T12:46:57","modified_gmt":"2026-04-18T10:46:57","slug":"semana-santa-barcelona","status":"publish","type":"page","link":"https:\/\/ricardterre.com\/en\/semana-santa-barcelona\/","title":{"rendered":"EASTER WEEK (Barcelona)"},"content":{"rendered":"<div class=\"wpb-content-wrapper\"><div class=\"vc_row wpb_row vc_row-fluid edgtf-section vc_custom_1771608722087 edgtf-content-aligment-right\" style=\"\"><div class=\"clearfix edgtf-full-section-inner\"><div class=\"wpb_column vc_column_container vc_col-sm-9\"><div class=\"vc_column-inner\"><div class=\"wpb_wrapper\"><div class=\"edgtf-image-gallery\">\n\t<div class=\"edgtf-image-gallery-grid clearfix edgtf-gallery-with-space edgtf-gallery-columns-2\">\n\t\t\t\t\t<div class=\"edgtf-gallery-image\">\n\t\t\t\t\t\t\t\t\t<a href=\"https:\/\/ricardterre.com\/wp-content\/uploads\/2026\/02\/1957_SEMANA_SANTA_BARCELONA.jpg\" data-rel=\"lightbox-image-cHJldHR5UGhvdG9bc2luZ2xlX3ByZXR0eV9waG90b10=\" data-rl_title=\"\" data-rl_caption=\"\" title=\"\">\n\t\t\t\t\t\t\t\t\t\t<div class=\"edgtf-ig-image-holder\">\n\t\t\t\t\t\t\t\t\t\t\t\t\t<img loading=\"lazy\" decoding=\"async\" width=\"779\" height=\"1024\" src=\"https:\/\/ricardterre.com\/wp-content\/uploads\/2026\/02\/1957_SEMANA_SANTA_BARCELONA-779x1024.jpg\" class=\"attachment-large size-large\" alt=\"\" srcset=\"https:\/\/ricardterre.com\/wp-content\/uploads\/2026\/02\/1957_SEMANA_SANTA_BARCELONA-779x1024.jpg 779w, https:\/\/ricardterre.com\/wp-content\/uploads\/2026\/02\/1957_SEMANA_SANTA_BARCELONA-228x300.jpg 228w, https:\/\/ricardterre.com\/wp-content\/uploads\/2026\/02\/1957_SEMANA_SANTA_BARCELONA-768x1010.jpg 768w, https:\/\/ricardterre.com\/wp-content\/uploads\/2026\/02\/1957_SEMANA_SANTA_BARCELONA-1168x1536.jpg 1168w, https:\/\/ricardterre.com\/wp-content\/uploads\/2026\/02\/1957_SEMANA_SANTA_BARCELONA-600x789.jpg 600w, https:\/\/ricardterre.com\/wp-content\/uploads\/2026\/02\/1957_SEMANA_SANTA_BARCELONA.jpg 1521w\" sizes=\"auto, (max-width: 779px) 100vw, 779px\" \/>\t\t\t\t\t\t\t\t\t\t\t<\/div>\n\t\t\t\t\t\t\t\t\t<\/a>\n\t\t\t\t\t\t\t<\/div>\n\t\t\t\t\t<div class=\"edgtf-gallery-image\">\n\t\t\t\t\t\t\t\t\t<a href=\"https:\/\/ricardterre.com\/wp-content\/uploads\/2026\/02\/024_IZDA.jpg\" data-rel=\"lightbox-image-cHJldHR5UGhvdG9bc2luZ2xlX3ByZXR0eV9waG90b10=\" data-rl_title=\"\" data-rl_caption=\"\" title=\"\">\n\t\t\t\t\t\t\t\t\t\t<div class=\"edgtf-ig-image-holder\">\n\t\t\t\t\t\t\t\t\t\t\t\t\t<img loading=\"lazy\" decoding=\"async\" width=\"838\" height=\"1024\" src=\"https:\/\/ricardterre.com\/wp-content\/uploads\/2026\/02\/024_IZDA-838x1024.jpg\" class=\"attachment-large size-large\" alt=\"\" srcset=\"https:\/\/ricardterre.com\/wp-content\/uploads\/2026\/02\/024_IZDA-838x1024.jpg 838w, https:\/\/ricardterre.com\/wp-content\/uploads\/2026\/02\/024_IZDA-246x300.jpg 246w, https:\/\/ricardterre.com\/wp-content\/uploads\/2026\/02\/024_IZDA-768x938.jpg 768w, https:\/\/ricardterre.com\/wp-content\/uploads\/2026\/02\/024_IZDA-1257x1536.jpg 1257w, https:\/\/ricardterre.com\/wp-content\/uploads\/2026\/02\/024_IZDA-600x733.jpg 600w, https:\/\/ricardterre.com\/wp-content\/uploads\/2026\/02\/024_IZDA.jpg 1637w\" sizes=\"auto, (max-width: 838px) 100vw, 838px\" \/>\t\t\t\t\t\t\t\t\t\t\t<\/div>\n\t\t\t\t\t\t\t\t\t<\/a>\n\t\t\t\t\t\t\t<\/div>\n\t\t\t\t\t<div class=\"edgtf-gallery-image\">\n\t\t\t\t\t\t\t\t\t<a href=\"https:\/\/ricardterre.com\/wp-content\/uploads\/2026\/02\/023_DCHA.jpg\" data-rel=\"lightbox-image-cHJldHR5UGhvdG9bc2luZ2xlX3ByZXR0eV9waG90b10=\" data-rl_title=\"\" data-rl_caption=\"\" title=\"\">\n\t\t\t\t\t\t\t\t\t\t<div class=\"edgtf-ig-image-holder\">\n\t\t\t\t\t\t\t\t\t\t\t\t\t<img loading=\"lazy\" decoding=\"async\" width=\"1024\" height=\"762\" src=\"https:\/\/ricardterre.com\/wp-content\/uploads\/2026\/02\/023_DCHA-1024x762.jpg\" class=\"attachment-large size-large\" alt=\"\" srcset=\"https:\/\/ricardterre.com\/wp-content\/uploads\/2026\/02\/023_DCHA-1024x762.jpg 1024w, https:\/\/ricardterre.com\/wp-content\/uploads\/2026\/02\/023_DCHA-300x223.jpg 300w, https:\/\/ricardterre.com\/wp-content\/uploads\/2026\/02\/023_DCHA-768x571.jpg 768w, https:\/\/ricardterre.com\/wp-content\/uploads\/2026\/02\/023_DCHA-1536x1143.jpg 1536w, https:\/\/ricardterre.com\/wp-content\/uploads\/2026\/02\/023_DCHA-600x446.jpg 600w\" sizes=\"auto, (max-width: 1024px) 100vw, 1024px\" \/>\t\t\t\t\t\t\t\t\t\t\t<\/div>\n\t\t\t\t\t\t\t\t\t<\/a>\n\t\t\t\t\t\t\t<\/div>\n\t\t\t\t\t<div class=\"edgtf-gallery-image\">\n\t\t\t\t\t\t\t\t\t<a href=\"https:\/\/ricardterre.com\/wp-content\/uploads\/2026\/02\/019_IZDA.jpg\" data-rel=\"lightbox-image-cHJldHR5UGhvdG9bc2luZ2xlX3ByZXR0eV9waG90b10=\" data-rl_title=\"\" data-rl_caption=\"\" title=\"\">\n\t\t\t\t\t\t\t\t\t\t<div class=\"edgtf-ig-image-holder\">\n\t\t\t\t\t\t\t\t\t\t\t\t\t<img loading=\"lazy\" decoding=\"async\" width=\"752\" height=\"1024\" src=\"https:\/\/ricardterre.com\/wp-content\/uploads\/2026\/02\/019_IZDA-752x1024.jpg\" class=\"attachment-large size-large\" alt=\"\" srcset=\"https:\/\/ricardterre.com\/wp-content\/uploads\/2026\/02\/019_IZDA-752x1024.jpg 752w, https:\/\/ricardterre.com\/wp-content\/uploads\/2026\/02\/019_IZDA-220x300.jpg 220w, https:\/\/ricardterre.com\/wp-content\/uploads\/2026\/02\/019_IZDA-768x1046.jpg 768w, https:\/\/ricardterre.com\/wp-content\/uploads\/2026\/02\/019_IZDA-1127x1536.jpg 1127w, https:\/\/ricardterre.com\/wp-content\/uploads\/2026\/02\/019_IZDA-600x817.jpg 600w, https:\/\/ricardterre.com\/wp-content\/uploads\/2026\/02\/019_IZDA.jpg 1468w\" sizes=\"auto, (max-width: 752px) 100vw, 752px\" \/>\t\t\t\t\t\t\t\t\t\t\t<\/div>\n\t\t\t\t\t\t\t\t\t<\/a>\n\t\t\t\t\t\t\t<\/div>\n\t\t\t\t\t<div class=\"edgtf-gallery-image\">\n\t\t\t\t\t\t\t\t\t<a href=\"https:\/\/ricardterre.com\/wp-content\/uploads\/2026\/02\/018_DCHA.jpg\" data-rel=\"lightbox-image-cHJldHR5UGhvdG9bc2luZ2xlX3ByZXR0eV9waG90b10=\" data-rl_title=\"\" data-rl_caption=\"\" title=\"\">\n\t\t\t\t\t\t\t\t\t\t<div class=\"edgtf-ig-image-holder\">\n\t\t\t\t\t\t\t\t\t\t\t\t\t<img loading=\"lazy\" decoding=\"async\" width=\"755\" height=\"1024\" src=\"https:\/\/ricardterre.com\/wp-content\/uploads\/2026\/02\/018_DCHA-755x1024.jpg\" class=\"attachment-large size-large\" alt=\"\" srcset=\"https:\/\/ricardterre.com\/wp-content\/uploads\/2026\/02\/018_DCHA-755x1024.jpg 755w, https:\/\/ricardterre.com\/wp-content\/uploads\/2026\/02\/018_DCHA-221x300.jpg 221w, https:\/\/ricardterre.com\/wp-content\/uploads\/2026\/02\/018_DCHA-768x1042.jpg 768w, https:\/\/ricardterre.com\/wp-content\/uploads\/2026\/02\/018_DCHA-1132x1536.jpg 1132w, https:\/\/ricardterre.com\/wp-content\/uploads\/2026\/02\/018_DCHA-600x814.jpg 600w, https:\/\/ricardterre.com\/wp-content\/uploads\/2026\/02\/018_DCHA.jpg 1474w\" sizes=\"auto, (max-width: 755px) 100vw, 755px\" \/>\t\t\t\t\t\t\t\t\t\t\t<\/div>\n\t\t\t\t\t\t\t\t\t<\/a>\n\t\t\t\t\t\t\t<\/div>\n\t\t\t\t\t<div class=\"edgtf-gallery-image\">\n\t\t\t\t\t\t\t\t\t<a href=\"https:\/\/ricardterre.com\/wp-content\/uploads\/2026\/02\/017_IZDA.jpg\" data-rel=\"lightbox-image-cHJldHR5UGhvdG9bc2luZ2xlX3ByZXR0eV9waG90b10=\" data-rl_title=\"\" data-rl_caption=\"\" title=\"\">\n\t\t\t\t\t\t\t\t\t\t<div class=\"edgtf-ig-image-holder\">\n\t\t\t\t\t\t\t\t\t\t\t\t\t<img loading=\"lazy\" decoding=\"async\" width=\"1024\" height=\"751\" src=\"https:\/\/ricardterre.com\/wp-content\/uploads\/2026\/02\/017_IZDA-1024x751.jpg\" class=\"attachment-large size-large\" alt=\"\" srcset=\"https:\/\/ricardterre.com\/wp-content\/uploads\/2026\/02\/017_IZDA-1024x751.jpg 1024w, https:\/\/ricardterre.com\/wp-content\/uploads\/2026\/02\/017_IZDA-300x220.jpg 300w, https:\/\/ricardterre.com\/wp-content\/uploads\/2026\/02\/017_IZDA-768x563.jpg 768w, https:\/\/ricardterre.com\/wp-content\/uploads\/2026\/02\/017_IZDA-1536x1127.jpg 1536w, https:\/\/ricardterre.com\/wp-content\/uploads\/2026\/02\/017_IZDA-600x440.jpg 600w\" sizes=\"auto, (max-width: 1024px) 100vw, 1024px\" \/>\t\t\t\t\t\t\t\t\t\t\t<\/div>\n\t\t\t\t\t\t\t\t\t<\/a>\n\t\t\t\t\t\t\t<\/div>\n\t\t\t\t\t<div class=\"edgtf-gallery-image\">\n\t\t\t\t\t\t\t\t\t<a href=\"https:\/\/ricardterre.com\/wp-content\/uploads\/2026\/02\/2_011.jpg\" data-rel=\"lightbox-image-cHJldHR5UGhvdG9bc2luZ2xlX3ByZXR0eV9waG90b10=\" data-rl_title=\"\" data-rl_caption=\"\" title=\"\">\n\t\t\t\t\t\t\t\t\t\t<div class=\"edgtf-ig-image-holder\">\n\t\t\t\t\t\t\t\t\t\t\t\t\t<img loading=\"lazy\" decoding=\"async\" width=\"1024\" height=\"1019\" src=\"https:\/\/ricardterre.com\/wp-content\/uploads\/2026\/02\/2_011-1024x1019.jpg\" class=\"attachment-large size-large\" alt=\"\" srcset=\"https:\/\/ricardterre.com\/wp-content\/uploads\/2026\/02\/2_011-1024x1019.jpg 1024w, https:\/\/ricardterre.com\/wp-content\/uploads\/2026\/02\/2_011-300x300.jpg 300w, https:\/\/ricardterre.com\/wp-content\/uploads\/2026\/02\/2_011-150x150.jpg 150w, https:\/\/ricardterre.com\/wp-content\/uploads\/2026\/02\/2_011-768x765.jpg 768w, https:\/\/ricardterre.com\/wp-content\/uploads\/2026\/02\/2_011-1536x1529.jpg 1536w, https:\/\/ricardterre.com\/wp-content\/uploads\/2026\/02\/2_011-600x597.jpg 600w, https:\/\/ricardterre.com\/wp-content\/uploads\/2026\/02\/2_011-100x100.jpg 100w\" sizes=\"auto, (max-width: 1024px) 100vw, 1024px\" \/>\t\t\t\t\t\t\t\t\t\t\t<\/div>\n\t\t\t\t\t\t\t\t\t<\/a>\n\t\t\t\t\t\t\t<\/div>\n\t\t\t\t\t<div class=\"edgtf-gallery-image\">\n\t\t\t\t\t\t\t\t\t<a href=\"https:\/\/ricardterre.com\/wp-content\/uploads\/2026\/02\/1-232.jpg\" data-rel=\"lightbox-image-cHJldHR5UGhvdG9bc2luZ2xlX3ByZXR0eV9waG90b10=\" data-rl_title=\"\" data-rl_caption=\"\" title=\"\">\n\t\t\t\t\t\t\t\t\t\t<div class=\"edgtf-ig-image-holder\">\n\t\t\t\t\t\t\t\t\t\t\t\t\t<img loading=\"lazy\" decoding=\"async\" width=\"838\" height=\"1024\" src=\"https:\/\/ricardterre.com\/wp-content\/uploads\/2026\/02\/1-232-838x1024.jpg\" class=\"attachment-large size-large\" alt=\"\" srcset=\"https:\/\/ricardterre.com\/wp-content\/uploads\/2026\/02\/1-232-838x1024.jpg 838w, https:\/\/ricardterre.com\/wp-content\/uploads\/2026\/02\/1-232-246x300.jpg 246w, https:\/\/ricardterre.com\/wp-content\/uploads\/2026\/02\/1-232-768x938.jpg 768w, https:\/\/ricardterre.com\/wp-content\/uploads\/2026\/02\/1-232-1257x1536.jpg 1257w, https:\/\/ricardterre.com\/wp-content\/uploads\/2026\/02\/1-232-600x733.jpg 600w, https:\/\/ricardterre.com\/wp-content\/uploads\/2026\/02\/1-232.jpg 1637w\" sizes=\"auto, (max-width: 838px) 100vw, 838px\" \/>\t\t\t\t\t\t\t\t\t\t\t<\/div>\n\t\t\t\t\t\t\t\t\t<\/a>\n\t\t\t\t\t\t\t<\/div>\n\t\t\t\t\t<div class=\"edgtf-gallery-image\">\n\t\t\t\t\t\t\t\t\t<a href=\"https:\/\/ricardterre.com\/wp-content\/uploads\/2026\/02\/1-102.jpg\" data-rel=\"lightbox-image-cHJldHR5UGhvdG9bc2luZ2xlX3ByZXR0eV9waG90b10=\" data-rl_title=\"\" data-rl_caption=\"\" title=\"\">\n\t\t\t\t\t\t\t\t\t\t<div class=\"edgtf-ig-image-holder\">\n\t\t\t\t\t\t\t\t\t\t\t\t\t<img loading=\"lazy\" decoding=\"async\" width=\"1024\" height=\"826\" src=\"https:\/\/ricardterre.com\/wp-content\/uploads\/2026\/02\/1-102-1024x826.jpg\" class=\"attachment-large size-large\" alt=\"\" srcset=\"https:\/\/ricardterre.com\/wp-content\/uploads\/2026\/02\/1-102-1024x826.jpg 1024w, https:\/\/ricardterre.com\/wp-content\/uploads\/2026\/02\/1-102-300x242.jpg 300w, https:\/\/ricardterre.com\/wp-content\/uploads\/2026\/02\/1-102-768x619.jpg 768w, https:\/\/ricardterre.com\/wp-content\/uploads\/2026\/02\/1-102-1536x1239.jpg 1536w, https:\/\/ricardterre.com\/wp-content\/uploads\/2026\/02\/1-102-600x484.jpg 600w\" sizes=\"auto, (max-width: 1024px) 100vw, 1024px\" \/>\t\t\t\t\t\t\t\t\t\t\t<\/div>\n\t\t\t\t\t\t\t\t\t<\/a>\n\t\t\t\t\t\t\t<\/div>\n\t\t\t<\/div>\n<\/div>\n<\/div><\/div><\/div><div class=\"wpb_column vc_column_container vc_col-sm-3\"><div class=\"vc_column-inner\"><div class=\"wpb_wrapper\">\n\t<div class=\"wpb_text_column wpb_content_element vc_custom_1776508024802\" >\n\t\t<div class=\"wpb_wrapper\">\n\t\t\t<h1 class=\"western\" style=\"text-align: left;\">semana santa en barcelona (1956 \u2013 1960)<\/h1>\n<p>&nbsp;<\/p>\n\n\t\t<\/div>\n\t<\/div>\n\n\t<div class=\"wpb_text_column wpb_content_element vc_custom_1776508033059\" >\n\t\t<div class=\"wpb_wrapper\">\n\t\t\t<p style=\"text-align: left;\">Las procesiones de Semana Santa han sido un fuerte motivo de inspiraci\u00f3n para Ricard Terr\u00e9. Las primeras fotograf\u00edas las hizo en Barcelona en 1956.<\/p>\n<p>&nbsp;<\/p>\n<p>&nbsp;<\/p>\n\n\t\t<\/div>\n\t<\/div>\n<\/div><\/div><\/div><\/div><\/div>\n<\/div>","protected":false},"excerpt":{"rendered":"semana santa en barcelona (1956 \u2013 1960) &nbsp; Las procesiones de Semana Santa han sido un fuerte motivo de inspiraci\u00f3n para Ricard Terr\u00e9. Las primeras fotograf\u00edas las hizo en Barcelona en 1956. &nbsp; &nbsp;","protected":false},"author":1,"featured_media":0,"parent":0,"menu_order":0,"comment_status":"closed","ping_status":"closed","template":"","meta":{"ngg_post_thumbnail":0,"footnotes":""},"class_list":["post-8323","page","type-page","status-publish","hentry"],"_links":{"self":[{"href":"https:\/\/ricardterre.com\/en\/wp-json\/wp\/v2\/pages\/8323","targetHints":{"allow":["GET"]}}],"collection":[{"href":"https:\/\/ricardterre.com\/en\/wp-json\/wp\/v2\/pages"}],"about":[{"href":"https:\/\/ricardterre.com\/en\/wp-json\/wp\/v2\/types\/page"}],"author":[{"embeddable":true,"href":"https:\/\/ricardterre.com\/en\/wp-json\/wp\/v2\/users\/1"}],"replies":[{"embeddable":true,"href":"https:\/\/ricardterre.com\/en\/wp-json\/wp\/v2\/comments?post=8323"}],"version-history":[{"count":3,"href":"https:\/\/ricardterre.com\/en\/wp-json\/wp\/v2\/pages\/8323\/revisions"}],"predecessor-version":[{"id":8396,"href":"https:\/\/ricardterre.com\/en\/wp-json\/wp\/v2\/pages\/8323\/revisions\/8396"}],"wp:attachment":[{"href":"https:\/\/ricardterre.com\/en\/wp-json\/wp\/v2\/media?parent=8323"}],"curies":[{"name":"wp","href":"https:\/\/api.w.org\/{rel}","templated":true}]}}