{"id":8320,"date":"2026-04-18T11:18:13","date_gmt":"2026-04-18T09:18:13","guid":{"rendered":"https:\/\/ricardterre.com\/?page_id=8320"},"modified":"2026-04-18T12:50:33","modified_gmt":"2026-04-18T10:50:33","slug":"viudas-del-mar","status":"publish","type":"page","link":"https:\/\/ricardterre.com\/en\/viudas-del-mar\/","title":{"rendered":"Widows of the Sea"},"content":{"rendered":"<div class=\"wpb-content-wrapper\"><div class=\"vc_row wpb_row vc_row-fluid edgtf-section vc_custom_1771608722087 edgtf-content-aligment-right\" style=\"\"><div class=\"clearfix edgtf-full-section-inner\"><div class=\"wpb_column vc_column_container vc_col-sm-9\"><div class=\"vc_column-inner\"><div class=\"wpb_wrapper\"><div class=\"edgtf-image-gallery\">\n\t<div class=\"edgtf-image-gallery-grid clearfix edgtf-gallery-with-space edgtf-gallery-columns-2\">\n\t\t\t\t\t<div class=\"edgtf-gallery-image\">\n\t\t\t\t\t\t\t\t\t<a href=\"https:\/\/ricardterre.com\/wp-content\/uploads\/2026\/02\/1964_TERRE_NAZARE22.jpg\" data-rel=\"lightbox-image-cHJldHR5UGhvdG9bc2luZ2xlX3ByZXR0eV9waG90b10=\" data-rl_title=\"\" data-rl_caption=\"\" title=\"\">\n\t\t\t\t\t\t\t\t\t\t<div class=\"edgtf-ig-image-holder\">\n\t\t\t\t\t\t\t\t\t\t\t\t\t<img loading=\"lazy\" decoding=\"async\" width=\"1000\" height=\"732\" src=\"https:\/\/ricardterre.com\/wp-content\/uploads\/2026\/02\/1964_TERRE_NAZARE22.jpg\" class=\"attachment-large size-large\" alt=\"\" srcset=\"https:\/\/ricardterre.com\/wp-content\/uploads\/2026\/02\/1964_TERRE_NAZARE22.jpg 1000w, https:\/\/ricardterre.com\/wp-content\/uploads\/2026\/02\/1964_TERRE_NAZARE22-300x220.jpg 300w, https:\/\/ricardterre.com\/wp-content\/uploads\/2026\/02\/1964_TERRE_NAZARE22-768x562.jpg 768w, https:\/\/ricardterre.com\/wp-content\/uploads\/2026\/02\/1964_TERRE_NAZARE22-600x439.jpg 600w\" sizes=\"auto, (max-width: 1000px) 100vw, 1000px\" \/>\t\t\t\t\t\t\t\t\t\t\t<\/div>\n\t\t\t\t\t\t\t\t\t<\/a>\n\t\t\t\t\t\t\t<\/div>\n\t\t\t\t\t<div class=\"edgtf-gallery-image\">\n\t\t\t\t\t\t\t\t\t<a href=\"https:\/\/ricardterre.com\/wp-content\/uploads\/2026\/02\/AR_45_FO_34-2.jpg\" data-rel=\"lightbox-image-cHJldHR5UGhvdG9bc2luZ2xlX3ByZXR0eV9waG90b10=\" data-rl_title=\"\" data-rl_caption=\"\" title=\"\">\n\t\t\t\t\t\t\t\t\t\t<div class=\"edgtf-ig-image-holder\">\n\t\t\t\t\t\t\t\t\t\t\t\t\t<img loading=\"lazy\" decoding=\"async\" width=\"1024\" height=\"679\" src=\"https:\/\/ricardterre.com\/wp-content\/uploads\/2026\/02\/AR_45_FO_34-2-1024x679.jpg\" class=\"attachment-large size-large\" alt=\"\" srcset=\"https:\/\/ricardterre.com\/wp-content\/uploads\/2026\/02\/AR_45_FO_34-2-1024x679.jpg 1024w, https:\/\/ricardterre.com\/wp-content\/uploads\/2026\/02\/AR_45_FO_34-2-300x199.jpg 300w, https:\/\/ricardterre.com\/wp-content\/uploads\/2026\/02\/AR_45_FO_34-2-768x509.jpg 768w, https:\/\/ricardterre.com\/wp-content\/uploads\/2026\/02\/AR_45_FO_34-2-600x398.jpg 600w, https:\/\/ricardterre.com\/wp-content\/uploads\/2026\/02\/AR_45_FO_34-2.jpg 1508w\" sizes=\"auto, (max-width: 1024px) 100vw, 1024px\" \/>\t\t\t\t\t\t\t\t\t\t\t<\/div>\n\t\t\t\t\t\t\t\t\t<\/a>\n\t\t\t\t\t\t\t<\/div>\n\t\t\t\t\t<div class=\"edgtf-gallery-image\">\n\t\t\t\t\t\t\t\t\t<a href=\"https:\/\/ricardterre.com\/wp-content\/uploads\/2026\/02\/AR_40_FO_28-2.jpg\" data-rel=\"lightbox-image-cHJldHR5UGhvdG9bc2luZ2xlX3ByZXR0eV9waG90b10=\" data-rl_title=\"\" data-rl_caption=\"\" title=\"\">\n\t\t\t\t\t\t\t\t\t\t<div class=\"edgtf-ig-image-holder\">\n\t\t\t\t\t\t\t\t\t\t\t\t\t<img loading=\"lazy\" decoding=\"async\" width=\"1024\" height=\"679\" src=\"https:\/\/ricardterre.com\/wp-content\/uploads\/2026\/02\/AR_40_FO_28-2-1024x679.jpg\" class=\"attachment-large size-large\" alt=\"\" srcset=\"https:\/\/ricardterre.com\/wp-content\/uploads\/2026\/02\/AR_40_FO_28-2-1024x679.jpg 1024w, https:\/\/ricardterre.com\/wp-content\/uploads\/2026\/02\/AR_40_FO_28-2-300x199.jpg 300w, https:\/\/ricardterre.com\/wp-content\/uploads\/2026\/02\/AR_40_FO_28-2-768x509.jpg 768w, https:\/\/ricardterre.com\/wp-content\/uploads\/2026\/02\/AR_40_FO_28-2-600x398.jpg 600w, https:\/\/ricardterre.com\/wp-content\/uploads\/2026\/02\/AR_40_FO_28-2.jpg 1509w\" sizes=\"auto, (max-width: 1024px) 100vw, 1024px\" \/>\t\t\t\t\t\t\t\t\t\t\t<\/div>\n\t\t\t\t\t\t\t\t\t<\/a>\n\t\t\t\t\t\t\t<\/div>\n\t\t\t\t\t<div class=\"edgtf-gallery-image\">\n\t\t\t\t\t\t\t\t\t<a href=\"https:\/\/ricardterre.com\/wp-content\/uploads\/2026\/02\/AR_40_FO_26-3.jpg\" data-rel=\"lightbox-image-cHJldHR5UGhvdG9bc2luZ2xlX3ByZXR0eV9waG90b10=\" data-rl_title=\"\" data-rl_caption=\"\" title=\"\">\n\t\t\t\t\t\t\t\t\t\t<div class=\"edgtf-ig-image-holder\">\n\t\t\t\t\t\t\t\t\t\t\t\t\t<img loading=\"lazy\" decoding=\"async\" width=\"1024\" height=\"679\" src=\"https:\/\/ricardterre.com\/wp-content\/uploads\/2026\/02\/AR_40_FO_26-3-1024x679.jpg\" class=\"attachment-large size-large\" alt=\"\" srcset=\"https:\/\/ricardterre.com\/wp-content\/uploads\/2026\/02\/AR_40_FO_26-3-1024x679.jpg 1024w, https:\/\/ricardterre.com\/wp-content\/uploads\/2026\/02\/AR_40_FO_26-3-300x199.jpg 300w, https:\/\/ricardterre.com\/wp-content\/uploads\/2026\/02\/AR_40_FO_26-3-768x509.jpg 768w, https:\/\/ricardterre.com\/wp-content\/uploads\/2026\/02\/AR_40_FO_26-3-600x398.jpg 600w, https:\/\/ricardterre.com\/wp-content\/uploads\/2026\/02\/AR_40_FO_26-3.jpg 1509w\" sizes=\"auto, (max-width: 1024px) 100vw, 1024px\" \/>\t\t\t\t\t\t\t\t\t\t\t<\/div>\n\t\t\t\t\t\t\t\t\t<\/a>\n\t\t\t\t\t\t\t<\/div>\n\t\t\t\t\t<div class=\"edgtf-gallery-image\">\n\t\t\t\t\t\t\t\t\t<a href=\"https:\/\/ricardterre.com\/wp-content\/uploads\/2026\/02\/075_IZDA-3.jpg\" data-rel=\"lightbox-image-cHJldHR5UGhvdG9bc2luZ2xlX3ByZXR0eV9waG90b10=\" data-rl_title=\"\" data-rl_caption=\"\" title=\"\">\n\t\t\t\t\t\t\t\t\t\t<div class=\"edgtf-ig-image-holder\">\n\t\t\t\t\t\t\t\t\t\t\t\t\t<img loading=\"lazy\" decoding=\"async\" width=\"713\" height=\"1000\" src=\"https:\/\/ricardterre.com\/wp-content\/uploads\/2026\/02\/075_IZDA-3.jpg\" class=\"attachment-large size-large\" alt=\"\" srcset=\"https:\/\/ricardterre.com\/wp-content\/uploads\/2026\/02\/075_IZDA-3.jpg 713w, https:\/\/ricardterre.com\/wp-content\/uploads\/2026\/02\/075_IZDA-3-214x300.jpg 214w, https:\/\/ricardterre.com\/wp-content\/uploads\/2026\/02\/075_IZDA-3-600x842.jpg 600w\" sizes=\"auto, (max-width: 713px) 100vw, 713px\" \/>\t\t\t\t\t\t\t\t\t\t\t<\/div>\n\t\t\t\t\t\t\t\t\t<\/a>\n\t\t\t\t\t\t\t<\/div>\n\t\t\t\t\t<div class=\"edgtf-gallery-image\">\n\t\t\t\t\t\t\t\t\t<a href=\"https:\/\/ricardterre.com\/wp-content\/uploads\/2026\/02\/045-28-3.jpg\" data-rel=\"lightbox-image-cHJldHR5UGhvdG9bc2luZ2xlX3ByZXR0eV9waG90b10=\" data-rl_title=\"\" data-rl_caption=\"\" title=\"\">\n\t\t\t\t\t\t\t\t\t\t<div class=\"edgtf-ig-image-holder\">\n\t\t\t\t\t\t\t\t\t\t\t\t\t<img loading=\"lazy\" decoding=\"async\" width=\"664\" height=\"1000\" src=\"https:\/\/ricardterre.com\/wp-content\/uploads\/2026\/02\/045-28-3.jpg\" class=\"attachment-large size-large\" alt=\"\" srcset=\"https:\/\/ricardterre.com\/wp-content\/uploads\/2026\/02\/045-28-3.jpg 664w, https:\/\/ricardterre.com\/wp-content\/uploads\/2026\/02\/045-28-3-199x300.jpg 199w, https:\/\/ricardterre.com\/wp-content\/uploads\/2026\/02\/045-28-3-600x904.jpg 600w\" sizes=\"auto, (max-width: 664px) 100vw, 664px\" \/>\t\t\t\t\t\t\t\t\t\t\t<\/div>\n\t\t\t\t\t\t\t\t\t<\/a>\n\t\t\t\t\t\t\t<\/div>\n\t\t\t\t\t<div class=\"edgtf-gallery-image\">\n\t\t\t\t\t\t\t\t\t<a href=\"https:\/\/ricardterre.com\/wp-content\/uploads\/2026\/02\/045-23A-1.jpg\" data-rel=\"lightbox-image-cHJldHR5UGhvdG9bc2luZ2xlX3ByZXR0eV9waG90b10=\" data-rl_title=\"\" data-rl_caption=\"\" title=\"\">\n\t\t\t\t\t\t\t\t\t\t<div class=\"edgtf-ig-image-holder\">\n\t\t\t\t\t\t\t\t\t\t\t\t\t<img loading=\"lazy\" decoding=\"async\" width=\"655\" height=\"1000\" src=\"https:\/\/ricardterre.com\/wp-content\/uploads\/2026\/02\/045-23A-1.jpg\" class=\"attachment-large size-large\" alt=\"\" srcset=\"https:\/\/ricardterre.com\/wp-content\/uploads\/2026\/02\/045-23A-1.jpg 655w, https:\/\/ricardterre.com\/wp-content\/uploads\/2026\/02\/045-23A-1-197x300.jpg 197w, https:\/\/ricardterre.com\/wp-content\/uploads\/2026\/02\/045-23A-1-600x916.jpg 600w\" sizes=\"auto, (max-width: 655px) 100vw, 655px\" \/>\t\t\t\t\t\t\t\t\t\t\t<\/div>\n\t\t\t\t\t\t\t\t\t<\/a>\n\t\t\t\t\t\t\t<\/div>\n\t\t\t\t\t<div class=\"edgtf-gallery-image\">\n\t\t\t\t\t\t\t\t\t<a href=\"https:\/\/ricardterre.com\/wp-content\/uploads\/2026\/02\/AR_40_FO_36.jpg\" data-rel=\"lightbox-image-cHJldHR5UGhvdG9bc2luZ2xlX3ByZXR0eV9waG90b10=\" data-rl_title=\"\" data-rl_caption=\"\" title=\"\">\n\t\t\t\t\t\t\t\t\t\t<div class=\"edgtf-ig-image-holder\">\n\t\t\t\t\t\t\t\t\t\t\t\t\t<img loading=\"lazy\" decoding=\"async\" width=\"749\" height=\"500\" src=\"https:\/\/ricardterre.com\/wp-content\/uploads\/2026\/02\/AR_40_FO_36.jpg\" class=\"attachment-large size-large\" alt=\"\" srcset=\"https:\/\/ricardterre.com\/wp-content\/uploads\/2026\/02\/AR_40_FO_36.jpg 749w, https:\/\/ricardterre.com\/wp-content\/uploads\/2026\/02\/AR_40_FO_36-300x200.jpg 300w, https:\/\/ricardterre.com\/wp-content\/uploads\/2026\/02\/AR_40_FO_36-600x401.jpg 600w\" sizes=\"auto, (max-width: 749px) 100vw, 749px\" \/>\t\t\t\t\t\t\t\t\t\t\t<\/div>\n\t\t\t\t\t\t\t\t\t<\/a>\n\t\t\t\t\t\t\t<\/div>\n\t\t\t<\/div>\n<\/div>\n<\/div><\/div><\/div><div class=\"wpb_column vc_column_container vc_col-sm-3\"><div class=\"vc_column-inner\"><div class=\"wpb_wrapper\">\n\t<div class=\"wpb_text_column wpb_content_element vc_custom_1776507801659\" >\n\t\t<div class=\"wpb_wrapper\">\n\t\t\t<h1 class=\"western\" style=\"text-align: left;\">Las viudas del mar (1964)<\/h1>\n<p>&nbsp;<\/p>\n\n\t\t<\/div>\n\t<\/div>\n\n\t<div class=\"wpb_text_column wpb_content_element vc_custom_1776507809118\" >\n\t\t<div class=\"wpb_wrapper\">\n\t\t\t<p style=\"text-align: left;\">En Nazar\u00e9, peque\u00f1o pueblo pesquero al norte de Lisboa hoy famoso para los surfistas por sus olas gigantescas, Ricard Terr\u00e9 encontr\u00f3 en 1964 no surfistas ni ba\u00f1istas, sino mujeres que aguardaban la llegada de las barcas donde sus hombres se hab\u00edan hecho a la mar. No son viudas, o no saben a\u00fan si lo son. De espaldas al mar, anticipan el velorio, como en la serie de Santa Marta, representando un rito previo al milagro. Visten de negro para no improvisar el luto. Hay en ellas algo at\u00e1vico, heredado de madres y abuelas que tambi\u00e9n esperaron quiz\u00e1 ya como viudas.<\/p>\n<p style=\"text-align: left;\">Para sobrellevar la espera se sientan en c\u00edrculo, de espaldas a esa Medusa que es el mar, cuyas olas podr\u00edan engullir las barcas como c\u00e1scaras de huevo. Hablan y canturrean mientras la luz declina y el sol convierte la escena en contraluz. Es una estampa de sororidad en un limbo incierto: no saben si est\u00e1n solas o si a\u00fan son esposas de vivos, pero s\u00ed comparten la compa\u00f1\u00eda de madres, hermanas y amigas.<\/p>\n<p style=\"text-align: left;\">&nbsp;<\/p>\n<p style=\"text-align: left;\">&nbsp;<\/p>\n\n\t\t<\/div>\n\t<\/div>\n<\/div><\/div><\/div><\/div><\/div>\n<\/div>","protected":false},"excerpt":{"rendered":"Las viudas del mar (1964) &nbsp; En Nazar\u00e9, peque\u00f1o pueblo pesquero al norte de Lisboa hoy famoso para los surfistas por sus olas gigantescas, Ricard Terr\u00e9 encontr\u00f3 en 1964 no surfistas ni ba\u00f1istas, sino mujeres que aguardaban la llegada de las barcas donde sus hombres...","protected":false},"author":1,"featured_media":0,"parent":0,"menu_order":0,"comment_status":"closed","ping_status":"closed","template":"","meta":{"ngg_post_thumbnail":0,"footnotes":""},"class_list":["post-8320","page","type-page","status-publish","hentry"],"_links":{"self":[{"href":"https:\/\/ricardterre.com\/en\/wp-json\/wp\/v2\/pages\/8320","targetHints":{"allow":["GET"]}}],"collection":[{"href":"https:\/\/ricardterre.com\/en\/wp-json\/wp\/v2\/pages"}],"about":[{"href":"https:\/\/ricardterre.com\/en\/wp-json\/wp\/v2\/types\/page"}],"author":[{"embeddable":true,"href":"https:\/\/ricardterre.com\/en\/wp-json\/wp\/v2\/users\/1"}],"replies":[{"embeddable":true,"href":"https:\/\/ricardterre.com\/en\/wp-json\/wp\/v2\/comments?post=8320"}],"version-history":[{"count":3,"href":"https:\/\/ricardterre.com\/en\/wp-json\/wp\/v2\/pages\/8320\/revisions"}],"predecessor-version":[{"id":8405,"href":"https:\/\/ricardterre.com\/en\/wp-json\/wp\/v2\/pages\/8320\/revisions\/8405"}],"wp:attachment":[{"href":"https:\/\/ricardterre.com\/en\/wp-json\/wp\/v2\/media?parent=8320"}],"curies":[{"name":"wp","href":"https:\/\/api.w.org\/{rel}","templated":true}]}}