{"id":8317,"date":"2026-04-18T11:14:05","date_gmt":"2026-04-18T09:14:05","guid":{"rendered":"https:\/\/ricardterre.com\/?page_id=8317"},"modified":"2026-04-18T12:47:11","modified_gmt":"2026-04-18T10:47:11","slug":"semana-santa-portugal","status":"publish","type":"page","link":"https:\/\/ricardterre.com\/en\/semana-santa-portugal\/","title":{"rendered":"Easter Week"},"content":{"rendered":"<div class=\"wpb-content-wrapper\"><div class=\"vc_row wpb_row vc_row-fluid edgtf-section vc_custom_1771608722087 edgtf-content-aligment-right\" style=\"\"><div class=\"clearfix edgtf-full-section-inner\"><div class=\"wpb_column vc_column_container vc_col-sm-9\"><div class=\"vc_column-inner\"><div class=\"wpb_wrapper\"><div class=\"edgtf-image-gallery\">\n\t<div class=\"edgtf-image-gallery-grid clearfix edgtf-gallery-with-space edgtf-gallery-columns-2\">\n\t\t\t\t\t<div class=\"edgtf-gallery-image\">\n\t\t\t\t\t\t\t\t\t<a href=\"https:\/\/ricardterre.com\/wp-content\/uploads\/2026\/02\/149-1.jpg\" data-rel=\"lightbox-image-cHJldHR5UGhvdG9bc2luZ2xlX3ByZXR0eV9waG90b10=\" data-rl_title=\"\" data-rl_caption=\"\" title=\"\">\n\t\t\t\t\t\t\t\t\t\t<div class=\"edgtf-ig-image-holder\">\n\t\t\t\t\t\t\t\t\t\t\t\t\t<img loading=\"lazy\" decoding=\"async\" width=\"743\" height=\"1024\" src=\"https:\/\/ricardterre.com\/wp-content\/uploads\/2026\/02\/149-1-743x1024.jpg\" class=\"attachment-large size-large\" alt=\"\" srcset=\"https:\/\/ricardterre.com\/wp-content\/uploads\/2026\/02\/149-1-743x1024.jpg 743w, https:\/\/ricardterre.com\/wp-content\/uploads\/2026\/02\/149-1-218x300.jpg 218w, https:\/\/ricardterre.com\/wp-content\/uploads\/2026\/02\/149-1-768x1058.jpg 768w, https:\/\/ricardterre.com\/wp-content\/uploads\/2026\/02\/149-1-1114x1536.jpg 1114w, https:\/\/ricardterre.com\/wp-content\/uploads\/2026\/02\/149-1-600x827.jpg 600w, https:\/\/ricardterre.com\/wp-content\/uploads\/2026\/02\/149-1.jpg 1351w\" sizes=\"auto, (max-width: 743px) 100vw, 743px\" \/>\t\t\t\t\t\t\t\t\t\t\t<\/div>\n\t\t\t\t\t\t\t\t\t<\/a>\n\t\t\t\t\t\t\t<\/div>\n\t\t\t\t\t<div class=\"edgtf-gallery-image\">\n\t\t\t\t\t\t\t\t\t<a href=\"https:\/\/ricardterre.com\/wp-content\/uploads\/2026\/02\/178-24A.jpg\" data-rel=\"lightbox-image-cHJldHR5UGhvdG9bc2luZ2xlX3ByZXR0eV9waG90b10=\" data-rl_title=\"\" data-rl_caption=\"\" title=\"\">\n\t\t\t\t\t\t\t\t\t\t<div class=\"edgtf-ig-image-holder\">\n\t\t\t\t\t\t\t\t\t\t\t\t\t<img loading=\"lazy\" decoding=\"async\" width=\"1024\" height=\"762\" src=\"https:\/\/ricardterre.com\/wp-content\/uploads\/2026\/02\/178-24A-1024x762.jpg\" class=\"attachment-large size-large\" alt=\"\" srcset=\"https:\/\/ricardterre.com\/wp-content\/uploads\/2026\/02\/178-24A-1024x762.jpg 1024w, https:\/\/ricardterre.com\/wp-content\/uploads\/2026\/02\/178-24A-300x223.jpg 300w, https:\/\/ricardterre.com\/wp-content\/uploads\/2026\/02\/178-24A-768x572.jpg 768w, https:\/\/ricardterre.com\/wp-content\/uploads\/2026\/02\/178-24A-1536x1144.jpg 1536w, https:\/\/ricardterre.com\/wp-content\/uploads\/2026\/02\/178-24A-600x447.jpg 600w, https:\/\/ricardterre.com\/wp-content\/uploads\/2026\/02\/178-24A.jpg 1813w\" sizes=\"auto, (max-width: 1024px) 100vw, 1024px\" \/>\t\t\t\t\t\t\t\t\t\t\t<\/div>\n\t\t\t\t\t\t\t\t\t<\/a>\n\t\t\t\t\t\t\t<\/div>\n\t\t\t\t\t<div class=\"edgtf-gallery-image\">\n\t\t\t\t\t\t\t\t\t<a href=\"https:\/\/ricardterre.com\/wp-content\/uploads\/2026\/02\/203-6.jpg\" data-rel=\"lightbox-image-cHJldHR5UGhvdG9bc2luZ2xlX3ByZXR0eV9waG90b10=\" data-rl_title=\"\" data-rl_caption=\"\" title=\"\">\n\t\t\t\t\t\t\t\t\t\t<div class=\"edgtf-ig-image-holder\">\n\t\t\t\t\t\t\t\t\t\t\t\t\t<img loading=\"lazy\" decoding=\"async\" width=\"746\" height=\"1024\" src=\"https:\/\/ricardterre.com\/wp-content\/uploads\/2026\/02\/203-6-746x1024.jpg\" class=\"attachment-large size-large\" alt=\"\" srcset=\"https:\/\/ricardterre.com\/wp-content\/uploads\/2026\/02\/203-6-746x1024.jpg 746w, https:\/\/ricardterre.com\/wp-content\/uploads\/2026\/02\/203-6-219x300.jpg 219w, https:\/\/ricardterre.com\/wp-content\/uploads\/2026\/02\/203-6-768x1054.jpg 768w, https:\/\/ricardterre.com\/wp-content\/uploads\/2026\/02\/203-6-1119x1536.jpg 1119w, https:\/\/ricardterre.com\/wp-content\/uploads\/2026\/02\/203-6-600x824.jpg 600w, https:\/\/ricardterre.com\/wp-content\/uploads\/2026\/02\/203-6.jpg 1339w\" sizes=\"auto, (max-width: 746px) 100vw, 746px\" \/>\t\t\t\t\t\t\t\t\t\t\t<\/div>\n\t\t\t\t\t\t\t\t\t<\/a>\n\t\t\t\t\t\t\t<\/div>\n\t\t\t\t\t<div class=\"edgtf-gallery-image\">\n\t\t\t\t\t\t\t\t\t<a href=\"https:\/\/ricardterre.com\/wp-content\/uploads\/2026\/02\/237-39.jpg\" data-rel=\"lightbox-image-cHJldHR5UGhvdG9bc2luZ2xlX3ByZXR0eV9waG90b10=\" data-rl_title=\"\" data-rl_caption=\"\" title=\"\">\n\t\t\t\t\t\t\t\t\t\t<div class=\"edgtf-ig-image-holder\">\n\t\t\t\t\t\t\t\t\t\t\t\t\t<img loading=\"lazy\" decoding=\"async\" width=\"753\" height=\"1024\" src=\"https:\/\/ricardterre.com\/wp-content\/uploads\/2026\/02\/237-39-753x1024.jpg\" class=\"attachment-large size-large\" alt=\"\" srcset=\"https:\/\/ricardterre.com\/wp-content\/uploads\/2026\/02\/237-39-753x1024.jpg 753w, https:\/\/ricardterre.com\/wp-content\/uploads\/2026\/02\/237-39-221x300.jpg 221w, https:\/\/ricardterre.com\/wp-content\/uploads\/2026\/02\/237-39-768x1045.jpg 768w, https:\/\/ricardterre.com\/wp-content\/uploads\/2026\/02\/237-39-1129x1536.jpg 1129w, https:\/\/ricardterre.com\/wp-content\/uploads\/2026\/02\/237-39-600x816.jpg 600w, https:\/\/ricardterre.com\/wp-content\/uploads\/2026\/02\/237-39.jpg 1351w\" sizes=\"auto, (max-width: 753px) 100vw, 753px\" \/>\t\t\t\t\t\t\t\t\t\t\t<\/div>\n\t\t\t\t\t\t\t\t\t<\/a>\n\t\t\t\t\t\t\t<\/div>\n\t\t\t\t\t<div class=\"edgtf-gallery-image\">\n\t\t\t\t\t\t\t\t\t<a href=\"https:\/\/ricardterre.com\/wp-content\/uploads\/2026\/02\/204-13A.jpg\" data-rel=\"lightbox-image-cHJldHR5UGhvdG9bc2luZ2xlX3ByZXR0eV9waG90b10=\" data-rl_title=\"\" data-rl_caption=\"\" title=\"\">\n\t\t\t\t\t\t\t\t\t\t<div class=\"edgtf-ig-image-holder\">\n\t\t\t\t\t\t\t\t\t\t\t\t\t<img loading=\"lazy\" decoding=\"async\" width=\"769\" height=\"1024\" src=\"https:\/\/ricardterre.com\/wp-content\/uploads\/2026\/02\/204-13A-769x1024.jpg\" class=\"attachment-large size-large\" alt=\"\" srcset=\"https:\/\/ricardterre.com\/wp-content\/uploads\/2026\/02\/204-13A-769x1024.jpg 769w, https:\/\/ricardterre.com\/wp-content\/uploads\/2026\/02\/204-13A-225x300.jpg 225w, https:\/\/ricardterre.com\/wp-content\/uploads\/2026\/02\/204-13A-768x1023.jpg 768w, https:\/\/ricardterre.com\/wp-content\/uploads\/2026\/02\/204-13A-1153x1536.jpg 1153w, https:\/\/ricardterre.com\/wp-content\/uploads\/2026\/02\/204-13A-600x799.jpg 600w, https:\/\/ricardterre.com\/wp-content\/uploads\/2026\/02\/204-13A.jpg 1357w\" sizes=\"auto, (max-width: 769px) 100vw, 769px\" \/>\t\t\t\t\t\t\t\t\t\t\t<\/div>\n\t\t\t\t\t\t\t\t\t<\/a>\n\t\t\t\t\t\t\t<\/div>\n\t\t\t\t\t<div class=\"edgtf-gallery-image\">\n\t\t\t\t\t\t\t\t\t<a href=\"https:\/\/ricardterre.com\/wp-content\/uploads\/2026\/02\/295-34.jpg\" data-rel=\"lightbox-image-cHJldHR5UGhvdG9bc2luZ2xlX3ByZXR0eV9waG90b10=\" data-rl_title=\"\" data-rl_caption=\"\" title=\"\">\n\t\t\t\t\t\t\t\t\t\t<div class=\"edgtf-ig-image-holder\">\n\t\t\t\t\t\t\t\t\t\t\t\t\t<img loading=\"lazy\" decoding=\"async\" width=\"750\" height=\"1024\" src=\"https:\/\/ricardterre.com\/wp-content\/uploads\/2026\/02\/295-34-750x1024.jpg\" class=\"attachment-large size-large\" alt=\"\" srcset=\"https:\/\/ricardterre.com\/wp-content\/uploads\/2026\/02\/295-34-750x1024.jpg 750w, https:\/\/ricardterre.com\/wp-content\/uploads\/2026\/02\/295-34-220x300.jpg 220w, https:\/\/ricardterre.com\/wp-content\/uploads\/2026\/02\/295-34-768x1049.jpg 768w, https:\/\/ricardterre.com\/wp-content\/uploads\/2026\/02\/295-34-1125x1536.jpg 1125w, https:\/\/ricardterre.com\/wp-content\/uploads\/2026\/02\/295-34-600x819.jpg 600w, https:\/\/ricardterre.com\/wp-content\/uploads\/2026\/02\/295-34.jpg 1359w\" sizes=\"auto, (max-width: 750px) 100vw, 750px\" \/>\t\t\t\t\t\t\t\t\t\t\t<\/div>\n\t\t\t\t\t\t\t\t\t<\/a>\n\t\t\t\t\t\t\t<\/div>\n\t\t\t\t\t<div class=\"edgtf-gallery-image\">\n\t\t\t\t\t\t\t\t\t<a href=\"https:\/\/ricardterre.com\/wp-content\/uploads\/2026\/02\/87-21A.jpg\" data-rel=\"lightbox-image-cHJldHR5UGhvdG9bc2luZ2xlX3ByZXR0eV9waG90b10=\" data-rl_title=\"\" data-rl_caption=\"\" title=\"\">\n\t\t\t\t\t\t\t\t\t\t<div class=\"edgtf-ig-image-holder\">\n\t\t\t\t\t\t\t\t\t\t\t\t\t<img loading=\"lazy\" decoding=\"async\" width=\"1024\" height=\"761\" src=\"https:\/\/ricardterre.com\/wp-content\/uploads\/2026\/02\/87-21A-1024x761.jpg\" class=\"attachment-large size-large\" alt=\"\" srcset=\"https:\/\/ricardterre.com\/wp-content\/uploads\/2026\/02\/87-21A-1024x761.jpg 1024w, https:\/\/ricardterre.com\/wp-content\/uploads\/2026\/02\/87-21A-300x223.jpg 300w, https:\/\/ricardterre.com\/wp-content\/uploads\/2026\/02\/87-21A-768x571.jpg 768w, https:\/\/ricardterre.com\/wp-content\/uploads\/2026\/02\/87-21A-1536x1142.jpg 1536w, https:\/\/ricardterre.com\/wp-content\/uploads\/2026\/02\/87-21A-600x446.jpg 600w, https:\/\/ricardterre.com\/wp-content\/uploads\/2026\/02\/87-21A.jpg 1829w\" sizes=\"auto, (max-width: 1024px) 100vw, 1024px\" \/>\t\t\t\t\t\t\t\t\t\t\t<\/div>\n\t\t\t\t\t\t\t\t\t<\/a>\n\t\t\t\t\t\t\t<\/div>\n\t\t\t\t\t<div class=\"edgtf-gallery-image\">\n\t\t\t\t\t\t\t\t\t<a href=\"https:\/\/ricardterre.com\/wp-content\/uploads\/2026\/02\/87-12A.jpg\" data-rel=\"lightbox-image-cHJldHR5UGhvdG9bc2luZ2xlX3ByZXR0eV9waG90b10=\" data-rl_title=\"\" data-rl_caption=\"\" title=\"\">\n\t\t\t\t\t\t\t\t\t\t<div class=\"edgtf-ig-image-holder\">\n\t\t\t\t\t\t\t\t\t\t\t\t\t<img loading=\"lazy\" decoding=\"async\" width=\"736\" height=\"1024\" src=\"https:\/\/ricardterre.com\/wp-content\/uploads\/2026\/02\/87-12A-736x1024.jpg\" class=\"attachment-large size-large\" alt=\"\" srcset=\"https:\/\/ricardterre.com\/wp-content\/uploads\/2026\/02\/87-12A-736x1024.jpg 736w, https:\/\/ricardterre.com\/wp-content\/uploads\/2026\/02\/87-12A-216x300.jpg 216w, https:\/\/ricardterre.com\/wp-content\/uploads\/2026\/02\/87-12A-768x1068.jpg 768w, https:\/\/ricardterre.com\/wp-content\/uploads\/2026\/02\/87-12A-1104x1536.jpg 1104w, https:\/\/ricardterre.com\/wp-content\/uploads\/2026\/02\/87-12A-600x835.jpg 600w, https:\/\/ricardterre.com\/wp-content\/uploads\/2026\/02\/87-12A.jpg 1347w\" sizes=\"auto, (max-width: 736px) 100vw, 736px\" \/>\t\t\t\t\t\t\t\t\t\t\t<\/div>\n\t\t\t\t\t\t\t\t\t<\/a>\n\t\t\t\t\t\t\t<\/div>\n\t\t\t<\/div>\n<\/div>\n<\/div><\/div><\/div><div class=\"wpb_column vc_column_container vc_col-sm-3\"><div class=\"vc_column-inner\"><div class=\"wpb_wrapper\">\n\t<div class=\"wpb_text_column wpb_content_element vc_custom_1776508051722\" >\n\t\t<div class=\"wpb_wrapper\">\n\t\t\t<h1 class=\"western\" style=\"text-align: left;\">EASTER WEEK IN PORTUGAL (1982-2004)<\/h1>\n<p>&nbsp;<\/p>\n\n\t\t<\/div>\n\t<\/div>\n\n\t<div class=\"wpb_text_column wpb_content_element vc_custom_1776508065365\" >\n\t\t<div class=\"wpb_wrapper\">\n\t\t\t<p style=\"text-align: left;\"><a name=\"_GoBack\"><\/a>Terr\u00e9 continued photographing religious rituals in Galicia from 1960 onwards, after moving there to live. From 1982, he photographed the processions of northern Portugal, where he found the authenticity he felt was missing in Spain.<\/p>\n<p style=\"text-align: left;\">In 2001, he travelled to Zamora, drawn by the fame of the city's processions. Using photographs from the Good Friday procession, he composed a series focusing on the graphics of the crosses.<\/p>\n<p style=\"text-align: left;\">&nbsp;<\/p>\n\n\t\t<\/div>\n\t<\/div>\n<\/div><\/div><\/div><\/div><\/div>\n<\/div>","protected":false},"excerpt":{"rendered":"SEMANA SANTA EN PORTUGAL (1982-2004) &nbsp; Terr\u00e9 continu\u00f3 fotografiando rituales religiosos en Galicia a partir del a\u00f1o 1960, una vez que se traslad\u00f3 all\u00ed a vivir. A partir de 1982, fotografi\u00f3 las procesiones del norte de Portugal, donde encontr\u00f3 la autenticidad que echaba en falta...","protected":false},"author":1,"featured_media":0,"parent":0,"menu_order":0,"comment_status":"closed","ping_status":"closed","template":"","meta":{"ngg_post_thumbnail":0,"footnotes":""},"class_list":["post-8317","page","type-page","status-publish","hentry"],"_links":{"self":[{"href":"https:\/\/ricardterre.com\/en\/wp-json\/wp\/v2\/pages\/8317","targetHints":{"allow":["GET"]}}],"collection":[{"href":"https:\/\/ricardterre.com\/en\/wp-json\/wp\/v2\/pages"}],"about":[{"href":"https:\/\/ricardterre.com\/en\/wp-json\/wp\/v2\/types\/page"}],"author":[{"embeddable":true,"href":"https:\/\/ricardterre.com\/en\/wp-json\/wp\/v2\/users\/1"}],"replies":[{"embeddable":true,"href":"https:\/\/ricardterre.com\/en\/wp-json\/wp\/v2\/comments?post=8317"}],"version-history":[{"count":3,"href":"https:\/\/ricardterre.com\/en\/wp-json\/wp\/v2\/pages\/8317\/revisions"}],"predecessor-version":[{"id":8397,"href":"https:\/\/ricardterre.com\/en\/wp-json\/wp\/v2\/pages\/8317\/revisions\/8397"}],"wp:attachment":[{"href":"https:\/\/ricardterre.com\/en\/wp-json\/wp\/v2\/media?parent=8317"}],"curies":[{"name":"wp","href":"https:\/\/api.w.org\/{rel}","templated":true}]}}