{"id":8310,"date":"2026-04-18T11:10:22","date_gmt":"2026-04-18T09:10:22","guid":{"rendered":"https:\/\/ricardterre.com\/?page_id=8310"},"modified":"2026-04-18T12:45:32","modified_gmt":"2026-04-18T10:45:32","slug":"la-condicion-humana","status":"publish","type":"page","link":"https:\/\/ricardterre.com\/en\/la-condicion-humana\/","title":{"rendered":"The human condition"},"content":{"rendered":"<div class=\"wpb-content-wrapper\"><div class=\"vc_row wpb_row vc_row-fluid edgtf-section vc_custom_1771608722087 edgtf-content-aligment-right\" style=\"\"><div class=\"clearfix edgtf-full-section-inner\"><div class=\"wpb_column vc_column_container vc_col-sm-9\"><div class=\"vc_column-inner\"><div class=\"wpb_wrapper\"><div class=\"edgtf-image-gallery\">\n\t<div class=\"edgtf-image-gallery-grid clearfix edgtf-gallery-with-space edgtf-gallery-columns-2\">\n\t\t\t\t\t<div class=\"edgtf-gallery-image\">\n\t\t\t\t\t\t\t\t\t<a href=\"https:\/\/ricardterre.com\/wp-content\/uploads\/2026\/02\/AR_43_FO_04.jpg\" data-rel=\"lightbox-image-cHJldHR5UGhvdG9bc2luZ2xlX3ByZXR0eV9waG90b10=\" data-rl_title=\"\" data-rl_caption=\"\" title=\"\">\n\t\t\t\t\t\t\t\t\t\t<div class=\"edgtf-ig-image-holder\">\n\t\t\t\t\t\t\t\t\t\t\t\t\t<img loading=\"lazy\" decoding=\"async\" width=\"674\" height=\"1024\" src=\"https:\/\/ricardterre.com\/wp-content\/uploads\/2026\/02\/AR_43_FO_04-674x1024.jpg\" class=\"attachment-large size-large\" alt=\"\" srcset=\"https:\/\/ricardterre.com\/wp-content\/uploads\/2026\/02\/AR_43_FO_04-674x1024.jpg 674w, https:\/\/ricardterre.com\/wp-content\/uploads\/2026\/02\/AR_43_FO_04-198x300.jpg 198w, https:\/\/ricardterre.com\/wp-content\/uploads\/2026\/02\/AR_43_FO_04-768x1166.jpg 768w, https:\/\/ricardterre.com\/wp-content\/uploads\/2026\/02\/AR_43_FO_04-1011x1536.jpg 1011w, https:\/\/ricardterre.com\/wp-content\/uploads\/2026\/02\/AR_43_FO_04-600x911.jpg 600w, https:\/\/ricardterre.com\/wp-content\/uploads\/2026\/02\/AR_43_FO_04.jpg 1317w\" sizes=\"auto, (max-width: 674px) 100vw, 674px\" \/>\t\t\t\t\t\t\t\t\t\t\t<\/div>\n\t\t\t\t\t\t\t\t\t<\/a>\n\t\t\t\t\t\t\t<\/div>\n\t\t\t\t\t<div class=\"edgtf-gallery-image\">\n\t\t\t\t\t\t\t\t\t<a href=\"https:\/\/ricardterre.com\/wp-content\/uploads\/2026\/02\/34-313.jpg\" data-rel=\"lightbox-image-cHJldHR5UGhvdG9bc2luZ2xlX3ByZXR0eV9waG90b10=\" data-rl_title=\"\" data-rl_caption=\"\" title=\"\">\n\t\t\t\t\t\t\t\t\t\t<div class=\"edgtf-ig-image-holder\">\n\t\t\t\t\t\t\t\t\t\t\t\t\t<img loading=\"lazy\" decoding=\"async\" width=\"769\" height=\"1024\" src=\"https:\/\/ricardterre.com\/wp-content\/uploads\/2026\/02\/34-313-769x1024.jpg\" class=\"attachment-large size-large\" alt=\"\" srcset=\"https:\/\/ricardterre.com\/wp-content\/uploads\/2026\/02\/34-313-769x1024.jpg 769w, https:\/\/ricardterre.com\/wp-content\/uploads\/2026\/02\/34-313-225x300.jpg 225w, https:\/\/ricardterre.com\/wp-content\/uploads\/2026\/02\/34-313-768x1023.jpg 768w, https:\/\/ricardterre.com\/wp-content\/uploads\/2026\/02\/34-313-1154x1536.jpg 1154w, https:\/\/ricardterre.com\/wp-content\/uploads\/2026\/02\/34-313-600x799.jpg 600w, https:\/\/ricardterre.com\/wp-content\/uploads\/2026\/02\/34-313.jpg 1502w\" sizes=\"auto, (max-width: 769px) 100vw, 769px\" \/>\t\t\t\t\t\t\t\t\t\t\t<\/div>\n\t\t\t\t\t\t\t\t\t<\/a>\n\t\t\t\t\t\t\t<\/div>\n\t\t\t\t\t<div class=\"edgtf-gallery-image\">\n\t\t\t\t\t\t\t\t\t<a href=\"https:\/\/ricardterre.com\/wp-content\/uploads\/2026\/02\/2_033.jpg\" data-rel=\"lightbox-image-cHJldHR5UGhvdG9bc2luZ2xlX3ByZXR0eV9waG90b10=\" data-rl_title=\"\" data-rl_caption=\"\" title=\"\">\n\t\t\t\t\t\t\t\t\t\t<div class=\"edgtf-ig-image-holder\">\n\t\t\t\t\t\t\t\t\t\t\t\t\t<img loading=\"lazy\" decoding=\"async\" width=\"1024\" height=\"1014\" src=\"https:\/\/ricardterre.com\/wp-content\/uploads\/2026\/02\/2_033-1024x1014.jpg\" class=\"attachment-large size-large\" alt=\"\" srcset=\"https:\/\/ricardterre.com\/wp-content\/uploads\/2026\/02\/2_033-1024x1014.jpg 1024w, https:\/\/ricardterre.com\/wp-content\/uploads\/2026\/02\/2_033-300x297.jpg 300w, https:\/\/ricardterre.com\/wp-content\/uploads\/2026\/02\/2_033-150x150.jpg 150w, https:\/\/ricardterre.com\/wp-content\/uploads\/2026\/02\/2_033-768x761.jpg 768w, https:\/\/ricardterre.com\/wp-content\/uploads\/2026\/02\/2_033-1536x1521.jpg 1536w, https:\/\/ricardterre.com\/wp-content\/uploads\/2026\/02\/2_033-600x594.jpg 600w, https:\/\/ricardterre.com\/wp-content\/uploads\/2026\/02\/2_033-100x100.jpg 100w\" sizes=\"auto, (max-width: 1024px) 100vw, 1024px\" \/>\t\t\t\t\t\t\t\t\t\t\t<\/div>\n\t\t\t\t\t\t\t\t\t<\/a>\n\t\t\t\t\t\t\t<\/div>\n\t\t\t\t\t<div class=\"edgtf-gallery-image\">\n\t\t\t\t\t\t\t\t\t<a href=\"https:\/\/ricardterre.com\/wp-content\/uploads\/2026\/02\/1_075.jpg\" data-rel=\"lightbox-image-cHJldHR5UGhvdG9bc2luZ2xlX3ByZXR0eV9waG90b10=\" data-rl_title=\"\" data-rl_caption=\"\" title=\"\">\n\t\t\t\t\t\t\t\t\t\t<div class=\"edgtf-ig-image-holder\">\n\t\t\t\t\t\t\t\t\t\t\t\t\t<img loading=\"lazy\" decoding=\"async\" width=\"1024\" height=\"1014\" src=\"https:\/\/ricardterre.com\/wp-content\/uploads\/2026\/02\/1_075-1024x1014.jpg\" class=\"attachment-large size-large\" alt=\"\" srcset=\"https:\/\/ricardterre.com\/wp-content\/uploads\/2026\/02\/1_075-1024x1014.jpg 1024w, https:\/\/ricardterre.com\/wp-content\/uploads\/2026\/02\/1_075-300x297.jpg 300w, https:\/\/ricardterre.com\/wp-content\/uploads\/2026\/02\/1_075-150x150.jpg 150w, https:\/\/ricardterre.com\/wp-content\/uploads\/2026\/02\/1_075-768x760.jpg 768w, https:\/\/ricardterre.com\/wp-content\/uploads\/2026\/02\/1_075-1536x1521.jpg 1536w, https:\/\/ricardterre.com\/wp-content\/uploads\/2026\/02\/1_075-600x594.jpg 600w, https:\/\/ricardterre.com\/wp-content\/uploads\/2026\/02\/1_075-100x100.jpg 100w\" sizes=\"auto, (max-width: 1024px) 100vw, 1024px\" \/>\t\t\t\t\t\t\t\t\t\t\t<\/div>\n\t\t\t\t\t\t\t\t\t<\/a>\n\t\t\t\t\t\t\t<\/div>\n\t\t\t\t\t<div class=\"edgtf-gallery-image\">\n\t\t\t\t\t\t\t\t\t<a href=\"https:\/\/ricardterre.com\/wp-content\/uploads\/2026\/02\/1_008.jpg\" data-rel=\"lightbox-image-cHJldHR5UGhvdG9bc2luZ2xlX3ByZXR0eV9waG90b10=\" data-rl_title=\"\" data-rl_caption=\"\" title=\"\">\n\t\t\t\t\t\t\t\t\t\t<div class=\"edgtf-ig-image-holder\">\n\t\t\t\t\t\t\t\t\t\t\t\t\t<img loading=\"lazy\" decoding=\"async\" width=\"1024\" height=\"1001\" src=\"https:\/\/ricardterre.com\/wp-content\/uploads\/2026\/02\/1_008-1024x1001.jpg\" class=\"attachment-large size-large\" alt=\"\" srcset=\"https:\/\/ricardterre.com\/wp-content\/uploads\/2026\/02\/1_008-1024x1001.jpg 1024w, https:\/\/ricardterre.com\/wp-content\/uploads\/2026\/02\/1_008-300x293.jpg 300w, https:\/\/ricardterre.com\/wp-content\/uploads\/2026\/02\/1_008-768x751.jpg 768w, https:\/\/ricardterre.com\/wp-content\/uploads\/2026\/02\/1_008-1536x1502.jpg 1536w, https:\/\/ricardterre.com\/wp-content\/uploads\/2026\/02\/1_008-600x587.jpg 600w\" sizes=\"auto, (max-width: 1024px) 100vw, 1024px\" \/>\t\t\t\t\t\t\t\t\t\t\t<\/div>\n\t\t\t\t\t\t\t\t\t<\/a>\n\t\t\t\t\t\t\t<\/div>\n\t\t\t\t\t<div class=\"edgtf-gallery-image\">\n\t\t\t\t\t\t\t\t\t<a href=\"https:\/\/ricardterre.com\/wp-content\/uploads\/2026\/02\/34-358.jpg\" data-rel=\"lightbox-image-cHJldHR5UGhvdG9bc2luZ2xlX3ByZXR0eV9waG90b10=\" data-rl_title=\"\" data-rl_caption=\"\" title=\"\">\n\t\t\t\t\t\t\t\t\t\t<div class=\"edgtf-ig-image-holder\">\n\t\t\t\t\t\t\t\t\t\t\t\t\t<img loading=\"lazy\" decoding=\"async\" width=\"1024\" height=\"710\" src=\"https:\/\/ricardterre.com\/wp-content\/uploads\/2026\/02\/34-358-1024x710.jpg\" class=\"attachment-large size-large\" alt=\"\" srcset=\"https:\/\/ricardterre.com\/wp-content\/uploads\/2026\/02\/34-358-1024x710.jpg 1024w, https:\/\/ricardterre.com\/wp-content\/uploads\/2026\/02\/34-358-300x208.jpg 300w, https:\/\/ricardterre.com\/wp-content\/uploads\/2026\/02\/34-358-768x533.jpg 768w, https:\/\/ricardterre.com\/wp-content\/uploads\/2026\/02\/34-358-1536x1065.jpg 1536w, https:\/\/ricardterre.com\/wp-content\/uploads\/2026\/02\/34-358-600x416.jpg 600w\" sizes=\"auto, (max-width: 1024px) 100vw, 1024px\" \/>\t\t\t\t\t\t\t\t\t\t\t<\/div>\n\t\t\t\t\t\t\t\t\t<\/a>\n\t\t\t\t\t\t\t<\/div>\n\t\t\t\t\t<div class=\"edgtf-gallery-image\">\n\t\t\t\t\t\t\t\t\t<a href=\"https:\/\/ricardterre.com\/wp-content\/uploads\/2026\/02\/4_397.jpg\" data-rel=\"lightbox-image-cHJldHR5UGhvdG9bc2luZ2xlX3ByZXR0eV9waG90b10=\" data-rl_title=\"\" data-rl_caption=\"\" title=\"\">\n\t\t\t\t\t\t\t\t\t\t<div class=\"edgtf-ig-image-holder\">\n\t\t\t\t\t\t\t\t\t\t\t\t\t<img loading=\"lazy\" decoding=\"async\" width=\"1006\" height=\"1024\" src=\"https:\/\/ricardterre.com\/wp-content\/uploads\/2026\/02\/4_397-1006x1024.jpg\" class=\"attachment-large size-large\" alt=\"\" srcset=\"https:\/\/ricardterre.com\/wp-content\/uploads\/2026\/02\/4_397-1006x1024.jpg 1006w, https:\/\/ricardterre.com\/wp-content\/uploads\/2026\/02\/4_397-295x300.jpg 295w, https:\/\/ricardterre.com\/wp-content\/uploads\/2026\/02\/4_397-768x782.jpg 768w, https:\/\/ricardterre.com\/wp-content\/uploads\/2026\/02\/4_397-1509x1536.jpg 1509w, https:\/\/ricardterre.com\/wp-content\/uploads\/2026\/02\/4_397-600x611.jpg 600w\" sizes=\"auto, (max-width: 1006px) 100vw, 1006px\" \/>\t\t\t\t\t\t\t\t\t\t\t<\/div>\n\t\t\t\t\t\t\t\t\t<\/a>\n\t\t\t\t\t\t\t<\/div>\n\t\t\t\t\t<div class=\"edgtf-gallery-image\">\n\t\t\t\t\t\t\t\t\t<a href=\"https:\/\/ricardterre.com\/wp-content\/uploads\/2026\/02\/8-255-1.jpg\" data-rel=\"lightbox-image-cHJldHR5UGhvdG9bc2luZ2xlX3ByZXR0eV9waG90b10=\" data-rl_title=\"\" data-rl_caption=\"\" title=\"\">\n\t\t\t\t\t\t\t\t\t\t<div class=\"edgtf-ig-image-holder\">\n\t\t\t\t\t\t\t\t\t\t\t\t\t<img loading=\"lazy\" decoding=\"async\" width=\"962\" height=\"1024\" src=\"https:\/\/ricardterre.com\/wp-content\/uploads\/2026\/02\/8-255-1-962x1024.jpg\" class=\"attachment-large size-large\" alt=\"\" srcset=\"https:\/\/ricardterre.com\/wp-content\/uploads\/2026\/02\/8-255-1-962x1024.jpg 962w, https:\/\/ricardterre.com\/wp-content\/uploads\/2026\/02\/8-255-1-282x300.jpg 282w, https:\/\/ricardterre.com\/wp-content\/uploads\/2026\/02\/8-255-1-768x817.jpg 768w, https:\/\/ricardterre.com\/wp-content\/uploads\/2026\/02\/8-255-1-1443x1536.jpg 1443w, https:\/\/ricardterre.com\/wp-content\/uploads\/2026\/02\/8-255-1-600x639.jpg 600w, https:\/\/ricardterre.com\/wp-content\/uploads\/2026\/02\/8-255-1.jpg 1879w\" sizes=\"auto, (max-width: 962px) 100vw, 962px\" \/>\t\t\t\t\t\t\t\t\t\t\t<\/div>\n\t\t\t\t\t\t\t\t\t<\/a>\n\t\t\t\t\t\t\t<\/div>\n\t\t\t\t\t<div class=\"edgtf-gallery-image\">\n\t\t\t\t\t\t\t\t\t<a href=\"https:\/\/ricardterre.com\/wp-content\/uploads\/2026\/02\/4-127.jpg\" data-rel=\"lightbox-image-cHJldHR5UGhvdG9bc2luZ2xlX3ByZXR0eV9waG90b10=\" data-rl_title=\"\" data-rl_caption=\"\" title=\"\">\n\t\t\t\t\t\t\t\t\t\t<div class=\"edgtf-ig-image-holder\">\n\t\t\t\t\t\t\t\t\t\t\t\t\t<img loading=\"lazy\" decoding=\"async\" width=\"991\" height=\"1024\" src=\"https:\/\/ricardterre.com\/wp-content\/uploads\/2026\/02\/4-127-991x1024.jpg\" class=\"attachment-large size-large\" alt=\"\" srcset=\"https:\/\/ricardterre.com\/wp-content\/uploads\/2026\/02\/4-127-991x1024.jpg 991w, https:\/\/ricardterre.com\/wp-content\/uploads\/2026\/02\/4-127-290x300.jpg 290w, https:\/\/ricardterre.com\/wp-content\/uploads\/2026\/02\/4-127-768x794.jpg 768w, https:\/\/ricardterre.com\/wp-content\/uploads\/2026\/02\/4-127-1486x1536.jpg 1486w, https:\/\/ricardterre.com\/wp-content\/uploads\/2026\/02\/4-127-600x620.jpg 600w\" sizes=\"auto, (max-width: 991px) 100vw, 991px\" \/>\t\t\t\t\t\t\t\t\t\t\t<\/div>\n\t\t\t\t\t\t\t\t\t<\/a>\n\t\t\t\t\t\t\t<\/div>\n\t\t\t\t\t<div class=\"edgtf-gallery-image\">\n\t\t\t\t\t\t\t\t\t<a href=\"https:\/\/ricardterre.com\/wp-content\/uploads\/2026\/02\/AR_102_FO_28.jpg\" data-rel=\"lightbox-image-cHJldHR5UGhvdG9bc2luZ2xlX3ByZXR0eV9waG90b10=\" data-rl_title=\"\" data-rl_caption=\"\" title=\"\">\n\t\t\t\t\t\t\t\t\t\t<div class=\"edgtf-ig-image-holder\">\n\t\t\t\t\t\t\t\t\t\t\t\t\t<img loading=\"lazy\" decoding=\"async\" width=\"1024\" height=\"687\" src=\"https:\/\/ricardterre.com\/wp-content\/uploads\/2026\/02\/AR_102_FO_28-1024x687.jpg\" class=\"attachment-large size-large\" alt=\"\" srcset=\"https:\/\/ricardterre.com\/wp-content\/uploads\/2026\/02\/AR_102_FO_28-1024x687.jpg 1024w, https:\/\/ricardterre.com\/wp-content\/uploads\/2026\/02\/AR_102_FO_28-300x201.jpg 300w, https:\/\/ricardterre.com\/wp-content\/uploads\/2026\/02\/AR_102_FO_28-768x515.jpg 768w, https:\/\/ricardterre.com\/wp-content\/uploads\/2026\/02\/AR_102_FO_28-1536x1031.jpg 1536w, https:\/\/ricardterre.com\/wp-content\/uploads\/2026\/02\/AR_102_FO_28-600x403.jpg 600w\" sizes=\"auto, (max-width: 1024px) 100vw, 1024px\" \/>\t\t\t\t\t\t\t\t\t\t\t<\/div>\n\t\t\t\t\t\t\t\t\t<\/a>\n\t\t\t\t\t\t\t<\/div>\n\t\t\t<\/div>\n<\/div>\n<\/div><\/div><\/div><div class=\"wpb_column vc_column_container vc_col-sm-3\"><div class=\"vc_column-inner\"><div class=\"wpb_wrapper\">\n\t<div class=\"wpb_text_column wpb_content_element vc_custom_1776507864844\" >\n\t\t<div class=\"wpb_wrapper\">\n\t\t\t<h1 class=\"western\" style=\"text-align: left;\">La condici\u00f3n Humana<\/h1>\n<p>&nbsp;<\/p>\n\n\t\t<\/div>\n\t<\/div>\n\n\t<div class=\"wpb_text_column wpb_content_element vc_custom_1776507879960\" >\n\t\t<div class=\"wpb_wrapper\">\n\t\t\t<p style=\"text-align: left;\"><span lang=\"es-ES\">!!! CAMBIAR FOTOS !!!<\/span><\/p>\n<p>En los a\u00f1os cincuenta, siguiendo la estela comprometida de los ensayos de W. Eugene Smith, los fot\u00f3grafos se autodefinieron como \u201chumanistas\u201d. Es decir, se esforzaban para que sus fotograf\u00edas siempre tuvieran como tema central el ser humano y, m\u00e1s all\u00e1 del retrato, se propon\u00edan captar el ambiente que confiere alma a los sujetos. Tanto si se trata de un ser humano -un hombre, una mujer o un ni\u00f1o- como si se trata de un objeto, de un animal o incluso un paisaje, la intenci\u00f3n humanista subyace los temas para expresar la condici\u00f3n humana. Terr\u00e9 resalta en su trabajo momentos de la existencia del ser humano, aunque desdibujados. Momentos irrepetibles, pero en cierto modo eternos, en las arquitecturas, en los objetos abandonados, en los animales dom\u00e9sticos&#8230;<\/p>\n\n\t\t<\/div>\n\t<\/div>\n<\/div><\/div><\/div><\/div><\/div>\n<\/div>","protected":false},"excerpt":{"rendered":"La condici\u00f3n Humana &nbsp; !!! CAMBIAR FOTOS !!! En los a\u00f1os cincuenta, siguiendo la estela comprometida de los ensayos de W. Eugene Smith, los fot\u00f3grafos se autodefinieron como \u201chumanistas\u201d. Es decir, se esforzaban para que sus fotograf\u00edas siempre tuvieran como tema central el ser humano...","protected":false},"author":1,"featured_media":0,"parent":0,"menu_order":0,"comment_status":"closed","ping_status":"closed","template":"","meta":{"ngg_post_thumbnail":0,"footnotes":""},"class_list":["post-8310","page","type-page","status-publish","hentry"],"_links":{"self":[{"href":"https:\/\/ricardterre.com\/en\/wp-json\/wp\/v2\/pages\/8310","targetHints":{"allow":["GET"]}}],"collection":[{"href":"https:\/\/ricardterre.com\/en\/wp-json\/wp\/v2\/pages"}],"about":[{"href":"https:\/\/ricardterre.com\/en\/wp-json\/wp\/v2\/types\/page"}],"author":[{"embeddable":true,"href":"https:\/\/ricardterre.com\/en\/wp-json\/wp\/v2\/users\/1"}],"replies":[{"embeddable":true,"href":"https:\/\/ricardterre.com\/en\/wp-json\/wp\/v2\/comments?post=8310"}],"version-history":[{"count":4,"href":"https:\/\/ricardterre.com\/en\/wp-json\/wp\/v2\/pages\/8310\/revisions"}],"predecessor-version":[{"id":8392,"href":"https:\/\/ricardterre.com\/en\/wp-json\/wp\/v2\/pages\/8310\/revisions\/8392"}],"wp:attachment":[{"href":"https:\/\/ricardterre.com\/en\/wp-json\/wp\/v2\/media?parent=8310"}],"curies":[{"name":"wp","href":"https:\/\/api.w.org\/{rel}","templated":true}]}}