{"id":8309,"date":"2026-04-18T11:03:27","date_gmt":"2026-04-18T09:03:27","guid":{"rendered":"https:\/\/ricardterre.com\/?page_id=8309"},"modified":"2026-04-18T12:49:37","modified_gmt":"2026-04-18T10:49:37","slug":"abstracciones","status":"publish","type":"page","link":"https:\/\/ricardterre.com\/en\/abstracciones\/","title":{"rendered":"Abstracts"},"content":{"rendered":"<div class=\"wpb-content-wrapper\"><div class=\"vc_row wpb_row vc_row-fluid edgtf-section vc_custom_1771608722087 edgtf-content-aligment-right\" style=\"\"><div class=\"clearfix edgtf-full-section-inner\"><div class=\"wpb_column vc_column_container vc_col-sm-9\"><div class=\"vc_column-inner\"><div class=\"wpb_wrapper\"><div class=\"edgtf-image-gallery\">\n\t<div class=\"edgtf-image-gallery-grid clearfix edgtf-gallery-with-space edgtf-gallery-columns-2\">\n\t\t\t\t\t<div class=\"edgtf-gallery-image\">\n\t\t\t\t\t\t\t\t\t<a href=\"https:\/\/ricardterre.com\/wp-content\/uploads\/2026\/02\/52-53.jpg\" data-rel=\"lightbox-image-cHJldHR5UGhvdG9bc2luZ2xlX3ByZXR0eV9waG90b10=\" data-rl_title=\"\" data-rl_caption=\"\" title=\"\">\n\t\t\t\t\t\t\t\t\t\t<div class=\"edgtf-ig-image-holder\">\n\t\t\t\t\t\t\t\t\t\t\t\t\t<img loading=\"lazy\" decoding=\"async\" width=\"434\" height=\"1024\" src=\"https:\/\/ricardterre.com\/wp-content\/uploads\/2026\/02\/52-53-434x1024.jpg\" class=\"attachment-large size-large\" alt=\"\" srcset=\"https:\/\/ricardterre.com\/wp-content\/uploads\/2026\/02\/52-53-434x1024.jpg 434w, https:\/\/ricardterre.com\/wp-content\/uploads\/2026\/02\/52-53-127x300.jpg 127w, https:\/\/ricardterre.com\/wp-content\/uploads\/2026\/02\/52-53-768x1811.jpg 768w, https:\/\/ricardterre.com\/wp-content\/uploads\/2026\/02\/52-53-651x1536.jpg 651w, https:\/\/ricardterre.com\/wp-content\/uploads\/2026\/02\/52-53-600x1415.jpg 600w, https:\/\/ricardterre.com\/wp-content\/uploads\/2026\/02\/52-53.jpg 848w\" sizes=\"auto, (max-width: 434px) 100vw, 434px\" \/>\t\t\t\t\t\t\t\t\t\t\t<\/div>\n\t\t\t\t\t\t\t\t\t<\/a>\n\t\t\t\t\t\t\t<\/div>\n\t\t\t\t\t<div class=\"edgtf-gallery-image\">\n\t\t\t\t\t\t\t\t\t<a href=\"https:\/\/ricardterre.com\/wp-content\/uploads\/2026\/02\/3-207.jpg\" data-rel=\"lightbox-image-cHJldHR5UGhvdG9bc2luZ2xlX3ByZXR0eV9waG90b10=\" data-rl_title=\"\" data-rl_caption=\"\" title=\"\">\n\t\t\t\t\t\t\t\t\t\t<div class=\"edgtf-ig-image-holder\">\n\t\t\t\t\t\t\t\t\t\t\t\t\t<img loading=\"lazy\" decoding=\"async\" width=\"1005\" height=\"1024\" src=\"https:\/\/ricardterre.com\/wp-content\/uploads\/2026\/02\/3-207-1005x1024.jpg\" class=\"attachment-large size-large\" alt=\"\" srcset=\"https:\/\/ricardterre.com\/wp-content\/uploads\/2026\/02\/3-207-1005x1024.jpg 1005w, https:\/\/ricardterre.com\/wp-content\/uploads\/2026\/02\/3-207-294x300.jpg 294w, https:\/\/ricardterre.com\/wp-content\/uploads\/2026\/02\/3-207-768x783.jpg 768w, https:\/\/ricardterre.com\/wp-content\/uploads\/2026\/02\/3-207-1507x1536.jpg 1507w, https:\/\/ricardterre.com\/wp-content\/uploads\/2026\/02\/3-207-600x612.jpg 600w\" sizes=\"auto, (max-width: 1005px) 100vw, 1005px\" \/>\t\t\t\t\t\t\t\t\t\t\t<\/div>\n\t\t\t\t\t\t\t\t\t<\/a>\n\t\t\t\t\t\t\t<\/div>\n\t\t\t\t\t<div class=\"edgtf-gallery-image\">\n\t\t\t\t\t\t\t\t\t<a href=\"https:\/\/ricardterre.com\/wp-content\/uploads\/2026\/02\/3-177-1.jpg\" data-rel=\"lightbox-image-cHJldHR5UGhvdG9bc2luZ2xlX3ByZXR0eV9waG90b10=\" data-rl_title=\"\" data-rl_caption=\"\" title=\"\">\n\t\t\t\t\t\t\t\t\t\t<div class=\"edgtf-ig-image-holder\">\n\t\t\t\t\t\t\t\t\t\t\t\t\t<img loading=\"lazy\" decoding=\"async\" width=\"1024\" height=\"984\" src=\"https:\/\/ricardterre.com\/wp-content\/uploads\/2026\/02\/3-177-1-1024x984.jpg\" class=\"attachment-large size-large\" alt=\"\" srcset=\"https:\/\/ricardterre.com\/wp-content\/uploads\/2026\/02\/3-177-1-1024x984.jpg 1024w, https:\/\/ricardterre.com\/wp-content\/uploads\/2026\/02\/3-177-1-300x288.jpg 300w, https:\/\/ricardterre.com\/wp-content\/uploads\/2026\/02\/3-177-1-768x738.jpg 768w, https:\/\/ricardterre.com\/wp-content\/uploads\/2026\/02\/3-177-1-1536x1476.jpg 1536w, https:\/\/ricardterre.com\/wp-content\/uploads\/2026\/02\/3-177-1-600x577.jpg 600w\" sizes=\"auto, (max-width: 1024px) 100vw, 1024px\" \/>\t\t\t\t\t\t\t\t\t\t\t<\/div>\n\t\t\t\t\t\t\t\t\t<\/a>\n\t\t\t\t\t\t\t<\/div>\n\t\t\t\t\t<div class=\"edgtf-gallery-image\">\n\t\t\t\t\t\t\t\t\t<a href=\"https:\/\/ricardterre.com\/wp-content\/uploads\/2026\/02\/3-058.jpg\" data-rel=\"lightbox-image-cHJldHR5UGhvdG9bc2luZ2xlX3ByZXR0eV9waG90b10=\" data-rl_title=\"\" data-rl_caption=\"\" title=\"\">\n\t\t\t\t\t\t\t\t\t\t<div class=\"edgtf-ig-image-holder\">\n\t\t\t\t\t\t\t\t\t\t\t\t\t<img loading=\"lazy\" decoding=\"async\" width=\"744\" height=\"1024\" src=\"https:\/\/ricardterre.com\/wp-content\/uploads\/2026\/02\/3-058-744x1024.jpg\" class=\"attachment-large size-large\" alt=\"\" srcset=\"https:\/\/ricardterre.com\/wp-content\/uploads\/2026\/02\/3-058-744x1024.jpg 744w, https:\/\/ricardterre.com\/wp-content\/uploads\/2026\/02\/3-058-218x300.jpg 218w, https:\/\/ricardterre.com\/wp-content\/uploads\/2026\/02\/3-058-768x1056.jpg 768w, https:\/\/ricardterre.com\/wp-content\/uploads\/2026\/02\/3-058-1117x1536.jpg 1117w, https:\/\/ricardterre.com\/wp-content\/uploads\/2026\/02\/3-058-600x825.jpg 600w, https:\/\/ricardterre.com\/wp-content\/uploads\/2026\/02\/3-058.jpg 1454w\" sizes=\"auto, (max-width: 744px) 100vw, 744px\" \/>\t\t\t\t\t\t\t\t\t\t\t<\/div>\n\t\t\t\t\t\t\t\t\t<\/a>\n\t\t\t\t\t\t\t<\/div>\n\t\t\t\t\t<div class=\"edgtf-gallery-image\">\n\t\t\t\t\t\t\t\t\t<a href=\"https:\/\/ricardterre.com\/wp-content\/uploads\/2026\/02\/3-021.jpg\" data-rel=\"lightbox-image-cHJldHR5UGhvdG9bc2luZ2xlX3ByZXR0eV9waG90b10=\" data-rl_title=\"\" data-rl_caption=\"\" title=\"\">\n\t\t\t\t\t\t\t\t\t\t<div class=\"edgtf-ig-image-holder\">\n\t\t\t\t\t\t\t\t\t\t\t\t\t<img loading=\"lazy\" decoding=\"async\" width=\"996\" height=\"1024\" src=\"https:\/\/ricardterre.com\/wp-content\/uploads\/2026\/02\/3-021-996x1024.jpg\" class=\"attachment-large size-large\" alt=\"\" srcset=\"https:\/\/ricardterre.com\/wp-content\/uploads\/2026\/02\/3-021-996x1024.jpg 996w, https:\/\/ricardterre.com\/wp-content\/uploads\/2026\/02\/3-021-292x300.jpg 292w, https:\/\/ricardterre.com\/wp-content\/uploads\/2026\/02\/3-021-768x790.jpg 768w, https:\/\/ricardterre.com\/wp-content\/uploads\/2026\/02\/3-021-1494x1536.jpg 1494w, https:\/\/ricardterre.com\/wp-content\/uploads\/2026\/02\/3-021-600x617.jpg 600w\" sizes=\"auto, (max-width: 996px) 100vw, 996px\" \/>\t\t\t\t\t\t\t\t\t\t\t<\/div>\n\t\t\t\t\t\t\t\t\t<\/a>\n\t\t\t\t\t\t\t<\/div>\n\t\t\t\t\t<div class=\"edgtf-gallery-image\">\n\t\t\t\t\t\t\t\t\t<a href=\"https:\/\/ricardterre.com\/wp-content\/uploads\/2026\/02\/3-2-25.jpg\" data-rel=\"lightbox-image-cHJldHR5UGhvdG9bc2luZ2xlX3ByZXR0eV9waG90b10=\" data-rl_title=\"\" data-rl_caption=\"\" title=\"\">\n\t\t\t\t\t\t\t\t\t\t<div class=\"edgtf-ig-image-holder\">\n\t\t\t\t\t\t\t\t\t\t\t\t\t<img loading=\"lazy\" decoding=\"async\" width=\"1024\" height=\"1008\" src=\"https:\/\/ricardterre.com\/wp-content\/uploads\/2026\/02\/3-2-25-1024x1008.jpg\" class=\"attachment-large size-large\" alt=\"\" srcset=\"https:\/\/ricardterre.com\/wp-content\/uploads\/2026\/02\/3-2-25-1024x1008.jpg 1024w, https:\/\/ricardterre.com\/wp-content\/uploads\/2026\/02\/3-2-25-300x295.jpg 300w, https:\/\/ricardterre.com\/wp-content\/uploads\/2026\/02\/3-2-25-768x756.jpg 768w, https:\/\/ricardterre.com\/wp-content\/uploads\/2026\/02\/3-2-25-1536x1512.jpg 1536w, https:\/\/ricardterre.com\/wp-content\/uploads\/2026\/02\/3-2-25-600x591.jpg 600w\" sizes=\"auto, (max-width: 1024px) 100vw, 1024px\" \/>\t\t\t\t\t\t\t\t\t\t\t<\/div>\n\t\t\t\t\t\t\t\t\t<\/a>\n\t\t\t\t\t\t\t<\/div>\n\t\t\t\t\t<div class=\"edgtf-gallery-image\">\n\t\t\t\t\t\t\t\t\t<a href=\"https:\/\/ricardterre.com\/wp-content\/uploads\/2026\/02\/001_SOLA.jpg\" data-rel=\"lightbox-image-cHJldHR5UGhvdG9bc2luZ2xlX3ByZXR0eV9waG90b10=\" data-rl_title=\"\" data-rl_caption=\"\" title=\"\">\n\t\t\t\t\t\t\t\t\t\t<div class=\"edgtf-ig-image-holder\">\n\t\t\t\t\t\t\t\t\t\t\t\t\t<img loading=\"lazy\" decoding=\"async\" width=\"1024\" height=\"537\" src=\"https:\/\/ricardterre.com\/wp-content\/uploads\/2026\/02\/001_SOLA-1024x537.jpg\" class=\"attachment-large size-large\" alt=\"\" srcset=\"https:\/\/ricardterre.com\/wp-content\/uploads\/2026\/02\/001_SOLA-1024x537.jpg 1024w, https:\/\/ricardterre.com\/wp-content\/uploads\/2026\/02\/001_SOLA-300x157.jpg 300w, https:\/\/ricardterre.com\/wp-content\/uploads\/2026\/02\/001_SOLA-768x403.jpg 768w, https:\/\/ricardterre.com\/wp-content\/uploads\/2026\/02\/001_SOLA-1536x806.jpg 1536w, https:\/\/ricardterre.com\/wp-content\/uploads\/2026\/02\/001_SOLA-600x315.jpg 600w\" sizes=\"auto, (max-width: 1024px) 100vw, 1024px\" \/>\t\t\t\t\t\t\t\t\t\t\t<\/div>\n\t\t\t\t\t\t\t\t\t<\/a>\n\t\t\t\t\t\t\t<\/div>\n\t\t\t\t\t<div class=\"edgtf-gallery-image\">\n\t\t\t\t\t\t\t\t\t<a href=\"https:\/\/ricardterre.com\/wp-content\/uploads\/2026\/02\/AR_184_FO_10.jpg\" data-rel=\"lightbox-image-cHJldHR5UGhvdG9bc2luZ2xlX3ByZXR0eV9waG90b10=\" data-rl_title=\"\" data-rl_caption=\"\" title=\"\">\n\t\t\t\t\t\t\t\t\t\t<div class=\"edgtf-ig-image-holder\">\n\t\t\t\t\t\t\t\t\t\t\t\t\t<img loading=\"lazy\" decoding=\"async\" width=\"691\" height=\"1024\" src=\"https:\/\/ricardterre.com\/wp-content\/uploads\/2026\/02\/AR_184_FO_10-691x1024.jpg\" class=\"attachment-large size-large\" alt=\"\" srcset=\"https:\/\/ricardterre.com\/wp-content\/uploads\/2026\/02\/AR_184_FO_10-691x1024.jpg 691w, https:\/\/ricardterre.com\/wp-content\/uploads\/2026\/02\/AR_184_FO_10-203x300.jpg 203w, https:\/\/ricardterre.com\/wp-content\/uploads\/2026\/02\/AR_184_FO_10-768x1138.jpg 768w, https:\/\/ricardterre.com\/wp-content\/uploads\/2026\/02\/AR_184_FO_10-1037x1536.jpg 1037w, https:\/\/ricardterre.com\/wp-content\/uploads\/2026\/02\/AR_184_FO_10-600x889.jpg 600w, https:\/\/ricardterre.com\/wp-content\/uploads\/2026\/02\/AR_184_FO_10.jpg 1350w\" sizes=\"auto, (max-width: 691px) 100vw, 691px\" \/>\t\t\t\t\t\t\t\t\t\t\t<\/div>\n\t\t\t\t\t\t\t\t\t<\/a>\n\t\t\t\t\t\t\t<\/div>\n\t\t\t<\/div>\n<\/div>\n<\/div><\/div><\/div><div class=\"wpb_column vc_column_container vc_col-sm-3\"><div class=\"vc_column-inner\"><div class=\"wpb_wrapper\">\n\t<div class=\"wpb_text_column wpb_content_element vc_custom_1776507549761\" >\n\t\t<div class=\"wpb_wrapper\">\n\t\t\t<h1 class=\"western\">Abstracts<\/h1>\n<p>&nbsp;<\/p>\n\n\t\t<\/div>\n\t<\/div>\n\n\t<div class=\"wpb_text_column wpb_content_element vc_custom_1776507575655\" >\n\t\t<div class=\"wpb_wrapper\">\n\t\t\t<p style=\"text-align: left;\"><span lang=\"es-ES\">La austeridad de la luz cogida de los dos polos crudos no era s\u00f3lo un rasgo de estilo, era \u00fatil, pues dibujaba con certeza las formas y los contornos con el preciosismo de la realidad casual. La cr\u00edtica defini\u00f3 su fotograf\u00eda como de \u201cefecto pu\u00f1etazo\u201d, por la claridad con la que combinaba sus composiciones. <\/span><\/p>\n<p style=\"text-align: left;\"><span lang=\"es-ES\">Entre 1960 y 1966, Ricard Terr\u00e9 realiz\u00f3 al menos 144 murales fotogr\u00e1ficos para empresas y casas particulares. Los negativos utilizados, en su mayor\u00eda, estaban hechos expresamente para cada una de las localizaciones. Las tem\u00e1ticas escogidas tienen un fuerte car\u00e1cter gr\u00e1fico, podemos llamarles abstracciones. Aunque siempre conservan un halo de poes\u00eda o de humor, rasgos caracter\u00edsticos de su obra, sea cual sea la aplicaci\u00f3n. Los formatos llegaron a ser gigantes: hasta 15 metros por 3&#8217;5. <\/span><\/p>\n\n\t\t<\/div>\n\t<\/div>\n<\/div><\/div><\/div><\/div><\/div>\n<\/div>","protected":false},"excerpt":{"rendered":"Abstracciones &nbsp; La austeridad de la luz cogida de los dos polos crudos no era s\u00f3lo un rasgo de estilo, era \u00fatil, pues dibujaba con certeza las formas y los contornos con el preciosismo de la realidad casual. La cr\u00edtica defini\u00f3 su fotograf\u00eda como de...","protected":false},"author":1,"featured_media":0,"parent":0,"menu_order":0,"comment_status":"closed","ping_status":"closed","template":"","meta":{"ngg_post_thumbnail":0,"footnotes":""},"class_list":["post-8309","page","type-page","status-publish","hentry"],"_links":{"self":[{"href":"https:\/\/ricardterre.com\/en\/wp-json\/wp\/v2\/pages\/8309","targetHints":{"allow":["GET"]}}],"collection":[{"href":"https:\/\/ricardterre.com\/en\/wp-json\/wp\/v2\/pages"}],"about":[{"href":"https:\/\/ricardterre.com\/en\/wp-json\/wp\/v2\/types\/page"}],"author":[{"embeddable":true,"href":"https:\/\/ricardterre.com\/en\/wp-json\/wp\/v2\/users\/1"}],"replies":[{"embeddable":true,"href":"https:\/\/ricardterre.com\/en\/wp-json\/wp\/v2\/comments?post=8309"}],"version-history":[{"count":4,"href":"https:\/\/ricardterre.com\/en\/wp-json\/wp\/v2\/pages\/8309\/revisions"}],"predecessor-version":[{"id":8402,"href":"https:\/\/ricardterre.com\/en\/wp-json\/wp\/v2\/pages\/8309\/revisions\/8402"}],"wp:attachment":[{"href":"https:\/\/ricardterre.com\/en\/wp-json\/wp\/v2\/media?parent=8309"}],"curies":[{"name":"wp","href":"https:\/\/api.w.org\/{rel}","templated":true}]}}