{"id":8300,"date":"2026-04-17T19:50:53","date_gmt":"2026-04-17T17:50:53","guid":{"rendered":"https:\/\/ricardterre.com\/?page_id=8300"},"modified":"2026-04-18T12:46:31","modified_gmt":"2026-04-18T10:46:31","slug":"santa-marta-de-ribarteme","status":"publish","type":"page","link":"https:\/\/ricardterre.com\/en\/santa-marta-de-ribarteme\/","title":{"rendered":"Santa Marta de Ribarteme"},"content":{"rendered":"<div class=\"wpb-content-wrapper\"><div class=\"vc_row wpb_row vc_row-fluid edgtf-section vc_custom_1771608722087 edgtf-content-aligment-right\" style=\"\"><div class=\"clearfix edgtf-full-section-inner\"><div class=\"wpb_column vc_column_container vc_col-sm-9\"><div class=\"vc_column-inner\"><div class=\"wpb_wrapper\"><div class=\"edgtf-image-gallery\">\n\t<div class=\"edgtf-image-gallery-grid clearfix edgtf-gallery-with-space edgtf-gallery-columns-2\">\n\t\t\t\t\t<div class=\"edgtf-gallery-image\">\n\t\t\t\t\t\t\t\t\t<a href=\"https:\/\/ricardterre.com\/wp-content\/uploads\/2026\/02\/010_DCHA.jpg\" data-rel=\"lightbox-image-cHJldHR5UGhvdG9bc2luZ2xlX3ByZXR0eV9waG90b10=\" data-rl_title=\"\" data-rl_caption=\"\" title=\"\">\n\t\t\t\t\t\t\t\t\t\t<div class=\"edgtf-ig-image-holder\">\n\t\t\t\t\t\t\t\t\t\t\t\t\t<img loading=\"lazy\" decoding=\"async\" width=\"732\" height=\"1024\" src=\"https:\/\/ricardterre.com\/wp-content\/uploads\/2026\/02\/010_DCHA-732x1024.jpg\" class=\"attachment-large size-large\" alt=\"\" srcset=\"https:\/\/ricardterre.com\/wp-content\/uploads\/2026\/02\/010_DCHA-732x1024.jpg 732w, https:\/\/ricardterre.com\/wp-content\/uploads\/2026\/02\/010_DCHA-214x300.jpg 214w, https:\/\/ricardterre.com\/wp-content\/uploads\/2026\/02\/010_DCHA-768x1075.jpg 768w, https:\/\/ricardterre.com\/wp-content\/uploads\/2026\/02\/010_DCHA-1097x1536.jpg 1097w, https:\/\/ricardterre.com\/wp-content\/uploads\/2026\/02\/010_DCHA-600x840.jpg 600w, https:\/\/ricardterre.com\/wp-content\/uploads\/2026\/02\/010_DCHA.jpg 1429w\" sizes=\"auto, (max-width: 732px) 100vw, 732px\" \/>\t\t\t\t\t\t\t\t\t\t\t<\/div>\n\t\t\t\t\t\t\t\t\t<\/a>\n\t\t\t\t\t\t\t<\/div>\n\t\t\t\t\t<div class=\"edgtf-gallery-image\">\n\t\t\t\t\t\t\t\t\t<a href=\"https:\/\/ricardterre.com\/wp-content\/uploads\/2026\/02\/007-40A-1.jpg\" data-rel=\"lightbox-image-cHJldHR5UGhvdG9bc2luZ2xlX3ByZXR0eV9waG90b10=\" data-rl_title=\"\" data-rl_caption=\"\" title=\"\">\n\t\t\t\t\t\t\t\t\t\t<div class=\"edgtf-ig-image-holder\">\n\t\t\t\t\t\t\t\t\t\t\t\t\t<img loading=\"lazy\" decoding=\"async\" width=\"676\" height=\"1024\" src=\"https:\/\/ricardterre.com\/wp-content\/uploads\/2026\/02\/007-40A-1-676x1024.jpg\" class=\"attachment-large size-large\" alt=\"\" srcset=\"https:\/\/ricardterre.com\/wp-content\/uploads\/2026\/02\/007-40A-1-676x1024.jpg 676w, https:\/\/ricardterre.com\/wp-content\/uploads\/2026\/02\/007-40A-1-198x300.jpg 198w, https:\/\/ricardterre.com\/wp-content\/uploads\/2026\/02\/007-40A-1-768x1163.jpg 768w, https:\/\/ricardterre.com\/wp-content\/uploads\/2026\/02\/007-40A-1-1015x1536.jpg 1015w, https:\/\/ricardterre.com\/wp-content\/uploads\/2026\/02\/007-40A-1-600x908.jpg 600w, https:\/\/ricardterre.com\/wp-content\/uploads\/2026\/02\/007-40A-1.jpg 1321w\" sizes=\"auto, (max-width: 676px) 100vw, 676px\" \/>\t\t\t\t\t\t\t\t\t\t\t<\/div>\n\t\t\t\t\t\t\t\t\t<\/a>\n\t\t\t\t\t\t\t<\/div>\n\t\t\t\t\t<div class=\"edgtf-gallery-image\">\n\t\t\t\t\t\t\t\t\t<a href=\"https:\/\/ricardterre.com\/wp-content\/uploads\/2026\/02\/009-34-1.jpg\" data-rel=\"lightbox-image-cHJldHR5UGhvdG9bc2luZ2xlX3ByZXR0eV9waG90b10=\" data-rl_title=\"\" data-rl_caption=\"\" title=\"\">\n\t\t\t\t\t\t\t\t\t\t<div class=\"edgtf-ig-image-holder\">\n\t\t\t\t\t\t\t\t\t\t\t\t\t<img loading=\"lazy\" decoding=\"async\" width=\"1024\" height=\"696\" src=\"https:\/\/ricardterre.com\/wp-content\/uploads\/2026\/02\/009-34-1-1024x696.jpg\" class=\"attachment-large size-large\" alt=\"\" srcset=\"https:\/\/ricardterre.com\/wp-content\/uploads\/2026\/02\/009-34-1-1024x696.jpg 1024w, https:\/\/ricardterre.com\/wp-content\/uploads\/2026\/02\/009-34-1-300x204.jpg 300w, https:\/\/ricardterre.com\/wp-content\/uploads\/2026\/02\/009-34-1-768x522.jpg 768w, https:\/\/ricardterre.com\/wp-content\/uploads\/2026\/02\/009-34-1-1536x1044.jpg 1536w, https:\/\/ricardterre.com\/wp-content\/uploads\/2026\/02\/009-34-1-600x408.jpg 600w\" sizes=\"auto, (max-width: 1024px) 100vw, 1024px\" \/>\t\t\t\t\t\t\t\t\t\t\t<\/div>\n\t\t\t\t\t\t\t\t\t<\/a>\n\t\t\t\t\t\t\t<\/div>\n\t\t\t\t\t<div class=\"edgtf-gallery-image\">\n\t\t\t\t\t\t\t\t\t<a href=\"https:\/\/ricardterre.com\/wp-content\/uploads\/2026\/02\/008_DCHA.jpg\" data-rel=\"lightbox-image-cHJldHR5UGhvdG9bc2luZ2xlX3ByZXR0eV9waG90b10=\" data-rl_title=\"\" data-rl_caption=\"\" title=\"\">\n\t\t\t\t\t\t\t\t\t\t<div class=\"edgtf-ig-image-holder\">\n\t\t\t\t\t\t\t\t\t\t\t\t\t<img loading=\"lazy\" decoding=\"async\" width=\"1024\" height=\"742\" src=\"https:\/\/ricardterre.com\/wp-content\/uploads\/2026\/02\/008_DCHA-1024x742.jpg\" class=\"attachment-large size-large\" alt=\"\" srcset=\"https:\/\/ricardterre.com\/wp-content\/uploads\/2026\/02\/008_DCHA-1024x742.jpg 1024w, https:\/\/ricardterre.com\/wp-content\/uploads\/2026\/02\/008_DCHA-300x218.jpg 300w, https:\/\/ricardterre.com\/wp-content\/uploads\/2026\/02\/008_DCHA-768x557.jpg 768w, https:\/\/ricardterre.com\/wp-content\/uploads\/2026\/02\/008_DCHA-1536x1114.jpg 1536w, https:\/\/ricardterre.com\/wp-content\/uploads\/2026\/02\/008_DCHA-600x435.jpg 600w\" sizes=\"auto, (max-width: 1024px) 100vw, 1024px\" \/>\t\t\t\t\t\t\t\t\t\t\t<\/div>\n\t\t\t\t\t\t\t\t\t<\/a>\n\t\t\t\t\t\t\t<\/div>\n\t\t\t\t\t<div class=\"edgtf-gallery-image\">\n\t\t\t\t\t\t\t\t\t<a href=\"https:\/\/ricardterre.com\/wp-content\/uploads\/2026\/02\/004_IZDA.jpg\" data-rel=\"lightbox-image-cHJldHR5UGhvdG9bc2luZ2xlX3ByZXR0eV9waG90b10=\" data-rl_title=\"\" data-rl_caption=\"\" title=\"\">\n\t\t\t\t\t\t\t\t\t\t<div class=\"edgtf-ig-image-holder\">\n\t\t\t\t\t\t\t\t\t\t\t\t\t<img loading=\"lazy\" decoding=\"async\" width=\"1024\" height=\"712\" src=\"https:\/\/ricardterre.com\/wp-content\/uploads\/2026\/02\/004_IZDA-1024x712.jpg\" class=\"attachment-large size-large\" alt=\"\" srcset=\"https:\/\/ricardterre.com\/wp-content\/uploads\/2026\/02\/004_IZDA-1024x712.jpg 1024w, https:\/\/ricardterre.com\/wp-content\/uploads\/2026\/02\/004_IZDA-300x209.jpg 300w, https:\/\/ricardterre.com\/wp-content\/uploads\/2026\/02\/004_IZDA-768x534.jpg 768w, https:\/\/ricardterre.com\/wp-content\/uploads\/2026\/02\/004_IZDA-1536x1068.jpg 1536w, https:\/\/ricardterre.com\/wp-content\/uploads\/2026\/02\/004_IZDA-600x417.jpg 600w\" sizes=\"auto, (max-width: 1024px) 100vw, 1024px\" \/>\t\t\t\t\t\t\t\t\t\t\t<\/div>\n\t\t\t\t\t\t\t\t\t<\/a>\n\t\t\t\t\t\t\t<\/div>\n\t\t\t<\/div>\n<\/div>\n<\/div><\/div><\/div><div class=\"wpb_column vc_column_container vc_col-sm-3\"><div class=\"vc_column-inner\"><div class=\"wpb_wrapper\">\n\t<div class=\"wpb_text_column wpb_content_element vc_custom_1776507987184\" >\n\t\t<div class=\"wpb_wrapper\">\n\t\t\t<h1 class=\"western\" style=\"text-align: left;\">Santa Marta de Ribarteme (1960-2004)<\/h1>\n<p>&nbsp;<\/p>\n\n\t\t<\/div>\n\t<\/div>\n\n\t<div class=\"wpb_text_column wpb_content_element vc_custom_1776508003868\" >\n\t\t<div class=\"wpb_wrapper\">\n\t\t\t<p style=\"text-align: left;\">Galicia was a fertile territory for photographing the magical encounter between spirits and the ordinary aspects of life. When he settled there in 1959, Ricard heard about a very special pilgrimage in the province of Pontevedra, fifty kilometres from Vigo, which could be reached by a secondary road. There, they say, pilgrims carry their coffins as an offering, but unlike other places, they get inside them and are transported in procession by their relatives. This pilgrimage, which is celebrated every 29th July in the parish of San Jos\u00e9 de Ribarteme, is in honour of Saint Martha, the intercessor to Jesus for the death of her brother Lazarus. This is why the saint is considered the advocate for all those in danger of death. Hence the coffins and shrouds with which the pilgrims dress, feigning the death from which the saint has delivered them and representing the catharsis of the resurrection in the church.<\/p>\n<p style=\"text-align: left;\">Terr\u00e9 visited Santa Marta de Ribarteme twelve times over forty-one years, constructing one of his most extensive and intense reports.<\/p>\n\n\t\t<\/div>\n\t<\/div>\n<\/div><\/div><\/div><\/div><\/div>\n<\/div>","protected":false},"excerpt":{"rendered":"Santa Marta de Ribarteme (1960-2004) &nbsp; Galicia fue un territorio fecundo para fotografiar el encuentro m\u00e1gico entre los esp\u00edritus y lo ordinario de la vida. Cuando se establece all\u00ed en 1959, Ricard oye hablar de una romer\u00eda muy especial en la provincia de Pontevedra, a...","protected":false},"author":1,"featured_media":0,"parent":0,"menu_order":0,"comment_status":"closed","ping_status":"closed","template":"","meta":{"ngg_post_thumbnail":0,"footnotes":""},"class_list":["post-8300","page","type-page","status-publish","hentry"],"_links":{"self":[{"href":"https:\/\/ricardterre.com\/en\/wp-json\/wp\/v2\/pages\/8300","targetHints":{"allow":["GET"]}}],"collection":[{"href":"https:\/\/ricardterre.com\/en\/wp-json\/wp\/v2\/pages"}],"about":[{"href":"https:\/\/ricardterre.com\/en\/wp-json\/wp\/v2\/types\/page"}],"author":[{"embeddable":true,"href":"https:\/\/ricardterre.com\/en\/wp-json\/wp\/v2\/users\/1"}],"replies":[{"embeddable":true,"href":"https:\/\/ricardterre.com\/en\/wp-json\/wp\/v2\/comments?post=8300"}],"version-history":[{"count":8,"href":"https:\/\/ricardterre.com\/en\/wp-json\/wp\/v2\/pages\/8300\/revisions"}],"predecessor-version":[{"id":8395,"href":"https:\/\/ricardterre.com\/en\/wp-json\/wp\/v2\/pages\/8300\/revisions\/8395"}],"wp:attachment":[{"href":"https:\/\/ricardterre.com\/en\/wp-json\/wp\/v2\/media?parent=8300"}],"curies":[{"name":"wp","href":"https:\/\/api.w.org\/{rel}","templated":true}]}}