{"id":8288,"date":"2026-04-17T19:31:51","date_gmt":"2026-04-17T17:31:51","guid":{"rendered":"https:\/\/ricardterre.com\/?page_id=8288"},"modified":"2026-04-18T15:24:10","modified_gmt":"2026-04-18T13:24:10","slug":"galicia-adentro","status":"publish","type":"page","link":"https:\/\/ricardterre.com\/en\/galicia-adentro\/","title":{"rendered":"Galicia Adentro"},"content":{"rendered":"<div class=\"wpb-content-wrapper\"><div class=\"vc_row wpb_row vc_row-fluid edgtf-section vc_custom_1771608722087 edgtf-content-aligment-right\" style=\"\"><div class=\"clearfix edgtf-full-section-inner\"><div class=\"wpb_column vc_column_container vc_col-sm-9\"><div class=\"vc_column-inner\"><div class=\"wpb_wrapper\"><div class=\"edgtf-image-gallery\">\n\t<div class=\"edgtf-image-gallery-grid clearfix edgtf-gallery-with-space edgtf-gallery-columns-2\">\n\t\t\t\t\t<div class=\"edgtf-gallery-image\">\n\t\t\t\t\t\t\t\t\t<a href=\"https:\/\/ricardterre.com\/wp-content\/uploads\/2026\/02\/AR_39_FO_15.jpg\" data-rel=\"lightbox-image-cHJldHR5UGhvdG9bc2luZ2xlX3ByZXR0eV9waG90b10=\" data-rl_title=\"\" data-rl_caption=\"\" title=\"\">\n\t\t\t\t\t\t\t\t\t\t<div class=\"edgtf-ig-image-holder\">\n\t\t\t\t\t\t\t\t\t\t\t\t\t<img loading=\"lazy\" decoding=\"async\" width=\"678\" height=\"1024\" src=\"https:\/\/ricardterre.com\/wp-content\/uploads\/2026\/02\/AR_39_FO_15-678x1024.jpg\" class=\"attachment-large size-large\" alt=\"\" srcset=\"https:\/\/ricardterre.com\/wp-content\/uploads\/2026\/02\/AR_39_FO_15-678x1024.jpg 678w, https:\/\/ricardterre.com\/wp-content\/uploads\/2026\/02\/AR_39_FO_15-199x300.jpg 199w, https:\/\/ricardterre.com\/wp-content\/uploads\/2026\/02\/AR_39_FO_15-768x1159.jpg 768w, https:\/\/ricardterre.com\/wp-content\/uploads\/2026\/02\/AR_39_FO_15-1018x1536.jpg 1018w, https:\/\/ricardterre.com\/wp-content\/uploads\/2026\/02\/AR_39_FO_15-600x906.jpg 600w, https:\/\/ricardterre.com\/wp-content\/uploads\/2026\/02\/AR_39_FO_15.jpg 1325w\" sizes=\"auto, (max-width: 678px) 100vw, 678px\" \/>\t\t\t\t\t\t\t\t\t\t\t<\/div>\n\t\t\t\t\t\t\t\t\t<\/a>\n\t\t\t\t\t\t\t<\/div>\n\t\t\t\t\t<div class=\"edgtf-gallery-image\">\n\t\t\t\t\t\t\t\t\t<a href=\"https:\/\/ricardterre.com\/wp-content\/uploads\/2026\/02\/AR_37_FO_20.jpg\" data-rel=\"lightbox-image-cHJldHR5UGhvdG9bc2luZ2xlX3ByZXR0eV9waG90b10=\" data-rl_title=\"\" data-rl_caption=\"\" title=\"\">\n\t\t\t\t\t\t\t\t\t\t<div class=\"edgtf-ig-image-holder\">\n\t\t\t\t\t\t\t\t\t\t\t\t\t<img loading=\"lazy\" decoding=\"async\" width=\"673\" height=\"1024\" src=\"https:\/\/ricardterre.com\/wp-content\/uploads\/2026\/02\/AR_37_FO_20-673x1024.jpg\" class=\"attachment-large size-large\" alt=\"\" srcset=\"https:\/\/ricardterre.com\/wp-content\/uploads\/2026\/02\/AR_37_FO_20-673x1024.jpg 673w, https:\/\/ricardterre.com\/wp-content\/uploads\/2026\/02\/AR_37_FO_20-197x300.jpg 197w, https:\/\/ricardterre.com\/wp-content\/uploads\/2026\/02\/AR_37_FO_20-768x1168.jpg 768w, https:\/\/ricardterre.com\/wp-content\/uploads\/2026\/02\/AR_37_FO_20-1010x1536.jpg 1010w, https:\/\/ricardterre.com\/wp-content\/uploads\/2026\/02\/AR_37_FO_20-600x913.jpg 600w, https:\/\/ricardterre.com\/wp-content\/uploads\/2026\/02\/AR_37_FO_20.jpg 1315w\" sizes=\"auto, (max-width: 673px) 100vw, 673px\" \/>\t\t\t\t\t\t\t\t\t\t\t<\/div>\n\t\t\t\t\t\t\t\t\t<\/a>\n\t\t\t\t\t\t\t<\/div>\n\t\t\t\t\t<div class=\"edgtf-gallery-image\">\n\t\t\t\t\t\t\t\t\t<a href=\"https:\/\/ricardterre.com\/wp-content\/uploads\/2026\/02\/AR_37_FO_12.jpg\" data-rel=\"lightbox-image-cHJldHR5UGhvdG9bc2luZ2xlX3ByZXR0eV9waG90b10=\" data-rl_title=\"\" data-rl_caption=\"\" title=\"\">\n\t\t\t\t\t\t\t\t\t\t<div class=\"edgtf-ig-image-holder\">\n\t\t\t\t\t\t\t\t\t\t\t\t\t<img loading=\"lazy\" decoding=\"async\" width=\"680\" height=\"1024\" src=\"https:\/\/ricardterre.com\/wp-content\/uploads\/2026\/02\/AR_37_FO_12-680x1024.jpg\" class=\"attachment-large size-large\" alt=\"\" srcset=\"https:\/\/ricardterre.com\/wp-content\/uploads\/2026\/02\/AR_37_FO_12-680x1024.jpg 680w, https:\/\/ricardterre.com\/wp-content\/uploads\/2026\/02\/AR_37_FO_12-199x300.jpg 199w, https:\/\/ricardterre.com\/wp-content\/uploads\/2026\/02\/AR_37_FO_12-768x1156.jpg 768w, https:\/\/ricardterre.com\/wp-content\/uploads\/2026\/02\/AR_37_FO_12-1021x1536.jpg 1021w, https:\/\/ricardterre.com\/wp-content\/uploads\/2026\/02\/AR_37_FO_12-600x903.jpg 600w, https:\/\/ricardterre.com\/wp-content\/uploads\/2026\/02\/AR_37_FO_12.jpg 1329w\" sizes=\"auto, (max-width: 680px) 100vw, 680px\" \/>\t\t\t\t\t\t\t\t\t\t\t<\/div>\n\t\t\t\t\t\t\t\t\t<\/a>\n\t\t\t\t\t\t\t<\/div>\n\t\t\t\t\t<div class=\"edgtf-gallery-image\">\n\t\t\t\t\t\t\t\t\t<a href=\"https:\/\/ricardterre.com\/wp-content\/uploads\/2026\/02\/AR_39_FO_22.jpg\" data-rel=\"lightbox-image-cHJldHR5UGhvdG9bc2luZ2xlX3ByZXR0eV9waG90b10=\" data-rl_title=\"\" data-rl_caption=\"\" title=\"\">\n\t\t\t\t\t\t\t\t\t\t<div class=\"edgtf-ig-image-holder\">\n\t\t\t\t\t\t\t\t\t\t\t\t\t<img loading=\"lazy\" decoding=\"async\" width=\"676\" height=\"1024\" src=\"https:\/\/ricardterre.com\/wp-content\/uploads\/2026\/02\/AR_39_FO_22-676x1024.jpg\" class=\"attachment-large size-large\" alt=\"\" srcset=\"https:\/\/ricardterre.com\/wp-content\/uploads\/2026\/02\/AR_39_FO_22-676x1024.jpg 676w, https:\/\/ricardterre.com\/wp-content\/uploads\/2026\/02\/AR_39_FO_22-198x300.jpg 198w, https:\/\/ricardterre.com\/wp-content\/uploads\/2026\/02\/AR_39_FO_22-768x1164.jpg 768w, https:\/\/ricardterre.com\/wp-content\/uploads\/2026\/02\/AR_39_FO_22-1014x1536.jpg 1014w, https:\/\/ricardterre.com\/wp-content\/uploads\/2026\/02\/AR_39_FO_22-600x909.jpg 600w, https:\/\/ricardterre.com\/wp-content\/uploads\/2026\/02\/AR_39_FO_22.jpg 1320w\" sizes=\"auto, (max-width: 676px) 100vw, 676px\" \/>\t\t\t\t\t\t\t\t\t\t\t<\/div>\n\t\t\t\t\t\t\t\t\t<\/a>\n\t\t\t\t\t\t\t<\/div>\n\t\t\t\t\t<div class=\"edgtf-gallery-image\">\n\t\t\t\t\t\t\t\t\t<a href=\"https:\/\/ricardterre.com\/wp-content\/uploads\/2026\/02\/AR_37_FO_14.jpg\" data-rel=\"lightbox-image-cHJldHR5UGhvdG9bc2luZ2xlX3ByZXR0eV9waG90b10=\" data-rl_title=\"\" data-rl_caption=\"\" title=\"\">\n\t\t\t\t\t\t\t\t\t\t<div class=\"edgtf-ig-image-holder\">\n\t\t\t\t\t\t\t\t\t\t\t\t\t<img loading=\"lazy\" decoding=\"async\" width=\"677\" height=\"1024\" src=\"https:\/\/ricardterre.com\/wp-content\/uploads\/2026\/02\/AR_37_FO_14-677x1024.jpg\" class=\"attachment-large size-large\" alt=\"\" srcset=\"https:\/\/ricardterre.com\/wp-content\/uploads\/2026\/02\/AR_37_FO_14-677x1024.jpg 677w, https:\/\/ricardterre.com\/wp-content\/uploads\/2026\/02\/AR_37_FO_14-198x300.jpg 198w, https:\/\/ricardterre.com\/wp-content\/uploads\/2026\/02\/AR_37_FO_14-768x1161.jpg 768w, https:\/\/ricardterre.com\/wp-content\/uploads\/2026\/02\/AR_37_FO_14-1016x1536.jpg 1016w, https:\/\/ricardterre.com\/wp-content\/uploads\/2026\/02\/AR_37_FO_14-600x907.jpg 600w, https:\/\/ricardterre.com\/wp-content\/uploads\/2026\/02\/AR_37_FO_14.jpg 1323w\" sizes=\"auto, (max-width: 677px) 100vw, 677px\" \/>\t\t\t\t\t\t\t\t\t\t\t<\/div>\n\t\t\t\t\t\t\t\t\t<\/a>\n\t\t\t\t\t\t\t<\/div>\n\t\t\t\t\t<div class=\"edgtf-gallery-image\">\n\t\t\t\t\t\t\t\t\t<a href=\"https:\/\/ricardterre.com\/wp-content\/uploads\/2026\/02\/AR_37_FO_04.jpg\" data-rel=\"lightbox-image-cHJldHR5UGhvdG9bc2luZ2xlX3ByZXR0eV9waG90b10=\" data-rl_title=\"\" data-rl_caption=\"\" title=\"\">\n\t\t\t\t\t\t\t\t\t\t<div class=\"edgtf-ig-image-holder\">\n\t\t\t\t\t\t\t\t\t\t\t\t\t<img loading=\"lazy\" decoding=\"async\" width=\"679\" height=\"1024\" src=\"https:\/\/ricardterre.com\/wp-content\/uploads\/2026\/02\/AR_37_FO_04-679x1024.jpg\" class=\"attachment-large size-large\" alt=\"\" srcset=\"https:\/\/ricardterre.com\/wp-content\/uploads\/2026\/02\/AR_37_FO_04-679x1024.jpg 679w, https:\/\/ricardterre.com\/wp-content\/uploads\/2026\/02\/AR_37_FO_04-199x300.jpg 199w, https:\/\/ricardterre.com\/wp-content\/uploads\/2026\/02\/AR_37_FO_04-768x1158.jpg 768w, https:\/\/ricardterre.com\/wp-content\/uploads\/2026\/02\/AR_37_FO_04-1018x1536.jpg 1018w, https:\/\/ricardterre.com\/wp-content\/uploads\/2026\/02\/AR_37_FO_04-600x905.jpg 600w, https:\/\/ricardterre.com\/wp-content\/uploads\/2026\/02\/AR_37_FO_04.jpg 1326w\" sizes=\"auto, (max-width: 679px) 100vw, 679px\" \/>\t\t\t\t\t\t\t\t\t\t\t<\/div>\n\t\t\t\t\t\t\t\t\t<\/a>\n\t\t\t\t\t\t\t<\/div>\n\t\t\t\t\t<div class=\"edgtf-gallery-image\">\n\t\t\t\t\t\t\t\t\t<a href=\"https:\/\/ricardterre.com\/wp-content\/uploads\/2026\/02\/AR_39_FO_23.jpg\" data-rel=\"lightbox-image-cHJldHR5UGhvdG9bc2luZ2xlX3ByZXR0eV9waG90b10=\" data-rl_title=\"\" data-rl_caption=\"\" title=\"\">\n\t\t\t\t\t\t\t\t\t\t<div class=\"edgtf-ig-image-holder\">\n\t\t\t\t\t\t\t\t\t\t\t\t\t<img loading=\"lazy\" decoding=\"async\" width=\"679\" height=\"1024\" src=\"https:\/\/ricardterre.com\/wp-content\/uploads\/2026\/02\/AR_39_FO_23-679x1024.jpg\" class=\"attachment-large size-large\" alt=\"\" srcset=\"https:\/\/ricardterre.com\/wp-content\/uploads\/2026\/02\/AR_39_FO_23-679x1024.jpg 679w, https:\/\/ricardterre.com\/wp-content\/uploads\/2026\/02\/AR_39_FO_23-199x300.jpg 199w, https:\/\/ricardterre.com\/wp-content\/uploads\/2026\/02\/AR_39_FO_23-768x1158.jpg 768w, https:\/\/ricardterre.com\/wp-content\/uploads\/2026\/02\/AR_39_FO_23-1018x1536.jpg 1018w, https:\/\/ricardterre.com\/wp-content\/uploads\/2026\/02\/AR_39_FO_23-600x905.jpg 600w, https:\/\/ricardterre.com\/wp-content\/uploads\/2026\/02\/AR_39_FO_23.jpg 1326w\" sizes=\"auto, (max-width: 679px) 100vw, 679px\" \/>\t\t\t\t\t\t\t\t\t\t\t<\/div>\n\t\t\t\t\t\t\t\t\t<\/a>\n\t\t\t\t\t\t\t<\/div>\n\t\t\t\t\t<div class=\"edgtf-gallery-image\">\n\t\t\t\t\t\t\t\t\t<a href=\"https:\/\/ricardterre.com\/wp-content\/uploads\/2026\/02\/AR_143_FO_07.jpg\" data-rel=\"lightbox-image-cHJldHR5UGhvdG9bc2luZ2xlX3ByZXR0eV9waG90b10=\" data-rl_title=\"\" data-rl_caption=\"\" title=\"\">\n\t\t\t\t\t\t\t\t\t\t<div class=\"edgtf-ig-image-holder\">\n\t\t\t\t\t\t\t\t\t\t\t\t\t<img loading=\"lazy\" decoding=\"async\" width=\"692\" height=\"1024\" src=\"https:\/\/ricardterre.com\/wp-content\/uploads\/2026\/02\/AR_143_FO_07-692x1024.jpg\" class=\"attachment-large size-large\" alt=\"\" srcset=\"https:\/\/ricardterre.com\/wp-content\/uploads\/2026\/02\/AR_143_FO_07-692x1024.jpg 692w, https:\/\/ricardterre.com\/wp-content\/uploads\/2026\/02\/AR_143_FO_07-203x300.jpg 203w, https:\/\/ricardterre.com\/wp-content\/uploads\/2026\/02\/AR_143_FO_07-768x1136.jpg 768w, https:\/\/ricardterre.com\/wp-content\/uploads\/2026\/02\/AR_143_FO_07-1038x1536.jpg 1038w, https:\/\/ricardterre.com\/wp-content\/uploads\/2026\/02\/AR_143_FO_07-600x888.jpg 600w, https:\/\/ricardterre.com\/wp-content\/uploads\/2026\/02\/AR_143_FO_07.jpg 1352w\" sizes=\"auto, (max-width: 692px) 100vw, 692px\" \/>\t\t\t\t\t\t\t\t\t\t\t<\/div>\n\t\t\t\t\t\t\t\t\t<\/a>\n\t\t\t\t\t\t\t<\/div>\n\t\t\t\t\t<div class=\"edgtf-gallery-image\">\n\t\t\t\t\t\t\t\t\t<a href=\"https:\/\/ricardterre.com\/wp-content\/uploads\/2026\/02\/AR_143_FO_13.jpg\" data-rel=\"lightbox-image-cHJldHR5UGhvdG9bc2luZ2xlX3ByZXR0eV9waG90b10=\" data-rl_title=\"\" data-rl_caption=\"\" title=\"\">\n\t\t\t\t\t\t\t\t\t\t<div class=\"edgtf-ig-image-holder\">\n\t\t\t\t\t\t\t\t\t\t\t\t\t<img loading=\"lazy\" decoding=\"async\" width=\"691\" height=\"1024\" src=\"https:\/\/ricardterre.com\/wp-content\/uploads\/2026\/02\/AR_143_FO_13-691x1024.jpg\" class=\"attachment-large size-large\" alt=\"\" srcset=\"https:\/\/ricardterre.com\/wp-content\/uploads\/2026\/02\/AR_143_FO_13-691x1024.jpg 691w, https:\/\/ricardterre.com\/wp-content\/uploads\/2026\/02\/AR_143_FO_13-203x300.jpg 203w, https:\/\/ricardterre.com\/wp-content\/uploads\/2026\/02\/AR_143_FO_13-768x1138.jpg 768w, https:\/\/ricardterre.com\/wp-content\/uploads\/2026\/02\/AR_143_FO_13-1037x1536.jpg 1037w, https:\/\/ricardterre.com\/wp-content\/uploads\/2026\/02\/AR_143_FO_13-600x889.jpg 600w, https:\/\/ricardterre.com\/wp-content\/uploads\/2026\/02\/AR_143_FO_13.jpg 1350w\" sizes=\"auto, (max-width: 691px) 100vw, 691px\" \/>\t\t\t\t\t\t\t\t\t\t\t<\/div>\n\t\t\t\t\t\t\t\t\t<\/a>\n\t\t\t\t\t\t\t<\/div>\n\t\t\t\t\t<div class=\"edgtf-gallery-image\">\n\t\t\t\t\t\t\t\t\t<a href=\"https:\/\/ricardterre.com\/wp-content\/uploads\/2026\/02\/AR_143_FO_25.jpg\" data-rel=\"lightbox-image-cHJldHR5UGhvdG9bc2luZ2xlX3ByZXR0eV9waG90b10=\" data-rl_title=\"\" data-rl_caption=\"\" title=\"\">\n\t\t\t\t\t\t\t\t\t\t<div class=\"edgtf-ig-image-holder\">\n\t\t\t\t\t\t\t\t\t\t\t\t\t<img loading=\"lazy\" decoding=\"async\" width=\"693\" height=\"1024\" src=\"https:\/\/ricardterre.com\/wp-content\/uploads\/2026\/02\/AR_143_FO_25-693x1024.jpg\" class=\"attachment-large size-large\" alt=\"\" srcset=\"https:\/\/ricardterre.com\/wp-content\/uploads\/2026\/02\/AR_143_FO_25-693x1024.jpg 693w, https:\/\/ricardterre.com\/wp-content\/uploads\/2026\/02\/AR_143_FO_25-203x300.jpg 203w, https:\/\/ricardterre.com\/wp-content\/uploads\/2026\/02\/AR_143_FO_25-768x1134.jpg 768w, https:\/\/ricardterre.com\/wp-content\/uploads\/2026\/02\/AR_143_FO_25-1040x1536.jpg 1040w, https:\/\/ricardterre.com\/wp-content\/uploads\/2026\/02\/AR_143_FO_25-600x886.jpg 600w, https:\/\/ricardterre.com\/wp-content\/uploads\/2026\/02\/AR_143_FO_25.jpg 1354w\" sizes=\"auto, (max-width: 693px) 100vw, 693px\" \/>\t\t\t\t\t\t\t\t\t\t\t<\/div>\n\t\t\t\t\t\t\t\t\t<\/a>\n\t\t\t\t\t\t\t<\/div>\n\t\t\t<\/div>\n<\/div>\n<\/div><\/div><\/div><div class=\"wpb_column vc_column_container vc_col-sm-3\"><div class=\"vc_column-inner\"><div class=\"wpb_wrapper\">\n\t<div class=\"wpb_text_column wpb_content_element vc_custom_1776447696249\" >\n\t\t<div class=\"wpb_wrapper\">\n\t\t\t<h1 class=\"western\" style=\"text-align: left;\">Deep in Galicia<\/h1>\n<p>&nbsp;<\/p>\n\n\t\t<\/div>\n\t<\/div>\n\n\t<div class=\"wpb_text_column wpb_content_element vc_custom_1776447740680\" >\n\t\t<div class=\"wpb_wrapper\">\n\t\t\t<p style=\"text-align: left;\">In April 1959, Ricard Terr\u00e9 left his management position at the two textile companies for which he worked in Barcelona and moved with his family to live in Galicia. Ricard worked for a few years as a sales representative, a job that took him all over Galicia, a land that surprised him, both for its landscapes and for the culture of its people. Just as other colleagues were preparing their photobooks in those early years of the 1960s, Terr\u00e9 was collecting images for a book about Galicia, <i>\u201clove for the land and family\u201d <\/i>as he explained in a letter. He never stopped photographing Galicia, and his subjects, beyond those photographs focused on rites or Carnival, extend to everyday life and landscapes.<\/p>\n<p>&nbsp;<\/p>\n\n\t\t<\/div>\n\t<\/div>\n<\/div><\/div><\/div><\/div><\/div>\n<\/div>","protected":false},"excerpt":{"rendered":"Galicia adentro &nbsp; En el mes de abril de 1959 Ricard Terr\u00e9 deja su trabajo de gerente en las dos sociedades textiles para las que trabajaba en Barcelona y se traslad\u00f3 a con su familia a vivir a Galicia. Ricard trabaj\u00f3 durante unos a\u00f1os como...","protected":false},"author":1,"featured_media":0,"parent":0,"menu_order":0,"comment_status":"closed","ping_status":"closed","template":"","meta":{"ngg_post_thumbnail":0,"footnotes":""},"class_list":["post-8288","page","type-page","status-publish","hentry"],"_links":{"self":[{"href":"https:\/\/ricardterre.com\/en\/wp-json\/wp\/v2\/pages\/8288","targetHints":{"allow":["GET"]}}],"collection":[{"href":"https:\/\/ricardterre.com\/en\/wp-json\/wp\/v2\/pages"}],"about":[{"href":"https:\/\/ricardterre.com\/en\/wp-json\/wp\/v2\/types\/page"}],"author":[{"embeddable":true,"href":"https:\/\/ricardterre.com\/en\/wp-json\/wp\/v2\/users\/1"}],"replies":[{"embeddable":true,"href":"https:\/\/ricardterre.com\/en\/wp-json\/wp\/v2\/comments?post=8288"}],"version-history":[{"count":13,"href":"https:\/\/ricardterre.com\/en\/wp-json\/wp\/v2\/pages\/8288\/revisions"}],"predecessor-version":[{"id":8474,"href":"https:\/\/ricardterre.com\/en\/wp-json\/wp\/v2\/pages\/8288\/revisions\/8474"}],"wp:attachment":[{"href":"https:\/\/ricardterre.com\/en\/wp-json\/wp\/v2\/media?parent=8288"}],"curies":[{"name":"wp","href":"https:\/\/api.w.org\/{rel}","templated":true}]}}