{"id":7874,"date":"2026-02-04T19:52:15","date_gmt":"2026-02-04T18:52:15","guid":{"rendered":"http:\/\/ricardterre.com\/?page_id=7874"},"modified":"2026-04-27T16:28:54","modified_gmt":"2026-04-27T14:28:54","slug":"exposiciones-individuales","status":"publish","type":"page","link":"https:\/\/ricardterre.com\/en\/exposiciones-individuales\/","title":{"rendered":"Solo exhibitions"},"content":{"rendered":"<div class=\"wpb-content-wrapper\"><div class=\"vc_row wpb_row vc_row-fluid edgtf-section vc_custom_1500042329595 edgtf-content-aligment-left edgtf-grid-section\" style=\"\"><div class=\"clearfix edgtf-section-inner\"><div class=\"edgtf-section-inner-margin clearfix\"><div class=\"wpb_column vc_column_container vc_col-sm-3\"><div class=\"vc_column-inner\"><div class=\"wpb_wrapper\"><div class=\"edgtf-image-with-text edgtf-iwt-text-left-aligned\">\n\t<div class=\"edgtf-iwt-image\">\n\t\t\n\t\t\t<img loading=\"lazy\" decoding=\"async\" width=\"282\" height=\"300\" src=\"https:\/\/ricardterre.com\/wp-content\/uploads\/2026\/02\/8-255-1-282x300.jpg\" class=\"attachment-medium size-medium\" alt=\"\" srcset=\"https:\/\/ricardterre.com\/wp-content\/uploads\/2026\/02\/8-255-1-282x300.jpg 282w, https:\/\/ricardterre.com\/wp-content\/uploads\/2026\/02\/8-255-1-962x1024.jpg 962w, https:\/\/ricardterre.com\/wp-content\/uploads\/2026\/02\/8-255-1-768x817.jpg 768w, https:\/\/ricardterre.com\/wp-content\/uploads\/2026\/02\/8-255-1-1443x1536.jpg 1443w, https:\/\/ricardterre.com\/wp-content\/uploads\/2026\/02\/8-255-1-600x639.jpg 600w, https:\/\/ricardterre.com\/wp-content\/uploads\/2026\/02\/8-255-1.jpg 1879w\" sizes=\"auto, (max-width: 282px) 100vw, 282px\" \/>\n\t\t\t<\/div>\n\t<div class=\"edgtf-iwt-text\">\n\t\t<div class=\"edgtf-separator-holder clearfix  edgtf-separator-center edgtf-separator-normal\">\n\t<div class=\"edgtf-separator\" style=\"border-style: solid\"><\/div>\n<\/div>\n\t\t\t\t\t<h5 class=\"edgtf-iwt-title\" >\n\t\t\t\tExposici\u00f3n ABC en DEF\t\t\t<\/h5>\n\t\t\t\t\t\t\t<p class=\"edgtf-iwt-content\">\n\t\t\t\tUna exposici\u00f3n bla bla bla bla bla bla bla bla bla bla bla bla bla bla bla bla. Blelelelelelel. Pim pam pum.\t\t\t<\/p>\n\t\t\t\t\t\t\t<a class=\"edgtf-iwt-link\" href=\"https:\/\/www.realacademiabellasartessanfernando.com\/actividades\/exposiciones\/la-mirada-reflexiva-de-ricard-terre\/\" target=\"_self\">\n\t\t\t\tLink rese\u00f1a expo\t\t\t<\/a>\n\t\t\t<\/div>\n<\/div>\n<\/div><\/div><\/div><div class=\"wpb_column vc_column_container vc_col-sm-3\"><div class=\"vc_column-inner\"><div class=\"wpb_wrapper\"><div class=\"edgtf-image-with-text edgtf-iwt-text-left-aligned\">\n\t<div class=\"edgtf-iwt-image\">\n\t\t\n\t\t\t<img loading=\"lazy\" decoding=\"async\" width=\"282\" height=\"300\" src=\"https:\/\/ricardterre.com\/wp-content\/uploads\/2026\/02\/8-255-1-282x300.jpg\" class=\"attachment-medium size-medium\" alt=\"\" srcset=\"https:\/\/ricardterre.com\/wp-content\/uploads\/2026\/02\/8-255-1-282x300.jpg 282w, https:\/\/ricardterre.com\/wp-content\/uploads\/2026\/02\/8-255-1-962x1024.jpg 962w, https:\/\/ricardterre.com\/wp-content\/uploads\/2026\/02\/8-255-1-768x817.jpg 768w, https:\/\/ricardterre.com\/wp-content\/uploads\/2026\/02\/8-255-1-1443x1536.jpg 1443w, https:\/\/ricardterre.com\/wp-content\/uploads\/2026\/02\/8-255-1-600x639.jpg 600w, https:\/\/ricardterre.com\/wp-content\/uploads\/2026\/02\/8-255-1.jpg 1879w\" sizes=\"auto, (max-width: 282px) 100vw, 282px\" \/>\n\t\t\t<\/div>\n\t<div class=\"edgtf-iwt-text\">\n\t\t<div class=\"edgtf-separator-holder clearfix  edgtf-separator-center edgtf-separator-normal\">\n\t<div class=\"edgtf-separator\" style=\"border-style: solid\"><\/div>\n<\/div>\n\t\t\t\t\t<h5 class=\"edgtf-iwt-title\" >\n\t\t\t\tExposici\u00f3n ABC en DEF\t\t\t<\/h5>\n\t\t\t\t\t\t\t<p class=\"edgtf-iwt-content\">\n\t\t\t\tUna exposici&oacute;n bla bla bla bla bla bla bla bla bla bla bla bla bla bla bla bla .&lt;br \/&gt;\nBleleleleleleleleele&lt;br \/&gt;\nPopopopo\t\t\t<\/p>\n\t\t\t\t\t\t\t<a class=\"edgtf-iwt-link\" href=\"https:\/\/www.realacademiabellasartessanfernando.com\/actividades\/exposiciones\/la-mirada-reflexiva-de-ricard-terre\/\" target=\"_self\">\n\t\t\t\tLink rese\u00f1a expo\t\t\t<\/a>\n\t\t\t<\/div>\n<\/div>\n<\/div><\/div><\/div><div class=\"wpb_column vc_column_container vc_col-sm-3\"><div class=\"vc_column-inner\"><div class=\"wpb_wrapper\"><div class=\"edgtf-image-with-text edgtf-iwt-text-left-aligned\">\n\t<div class=\"edgtf-iwt-image\">\n\t\t\n\t\t\t<img loading=\"lazy\" decoding=\"async\" width=\"282\" height=\"300\" src=\"https:\/\/ricardterre.com\/wp-content\/uploads\/2026\/02\/8-255-1-282x300.jpg\" class=\"attachment-medium size-medium\" alt=\"\" srcset=\"https:\/\/ricardterre.com\/wp-content\/uploads\/2026\/02\/8-255-1-282x300.jpg 282w, https:\/\/ricardterre.com\/wp-content\/uploads\/2026\/02\/8-255-1-962x1024.jpg 962w, https:\/\/ricardterre.com\/wp-content\/uploads\/2026\/02\/8-255-1-768x817.jpg 768w, https:\/\/ricardterre.com\/wp-content\/uploads\/2026\/02\/8-255-1-1443x1536.jpg 1443w, https:\/\/ricardterre.com\/wp-content\/uploads\/2026\/02\/8-255-1-600x639.jpg 600w, https:\/\/ricardterre.com\/wp-content\/uploads\/2026\/02\/8-255-1.jpg 1879w\" sizes=\"auto, (max-width: 282px) 100vw, 282px\" \/>\n\t\t\t<\/div>\n\t<div class=\"edgtf-iwt-text\">\n\t\t<div class=\"edgtf-separator-holder clearfix  edgtf-separator-center edgtf-separator-normal\">\n\t<div class=\"edgtf-separator\" style=\"border-style: solid\"><\/div>\n<\/div>\n\t\t\t\t\t<h5 class=\"edgtf-iwt-title\" >\n\t\t\t\tExposici\u00f3n ABC en DEF\t\t\t<\/h5>\n\t\t\t\t\t\t\t<p class=\"edgtf-iwt-content\">\n\t\t\t\tUna exposici&oacute;n bla bla bla bla bla bla bla bla bla bla bla bla bla bla bla bla .&lt;br \/&gt;\nBleleleleleleleleele&lt;br \/&gt;\nPopopopo\t\t\t<\/p>\n\t\t\t\t\t\t\t<a class=\"edgtf-iwt-link\" href=\"https:\/\/www.realacademiabellasartessanfernando.com\/actividades\/exposiciones\/la-mirada-reflexiva-de-ricard-terre\/\" target=\"_self\">\n\t\t\t\tLink rese\u00f1a expo\t\t\t<\/a>\n\t\t\t<\/div>\n<\/div>\n<\/div><\/div><\/div><div class=\"wpb_column vc_column_container vc_col-sm-3\"><div class=\"vc_column-inner\"><div class=\"wpb_wrapper\"><div class=\"edgtf-image-with-text edgtf-iwt-text-left-aligned\">\n\t<div class=\"edgtf-iwt-image\">\n\t\t\n\t\t\t<img loading=\"lazy\" decoding=\"async\" width=\"282\" height=\"300\" src=\"https:\/\/ricardterre.com\/wp-content\/uploads\/2026\/02\/8-255-1-282x300.jpg\" class=\"attachment-medium size-medium\" alt=\"\" srcset=\"https:\/\/ricardterre.com\/wp-content\/uploads\/2026\/02\/8-255-1-282x300.jpg 282w, https:\/\/ricardterre.com\/wp-content\/uploads\/2026\/02\/8-255-1-962x1024.jpg 962w, https:\/\/ricardterre.com\/wp-content\/uploads\/2026\/02\/8-255-1-768x817.jpg 768w, https:\/\/ricardterre.com\/wp-content\/uploads\/2026\/02\/8-255-1-1443x1536.jpg 1443w, https:\/\/ricardterre.com\/wp-content\/uploads\/2026\/02\/8-255-1-600x639.jpg 600w, https:\/\/ricardterre.com\/wp-content\/uploads\/2026\/02\/8-255-1.jpg 1879w\" sizes=\"auto, (max-width: 282px) 100vw, 282px\" \/>\n\t\t\t<\/div>\n\t<div class=\"edgtf-iwt-text\">\n\t\t<div class=\"edgtf-separator-holder clearfix  edgtf-separator-center edgtf-separator-normal\">\n\t<div class=\"edgtf-separator\" style=\"border-style: solid\"><\/div>\n<\/div>\n\t\t\t\t\t<h5 class=\"edgtf-iwt-title\" >\n\t\t\t\tExposici\u00f3n ABC en DEF\t\t\t<\/h5>\n\t\t\t\t\t\t\t<p class=\"edgtf-iwt-content\">\n\t\t\t\tUna exposici&oacute;n bla bla bla bla bla bla bla bla bla bla bla bla bla bla bla bla .&lt;br \/&gt;\nBleleleleleleleleele&lt;br \/&gt;\nPopopopo\t\t\t<\/p>\n\t\t\t\t\t\t\t<a class=\"edgtf-iwt-link\" href=\"https:\/\/www.realacademiabellasartessanfernando.com\/actividades\/exposiciones\/la-mirada-reflexiva-de-ricard-terre\/\" target=\"_self\">\n\t\t\t\tLink rese\u00f1a expo\t\t\t<\/a>\n\t\t\t<\/div>\n<\/div>\n<\/div><\/div><\/div><\/div><\/div><\/div>\n<\/div>","protected":false},"excerpt":{"rendered":"Exposici\u00f3n ABC en DEF Una exposici\u00f3n bla bla bla bla bla bla bla bla bla bla bla bla bla bla bla bla. Blelelelelelel. Pim pam pum. Link rese\u00f1a expo Exposici\u00f3n ABC en DEF Una exposici\u00f3n bla bla bla bla bla bla bla bla bla bla...","protected":false},"author":1,"featured_media":0,"parent":0,"menu_order":0,"comment_status":"closed","ping_status":"closed","template":"full-width.php","meta":{"ngg_post_thumbnail":0,"footnotes":""},"class_list":["post-7874","page","type-page","status-publish","hentry"],"_links":{"self":[{"href":"https:\/\/ricardterre.com\/en\/wp-json\/wp\/v2\/pages\/7874","targetHints":{"allow":["GET"]}}],"collection":[{"href":"https:\/\/ricardterre.com\/en\/wp-json\/wp\/v2\/pages"}],"about":[{"href":"https:\/\/ricardterre.com\/en\/wp-json\/wp\/v2\/types\/page"}],"author":[{"embeddable":true,"href":"https:\/\/ricardterre.com\/en\/wp-json\/wp\/v2\/users\/1"}],"replies":[{"embeddable":true,"href":"https:\/\/ricardterre.com\/en\/wp-json\/wp\/v2\/comments?post=7874"}],"version-history":[{"count":7,"href":"https:\/\/ricardterre.com\/en\/wp-json\/wp\/v2\/pages\/7874\/revisions"}],"predecessor-version":[{"id":8604,"href":"https:\/\/ricardterre.com\/en\/wp-json\/wp\/v2\/pages\/7874\/revisions\/8604"}],"wp:attachment":[{"href":"https:\/\/ricardterre.com\/en\/wp-json\/wp\/v2\/media?parent=7874"}],"curies":[{"name":"wp","href":"https:\/\/api.w.org\/{rel}","templated":true}]}}