{"id":7872,"date":"2026-02-04T19:52:24","date_gmt":"2026-02-04T18:52:24","guid":{"rendered":"http:\/\/ricardterre.com\/?page_id=7872"},"modified":"2026-04-18T14:18:40","modified_gmt":"2026-04-18T12:18:40","slug":"publicaciones","status":"publish","type":"page","link":"https:\/\/ricardterre.com\/en\/publicaciones\/","title":{"rendered":"Publications"},"content":{"rendered":"<div class=\"wpb-content-wrapper\"><div class=\"vc_row wpb_row vc_row-fluid edgtf-section vc_custom_1500042329595 edgtf-content-aligment-left edgtf-grid-section\" style=\"\"><div class=\"clearfix edgtf-section-inner\"><div class=\"edgtf-section-inner-margin clearfix\"><div class=\"wpb_column vc_column_container vc_col-sm-4\"><div class=\"vc_column-inner\"><div class=\"wpb_wrapper\">\n\t<div class=\"wpb_text_column wpb_content_element\" >\n\t\t<div class=\"wpb_wrapper\">\n\t\t\t<h1>&nbsp;<\/h1>\n<h1 style=\"text-align: center;\"><a href=\"https:\/\/ricardterre.com\/en\/publicaciones\/articulos\/\">Articles<\/a><\/h1>\n<p>&nbsp;<\/p>\n\n\t\t<\/div>\n\t<\/div>\n\n\t<div class=\"wpb_text_column wpb_content_element\" >\n\t\t<div class=\"wpb_wrapper\">\n\t\t\t<p style=\"text-align: center;\">Press articles about Ricard Terr\u00e9.<\/p>\n\n\t\t<\/div>\n\t<\/div>\n<\/div><\/div><\/div><div class=\"wpb_column vc_column_container vc_col-sm-4\"><div class=\"vc_column-inner\"><div class=\"wpb_wrapper\">\n\t<div class=\"wpb_text_column wpb_content_element\" >\n\t\t<div class=\"wpb_wrapper\">\n\t\t\t<h1>&nbsp;<\/h1>\n<h1 style=\"text-align: center;\"><a href=\"https:\/\/ricardterre.com\/en\/publicaciones\/monografias\/\">Monographs<\/a><\/h1>\n<p>&nbsp;<\/p>\n\n\t\t<\/div>\n\t<\/div>\n\n\t<div class=\"wpb_text_column wpb_content_element\" >\n\t\t<div class=\"wpb_wrapper\">\n\t\t\t<p style=\"text-align: center;\">Monographic books on Ricard Terr\u00e9.<\/p>\n<p>&nbsp;<\/p>\n\n\t\t<\/div>\n\t<\/div>\n<\/div><\/div><\/div><div class=\"wpb_column vc_column_container vc_col-sm-4\"><div class=\"vc_column-inner\"><div class=\"wpb_wrapper\">\n\t<div class=\"wpb_text_column wpb_content_element\" >\n\t\t<div class=\"wpb_wrapper\">\n\t\t\t<h1>&nbsp;<\/h1>\n<h1 style=\"text-align: center;\"><a href=\"https:\/\/ricardterre.com\/en\/publicaciones\/obras-colectivas\/\">Collected Works<\/a><\/h1>\n<p>&nbsp;<\/p>\n\n\t\t<\/div>\n\t<\/div>\n\n\t<div class=\"wpb_text_column wpb_content_element\" >\n\t\t<div class=\"wpb_wrapper\">\n\t\t\t<p style=\"text-align: center;\">National and international publications featuring the work of Ricard Terr\u00e9.<\/p>\n<p>&nbsp;<\/p>\n<p>&nbsp;<\/p>\n\n\t\t<\/div>\n\t<\/div>\n<\/div><\/div><\/div><\/div><\/div><\/div>\n<\/div>","protected":false},"excerpt":{"rendered":"&nbsp; Art\u00edculos &nbsp; Art\u00edculos de prensa sobre Ricard Terr\u00e9. &nbsp; Monograf\u00edas &nbsp; Libros monogr\u00e1ficos sobre Ricard Terr\u00e9. &nbsp; &nbsp; Obras Colectivas &nbsp; Publicaciones nacionales e internacionales donde aparece la obra de Ricard Terr\u00e9. &nbsp; &nbsp;","protected":false},"author":1,"featured_media":0,"parent":0,"menu_order":0,"comment_status":"closed","ping_status":"closed","template":"full-width.php","meta":{"ngg_post_thumbnail":0,"footnotes":""},"class_list":["post-7872","page","type-page","status-publish","hentry"],"_links":{"self":[{"href":"https:\/\/ricardterre.com\/en\/wp-json\/wp\/v2\/pages\/7872","targetHints":{"allow":["GET"]}}],"collection":[{"href":"https:\/\/ricardterre.com\/en\/wp-json\/wp\/v2\/pages"}],"about":[{"href":"https:\/\/ricardterre.com\/en\/wp-json\/wp\/v2\/types\/page"}],"author":[{"embeddable":true,"href":"https:\/\/ricardterre.com\/en\/wp-json\/wp\/v2\/users\/1"}],"replies":[{"embeddable":true,"href":"https:\/\/ricardterre.com\/en\/wp-json\/wp\/v2\/comments?post=7872"}],"version-history":[{"count":11,"href":"https:\/\/ricardterre.com\/en\/wp-json\/wp\/v2\/pages\/7872\/revisions"}],"predecessor-version":[{"id":8460,"href":"https:\/\/ricardterre.com\/en\/wp-json\/wp\/v2\/pages\/7872\/revisions\/8460"}],"wp:attachment":[{"href":"https:\/\/ricardterre.com\/en\/wp-json\/wp\/v2\/media?parent=7872"}],"curies":[{"name":"wp","href":"https:\/\/api.w.org\/{rel}","templated":true}]}}